{"id":7091,"date":"2018-06-11T23:53:37","date_gmt":"2018-06-11T21:53:37","guid":{"rendered":"http:\/\/ostomaz.splet.arnes.si\/?page_id=7091"},"modified":"2018-06-13T20:32:53","modified_gmt":"2018-06-13T18:32:53","slug":"rastem-s-sportmom","status":"publish","type":"page","link":"https:\/\/ostomaz.si\/?page_id=7091","title":{"rendered":"Rastemo s \u0161portom"},"content":{"rendered":"<p>Osnovna \u0161ola Sveti Toma\u017e v sodelovanju z dm drogerie markt d.o.o. predstavlja projekt: \u00bbRastemo s \u0161portom\u00ab, ki spodbuja gibanje, \u0161portno udejstvovanje ter medsebojno dru\u017eenje osnovno\u0161olskih otrok. Na na\u0161i \u0161oli smo za u\u010dence od 1. do 6. razreda pripravili brezpla\u010dne \u0161portne urice, ki se bodo <strong>izvajale 1-krat na teden po 60 minut ali ve\u010d v obdobju od 1. 6. do 31. 10. 2018.<\/strong> U\u010denci se bodo gibali na prostem (igri\u0161\u010de pri Svetem Toma\u017eu, gozd, bazen ipd.) in v \u0161olski telovadnici v odvisnosti od vremena. \u0160portne urice bodo potekale predvidoma ob petkih, pri \u010demer udele\u017eba na vsakem sre\u010danju ni obvezna. Kljub temu pa bodo u\u010denci, ki se bodo redno udele\u017eevali \u0161portnih uric, nagrajeni s strani podjetja dm. Iniciativo za gibanje podpirajo \u0161tevilni vrhunski \u0161portniki, npr. ko\u0161arkarja Goran Dragi\u0107 in Klemen Prepeli\u010d, boksar Dejan Zavec, atlet Luka Jane\u017ei\u010d, plavalec Matja\u017e Marki\u010d, kolesar Primo\u017e Rogli\u010d in mnogi drugi. Svojo podporo bodo izkazali z obiskom \u0161portnih uric po razli\u010dnih slovenskih krajih, tudi pri nas!<\/p>\n<p>Na na\u0161i \u0161oli se je na projekt prijavilo 42 otrok, ki so bili razvr\u0161\u010deni v tri skupine. Le-te se bodo izmenjevale tedensko. Obravnavali bomo naslednje \u0161portne vsebine, ki so prav tako razvidne v spodnji tabeli: atletska abeceda, igre z \u017eogo (nogomet, rokomet, ko\u0161arka, odbojka), plavanje, pohodni\u0161tvo in gimnastika. Najmanj enkrat nas bo pri na\u0161em izvajanju obiskal tudi znani slovenski \u0161portnik (datum \u0161e ni znan).<\/p>\n<p><strong>Na\u010drt izvajanja projekta na na\u0161i \u0161oli<\/strong><\/p>\n<table style=\"height: 1583px\" width=\"682\">\n<tbody>\n<tr>\n<td width=\"141\">\n<p><strong>Skupina<\/strong><\/p>\n<p><strong>Vsebina<\/strong><\/td>\n<td width=\"154\">\n<p><strong>1.\u00a0\u00a0\u00a0\u00a0\u00a0 <\/strong><strong>SKUPINA<\/strong><\/p>\n<p>15 u\u010dencev, 1.\u20132. razred<\/td>\n<td width=\"154\">\n<p><strong>2.\u00a0\u00a0\u00a0\u00a0\u00a0 <\/strong><strong>SKUPINA<\/strong><\/p>\n<p>13 u\u010dencev, 2.\u20134. razred<\/td>\n<td width=\"154\">\n<p><strong>3.\u00a0\u00a0\u00a0\u00a0\u00a0 <\/strong><strong>SKUPINA<\/strong><\/p>\n<p>14 u\u010dencev, 3.\u20136. razred<\/td>\n<\/tr>\n<tr>\n<td width=\"141\"><em>Atletska abeceda<\/em><\/td>\n<td width=\"154\">\n<p>8. 6. 2018<\/p>\n<p>\u0160tafetne igre z elementi tekov in skokov.<\/td>\n<td width=\"154\">\n<p>15. 6. 2018<\/p>\n<p>\u0160tafetne igre z elementi tekov, skokov in metov.<\/p>\n<p>Izvedba standardiziranih vaj.<\/td>\n<td width=\"154\">\n<p>22. 6. 2018<\/p>\n<p>\u0160tafetne igre z elementi tekov, skokov in metov.<\/p>\n<p>Izvedba standardiziranih vaj.<\/td>\n<\/tr>\n<tr>\n<td width=\"141\"><em>Igre z \u017eogo \u2013 nogomet<\/em><\/td>\n<td width=\"154\">\n<p>29. 6. 2018<\/p>\n<p>Podajanje (notranji del stopala) in vodenje \u017eoge ter zadevanje tar\u010de.<\/p>\n<p>Izvedba standardiziranih vaj.<\/td>\n<td width=\"154\">\n<p>6. 7. 2018<\/p>\n<p>Podajanje (notranji del stopala) in vodenje \u017eoge ter zadevanje tar\u010de na mestu in v gibanju.<\/p>\n<p>Izvedba standardiziranih vaj.<\/td>\n<td width=\"154\">\n<p>13. 7. 2018<\/p>\n<p>Podajanje (notranji del stopala) in vodenje \u017eoge ter zadevanje tar\u010de na mestu in v gibanju.<\/p>\n<p>Izvedba standardiziranih vaj.<\/td>\n<\/tr>\n<tr>\n<td width=\"141\"><em>Igre z \u017eogo \u2013 rokomet<\/em><\/td>\n<td width=\"154\">\n<p>20. 7. 2018<\/p>\n<p>Vodenje lahke \u017eoge z eno roko na mestu in v gibanju.<\/p>\n<p>Izvedba standardiziranih vaj.<\/td>\n<td width=\"154\">\n<p>27. 7. 2018<\/p>\n<p>Podajanje in lovljenje lahke \u017eoge z eno roko v obliki poligona.<\/td>\n<td width=\"154\">\n<p>3. 8. 2018<\/p>\n<p>Komol\u010dna podaja, vodenje rokometne \u017eoge na mestu in v gibanju, tro-korak in met na gol.<\/td>\n<\/tr>\n<tr>\n<td width=\"141\"><em>Igre z \u017eogo \u2013 ko\u0161arka<\/em><\/td>\n<td width=\"154\">\n<p>10. 8. 2018<\/p>\n<p>Spretnostne \u0161tafetne igre z lahko \u017eogo.<\/p>\n<p>Izvedba standardiziranih vaj.<\/td>\n<td width=\"154\">\n<p>17. 8. 2018<\/p>\n<p>Spretnostne igre s ko\u0161arkarsko \u017eogo. Vodenje, podajanje in lovljenje ko\u0161arkarske \u017eoge.<\/p>\n<p>Izvedba standardiziranih vaj.<\/td>\n<td width=\"154\">\n<p>24. 8. 2018<\/p>\n<p>Spretnostne igre s ko\u0161arkarsko \u017eogo. Vodenje \u017eoge.<\/p>\n<p>Dvo-korak in met na ko\u0161.<\/p>\n<p>Izvedba standardiziranih vaj.<\/td>\n<\/tr>\n<tr>\n<td width=\"141\"><em>Plavalne vsebine<\/em><\/td>\n<td colspan=\"3\" width=\"463\">\n<p>31. 8. 2018 ali 7. 9. 2018 ali 14. 9. 2018 (3 ure)<\/p>\n<p>Igre v vodi. Utrjevanje plavalnega znanja. Igre po \u017eelji otrok.<\/td>\n<\/tr>\n<tr>\n<td width=\"141\">\n<p><em>Pohodni\u0161tvo<\/em><\/p>\n<p><em>Igre z \u017eogo \u2013 odbojka<\/em><\/td>\n<td colspan=\"3\" width=\"463\">\n<p>21. 9. 2018 ali 28. 9. 2018 ali 5. 10. 2018 (3 ure)<\/p>\n<p>Izvedba kraj\u0161ega pohoda z vsebinami orientacije, elementi teka in odbojke.<\/td>\n<\/tr>\n<tr>\n<td width=\"141\">\n<p><em>Gimnasti\u010dne vsebine<\/em><\/p>\n<p><strong>ali<\/strong><\/p>\n<p><em>Do\u017eivljajski park Kri\u017eevci pri Ljutomeru<\/em><\/td>\n<td colspan=\"3\" width=\"463\">\n<p>12. 10. 2018 ali 19. 10. 2018 ali 26. 10. 2018 (3 ure)<\/p>\n<p>Gimnasti\u010dne vsebine v obliki poligona.<\/p>\n<p><strong>ALI<\/strong><\/p>\n<p>Morebiten obisk Do\u017eivljajskega parka Kri\u017eevci pri Ljutomeru in delo po postajah.<\/td>\n<\/tr>\n<tr>\n<td width=\"141\"><em>Obisk \u0161portnika<\/em><\/td>\n<td colspan=\"3\" width=\"463\">\u00bbIgre brez meja\u00ab (1 ura)<\/td>\n<\/tr>\n<\/tbody>\n<\/table>\n<p>&nbsp;<\/p>\n<p>Vodja in izvajalec projekta:<\/p>\n<p><strong>David Vrban\u010di\u010d<\/strong><\/p>\n","protected":false},"excerpt":{"rendered":"<p>Osnovna \u0161ola Sveti Toma\u017e v [&hellip;]<\/p>\n","protected":false},"author":735,"featured_media":7093,"parent":2051,"menu_order":0,"comment_status":"closed","ping_status":"closed","template":"","meta":{"ngg_post_thumbnail":0,"footnotes":""},"class_list":["post-7091","page","type-page","status-publish","has-post-thumbnail","hentry"],"_links":{"self":[{"href":"https:\/\/ostomaz.si\/index.php?rest_route=\/wp\/v2\/pages\/7091","targetHints":{"allow":["GET"]}}],"collection":[{"href":"https:\/\/ostomaz.si\/index.php?rest_route=\/wp\/v2\/pages"}],"about":[{"href":"https:\/\/ostomaz.si\/index.php?rest_route=\/wp\/v2\/types\/page"}],"author":[{"embeddable":true,"href":"https:\/\/ostomaz.si\/index.php?rest_route=\/wp\/v2\/users\/735"}],"replies":[{"embeddable":true,"href":"https:\/\/ostomaz.si\/index.php?rest_route=%2Fwp%2Fv2%2Fcomments&post=7091"}],"version-history":[{"count":3,"href":"https:\/\/ostomaz.si\/index.php?rest_route=\/wp\/v2\/pages\/7091\/revisions"}],"predecessor-version":[{"id":7105,"href":"https:\/\/ostomaz.si\/index.php?rest_route=\/wp\/v2\/pages\/7091\/revisions\/7105"}],"up":[{"embeddable":true,"href":"https:\/\/ostomaz.si\/index.php?rest_route=\/wp\/v2\/pages\/2051"}],"wp:featuredmedia":[{"embeddable":true,"href":"https:\/\/ostomaz.si\/index.php?rest_route=\/wp\/v2\/media\/7093"}],"wp:attachment":[{"href":"https:\/\/ostomaz.si\/index.php?rest_route=%2Fwp%2Fv2%2Fmedia&parent=7091"}],"curies":[{"name":"wp","href":"https:\/\/api.w.org\/{rel}","templated":true}]}}