{"id":6831,"date":"2018-05-03T10:21:38","date_gmt":"2018-05-03T08:21:38","guid":{"rendered":"http:\/\/ostomaz.splet.arnes.si\/?page_id=6831"},"modified":"2025-09-29T10:51:35","modified_gmt":"2025-09-29T08:51:35","slug":"predstavitev-svetovalne-sluzbe","status":"publish","type":"page","link":"https:\/\/ostomaz.si\/?page_id=6831","title":{"rendered":"Predstavitev svetovalne slu\u017ebe"},"content":{"rendered":"<p>\u0160OLSKA SVETOVALNA DELAVKA<\/p>\n<p>NATA\u0160A \u0160UEN, prof. ped.<\/p>\n<p>e-po\u0161ta: n&#97;&#x74;&#x61;s&#97;&#x2e;&#x73;u&#101;&#x6e;&#x40;o&#115;&#x74;&#x6f;m&#97;&#x7a;&#x2e;s&#105;<\/p>\n<p>tel.:(02) 713 30 54<\/p>\n<p><a href=\"http:\/\/ostomaz.splet.arnes.si\/files\/2018\/05\/611096054.jpg\"><img loading=\"lazy\" decoding=\"async\" class=\"alignnone size-medium wp-image-6905\" src=\"http:\/\/ostomaz.splet.arnes.si\/files\/2018\/05\/611096054-255x300.jpg\" alt=\"\" width=\"255\" height=\"300\" srcset=\"https:\/\/ostomaz.si\/files\/2018\/05\/611096054-255x300.jpg 255w, https:\/\/ostomaz.si\/files\/2018\/05\/611096054-47x55.jpg 47w, https:\/\/ostomaz.si\/files\/2018\/05\/611096054-470x553.jpg 470w, https:\/\/ostomaz.si\/files\/2018\/05\/611096054.jpg 520w\" sizes=\"auto, (max-width: 255px) 100vw, 255px\" \/><\/a><\/p>\n<p>&nbsp;<\/p>\n<p>PODRO\u010cJA DELOVANJA:<\/p>\n<p>\u0160olska svetovalna slu\u017eba svetuje u\u010dencem in star\u0161em ter sodeluje z u\u010ditelji in vodstvom \u0161ole pri na\u010drtovanju in spremljanju razvoja \u0161ole ter pri opravljanju vzgojno-izobra\u017eevalnega dela.<\/p>\n<p>&nbsp;<\/p>\n<p>Temeljne naloge \u0161olske svetovalne slu\u017ebe so:<\/p>\n<ul>\n<li>vpis otrok v \u0161olo,<\/li>\n<li>karierna orientacija (poklicno svetovanje),<\/li>\n<li>odkrivanje in delo z nadarjenimi u\u010denci,<\/li>\n<li>spremljanje psihosocialne klime na \u0161oli,<\/li>\n<li>spremljanje vzgojno-izobra\u017eevalnega dela,<\/li>\n<li>sodelovanje z u\u010ditelji, u\u010denci, vodstvom \u0161ole in zunanjimi strokovnimi institucijami,<\/li>\n<li>individualno svetovanje star\u0161em,<\/li>\n<li>skupinsko in individualno re\u0161evanje vzgojne in u\u010dne problematike.<\/li>\n<\/ul>\n<p>&nbsp;<\/p>\n<p><strong>Delovni \u010das:<\/strong><\/p>\n<p style=\"text-align: center\">pon: 7. -11. ure<\/p>\n<p style=\"text-align: center\">tor: 7. &#8211; 11. ure<\/p>\n<p style=\"text-align: center\">Vsak drugi torek od 10. do 14. ure<\/p>\n<p style=\"text-align: center\">sre: 7. &#8211; 11. ure<\/p>\n<p style=\"text-align: center\">\u010det: 7. &#8211; 11. ure<\/p>\n<p style=\"text-align: center\">vsak tretji \u010detrtek v mesecu: 14. -18. ure<\/p>\n<p style=\"text-align: center\">pet: 7. \u2013 11. ure<\/p>\n<p>&nbsp;<\/p>\n<p><strong>Pogovorne ure za star\u0161e<\/strong>\u00a0se izvajajo po <strong>predhodnem dogovoru<\/strong> ter v \u010dasu rednih mese\u010dnih pogovornih ur.<\/p>\n<p><strong>\u00a0<\/strong><\/p>\n","protected":false},"excerpt":{"rendered":"<p>\u0160OLSKA SVETOVALNA DELAVKA NATA\u0160A \u0160UEN, [&hellip;]<\/p>\n","protected":false},"author":735,"featured_media":0,"parent":2351,"menu_order":0,"comment_status":"closed","ping_status":"closed","template":"","meta":{"ngg_post_thumbnail":0,"footnotes":""},"class_list":["post-6831","page","type-page","status-publish","hentry"],"_links":{"self":[{"href":"https:\/\/ostomaz.si\/index.php?rest_route=\/wp\/v2\/pages\/6831","targetHints":{"allow":["GET"]}}],"collection":[{"href":"https:\/\/ostomaz.si\/index.php?rest_route=\/wp\/v2\/pages"}],"about":[{"href":"https:\/\/ostomaz.si\/index.php?rest_route=\/wp\/v2\/types\/page"}],"author":[{"embeddable":true,"href":"https:\/\/ostomaz.si\/index.php?rest_route=\/wp\/v2\/users\/735"}],"replies":[{"embeddable":true,"href":"https:\/\/ostomaz.si\/index.php?rest_route=%2Fwp%2Fv2%2Fcomments&post=6831"}],"version-history":[{"count":15,"href":"https:\/\/ostomaz.si\/index.php?rest_route=\/wp\/v2\/pages\/6831\/revisions"}],"predecessor-version":[{"id":23078,"href":"https:\/\/ostomaz.si\/index.php?rest_route=\/wp\/v2\/pages\/6831\/revisions\/23078"}],"up":[{"embeddable":true,"href":"https:\/\/ostomaz.si\/index.php?rest_route=\/wp\/v2\/pages\/2351"}],"wp:attachment":[{"href":"https:\/\/ostomaz.si\/index.php?rest_route=%2Fwp%2Fv2%2Fmedia&parent=6831"}],"curies":[{"name":"wp","href":"https:\/\/api.w.org\/{rel}","templated":true}]}}