{"id":6315,"date":"2018-01-12T14:05:49","date_gmt":"2018-01-12T13:05:49","guid":{"rendered":"http:\/\/ostomaz.splet.arnes.si\/?page_id=6315"},"modified":"2018-01-15T11:35:06","modified_gmt":"2018-01-15T10:35:06","slug":"program-nadaljnje-vzpostavitve-ikt-infrastrukture-v-vzgoji-in-izobrazevanju","status":"publish","type":"page","link":"https:\/\/ostomaz.si\/?page_id=6315","title":{"rendered":"Program nadaljnje vzpostavitve IKT infrastrukture v vzgoji in izobra\u017eevanju"},"content":{"rendered":"<p style=\"text-align: center\"><a href=\"http:\/\/ostomaz.splet.arnes.si\/files\/2018\/01\/logotip_EKP-2014-2020_SIO-2020.png\"><img loading=\"lazy\" decoding=\"async\" class=\"alignnone wp-image-6293\" src=\"http:\/\/ostomaz.splet.arnes.si\/files\/2018\/01\/logotip_EKP-2014-2020_SIO-2020-300x30.png\" alt=\"\" width=\"730\" height=\"73\" srcset=\"https:\/\/ostomaz.si\/files\/2018\/01\/logotip_EKP-2014-2020_SIO-2020-300x30.png 300w, https:\/\/ostomaz.si\/files\/2018\/01\/logotip_EKP-2014-2020_SIO-2020-768x78.png 768w, https:\/\/ostomaz.si\/files\/2018\/01\/logotip_EKP-2014-2020_SIO-2020-1024x104.png 1024w, https:\/\/ostomaz.si\/files\/2018\/01\/logotip_EKP-2014-2020_SIO-2020-544x55.png 544w, https:\/\/ostomaz.si\/files\/2018\/01\/logotip_EKP-2014-2020_SIO-2020-470x48.png 470w, https:\/\/ostomaz.si\/files\/2018\/01\/logotip_EKP-2014-2020_SIO-2020.png 1355w\" sizes=\"auto, (max-width: 730px) 100vw, 730px\" \/><\/a><\/p>\n<p style=\"text-align: center\"><strong>Program nadaljnje vzpostavitve IKT infrastrukture v vzgoji in izobra\u017eevanju<\/strong><\/p>\n<p style=\"text-align: center\">Cilj operacije je izbolj\u0161anje kompetenc in dose\u017ekov mladih ter ve\u010dja usposobljenost izobra\u017eevalcev prek ve\u010dje uporabe sodobne IKT pri pou\u010devanju in u\u010denju. Vzgojno-izobra\u017eevalnim zavodom se sofinancira izgradnja brez\u017ei\u010dnih omre\u017eij in nakup IKT opreme, razvija se e-storitve in e-vsebine.<\/p>\n<p style=\"text-align: center\">\u00a0\u00a0<a href=\"https:\/\/informator.arnes.si\/\/lt.php?id=Kh8DBFBLV1UGGQQGAwJS\">Povezavo na spletno stran evropske kohezijske politike v Sloveniji<\/a><\/p>\n<p class=\"section-text\">Ve\u010d podrobnosti o Programu nadaljnje vzpostavitve IKT infrastrukture v vzgoji in izobra\u017eevanju\u00a0najdete na spletni strani\u00a0<a href=\"https:\/\/informator.arnes.si\/\/lt.php?id=Kh8BBVZLV1UGGQQGAwJS\" target=\"_blank\" rel=\"noreferrer\">Programa<\/a>.<\/p>\n<p class=\"section-text\">Dodatne informacije lahko dobite na e-po\u0161tnem naslovu\u00a0<a href=\"&#x6d;&#97;i&#x6c;&#116;o&#x3a;&#115;i&#x6f;&#45;2&#x30;&#50;0&#x40;&#97;r&#x6e;&#101;s&#x2e;&#115;i\" target=\"_blank\" rel=\"noreferrer\">&#115;i&#x6f;-&#x32;0&#x32;0&#x40;&#97;&#x72;&#110;&#x65;&#115;&#x2e;&#115;i<\/a>\u00a0in na telefonski\u00a0\u0161tevilki\u00a0(01) 479 88 55.<\/p>\n<p class=\"section-text\" style=\"text-align: center\">Nalo\u017ebo sofinancirata Republika Slovenija in Evropska unija iz Evropskega sklada za regionalni razvoj.<\/p>\n<p style=\"text-align: center\"><a href=\"http:\/\/ostomaz.splet.arnes.si\/files\/2018\/01\/logotip_EKP-2014-2020_SIO-2020.png\"><img loading=\"lazy\" decoding=\"async\" class=\"alignnone wp-image-6293\" src=\"http:\/\/ostomaz.splet.arnes.si\/files\/2018\/01\/logotip_EKP-2014-2020_SIO-2020-300x30.png\" alt=\"\" width=\"790\" height=\"79\" srcset=\"https:\/\/ostomaz.si\/files\/2018\/01\/logotip_EKP-2014-2020_SIO-2020-300x30.png 300w, https:\/\/ostomaz.si\/files\/2018\/01\/logotip_EKP-2014-2020_SIO-2020-768x78.png 768w, https:\/\/ostomaz.si\/files\/2018\/01\/logotip_EKP-2014-2020_SIO-2020-1024x104.png 1024w, https:\/\/ostomaz.si\/files\/2018\/01\/logotip_EKP-2014-2020_SIO-2020-544x55.png 544w, https:\/\/ostomaz.si\/files\/2018\/01\/logotip_EKP-2014-2020_SIO-2020-470x48.png 470w, https:\/\/ostomaz.si\/files\/2018\/01\/logotip_EKP-2014-2020_SIO-2020.png 1355w\" sizes=\"auto, (max-width: 790px) 100vw, 790px\" \/><\/a><\/p>\n","protected":false},"excerpt":{"rendered":"<p>Program nadaljnje vzpostavitve IKT infrastrukture [&hellip;]<\/p>\n","protected":false},"author":735,"featured_media":6293,"parent":0,"menu_order":0,"comment_status":"closed","ping_status":"closed","template":"","meta":{"ngg_post_thumbnail":0,"footnotes":""},"class_list":["post-6315","page","type-page","status-publish","has-post-thumbnail","hentry"],"_links":{"self":[{"href":"https:\/\/ostomaz.si\/index.php?rest_route=\/wp\/v2\/pages\/6315","targetHints":{"allow":["GET"]}}],"collection":[{"href":"https:\/\/ostomaz.si\/index.php?rest_route=\/wp\/v2\/pages"}],"about":[{"href":"https:\/\/ostomaz.si\/index.php?rest_route=\/wp\/v2\/types\/page"}],"author":[{"embeddable":true,"href":"https:\/\/ostomaz.si\/index.php?rest_route=\/wp\/v2\/users\/735"}],"replies":[{"embeddable":true,"href":"https:\/\/ostomaz.si\/index.php?rest_route=%2Fwp%2Fv2%2Fcomments&post=6315"}],"version-history":[{"count":3,"href":"https:\/\/ostomaz.si\/index.php?rest_route=\/wp\/v2\/pages\/6315\/revisions"}],"predecessor-version":[{"id":6337,"href":"https:\/\/ostomaz.si\/index.php?rest_route=\/wp\/v2\/pages\/6315\/revisions\/6337"}],"wp:featuredmedia":[{"embeddable":true,"href":"https:\/\/ostomaz.si\/index.php?rest_route=\/wp\/v2\/media\/6293"}],"wp:attachment":[{"href":"https:\/\/ostomaz.si\/index.php?rest_route=%2Fwp%2Fv2%2Fmedia&parent=6315"}],"curies":[{"name":"wp","href":"https:\/\/api.w.org\/{rel}","templated":true}]}}