{"id":4111,"date":"2016-11-29T09:02:46","date_gmt":"2016-11-29T08:02:46","guid":{"rendered":"http:\/\/ostomaz.splet.arnes.si\/?page_id=4111"},"modified":"2016-11-30T07:07:50","modified_gmt":"2016-11-30T06:07:50","slug":"uzivajmo-v-zdravju","status":"publish","type":"page","link":"https:\/\/ostomaz.si\/?page_id=4111","title":{"rendered":"U\u017eivajmo v zdravju"},"content":{"rendered":"<p style=\"text-align: justify\"><a href=\"http:\/\/ostomaz.splet.arnes.si\/files\/2016\/11\/uvz1.png\"><img loading=\"lazy\" decoding=\"async\" class=\"  wp-image-4160 aligncenter\" src=\"http:\/\/ostomaz.splet.arnes.si\/files\/2016\/11\/uvz1.png\" alt=\"uvz1\" width=\"1033\" height=\"226\" srcset=\"https:\/\/ostomaz.si\/files\/2016\/11\/uvz1.png 297w, https:\/\/ostomaz.si\/files\/2016\/11\/uvz1-251x55.png 251w\" sizes=\"auto, (max-width: 1033px) 100vw, 1033px\" \/><\/a><\/p>\n<p style=\"text-align: justify\">Projekt \u201cU\u017eivajmo v zdravju\u201d je sofinanciran iz sredstev Norve\u0161kega finan\u010dnega mehanizma. Nepovratna sredstva <a href=\"http:\/\/norwaygrants.si\/wp-content\/uploads\/2013\/04\/Programme-Areas-2009-2014.pdf\" target=\"#blank\">Norve\u0161kega finan\u010dnega mehanizma<\/a> v vrednosti 800 milijonov evrov so bila dodeljena Bolgariji, \u010ce\u0161ki, Cipru, Estoniji, Mad\u017earski, Latviji, Litvi, Malti, Poljski, Romuniji, Slova\u0161ki in Sloveniji. Financiranje podpira programe in projekte na prednostnih podro\u010djih, ki so dogovorjena z vsako dr\u017eavo. Inovacije na podro\u010dju zelene industrije, zajemanje in shranjevanje ogljika, raziskave in \u0161tipendije, dostojno delo in socialni dialog, javno zdravje in enakost spolov, zmogljivosti na podro\u010dju sodstva in boj proti \u010dezmejnemu kriminalu so klju\u010dna podro\u010dja pomo\u010di.<\/p>\n<p style=\"text-align: justify\">Ideja za izvedbo projekta je nastala kot odziv zdravstvenega in \u0161olskega sektorja na porast problema prekomerne hranjenosti in debelosti prebivalcev Slovenije. Namen projekta je soo\u010denje s tem javno zdravstvenim problemom v organizacijah na razli\u010dnih ravneh (nacionalni, regijski in lokalni) ter oblikovanje inovativnih trajnostnih in u\u010dinkovitih medsektorskih pristopov, ki bodo trend rasti debelosti postopno obrnili v negativno smer.<\/p>\n<p>Poglavitni cilj projekta je zagotoviti sistemsko povezavo med zdravstvenimi in izobra\u017eevalnimi organizacijami ter lokalno skupnostjo v preventivni tim, ki bo po na\u010delu koncepta skupnostnega pristopa v ospredje postavljal posameznika in njegovo zdravje, in vsak po svojih mo\u010deh in pristojnostih zagotavljal skrb za zdrav \u017eivljenjski slog ter podporno okolje ljudem s prekomerno telesno te\u017eo ali debelostjo.<\/p>\n<h4><em><strong>Projekt na Osnovni \u0161oli Sveti Toma\u017e<\/strong><\/em><\/h4>\n<p><strong>Naslov projekta: Celostni inovativni model za zagotavljanje zdravega \u017eivljenjskega sloga s poudarkom na prehranjevanju, gibanju, prepre\u010devanju in obravnavi debelosti pri otrocih, mladostnikih ter odraslih in zmanj\u0161evanju neenakosti v zdravju<\/strong>.<\/p>\n<p>Kraj\u0161i naslov: <strong><u>\u00bbU\u017eivajmo v zdravju\u00ab<\/u><\/strong>.<\/p>\n<p>Nosilec projekta: Zavod Republike Slovenije za \u0161olstvo<\/p>\n<p>Vloga O\u0160 Sveti Toma\u017e v projektu: PILOTNO TESTIRANJE<\/p>\n<p>Trajanje projekta: do 31. 12. 2016<\/p>\n<p><strong>Pomembne aktivnosti na ravni \u0161ole:<\/strong><\/p>\n<ul>\n<li>Oblikovanje tima projekta.<\/li>\n<li>Analiza stanja na podro\u010dju gibanja in prehrane.<\/li>\n<li>Predstavitev projekta sodelavcem (delovni sestanek, pedago\u0161ka konferenca).<\/li>\n<li>Predstavitev projekta star\u0161em (skupni roditeljski sestanek).<\/li>\n<li>Soglasja star\u0161ev (obdelava podatkov SLOfit).<\/li>\n<li>Gibanje: Minute za zdravje.<\/li>\n<li>Prehrana: Dnevi dejavnosti brez prigrizkov<\/li>\n<li>Individualne aktivnosti za u\u010dence.<\/li>\n<li>\u2026<\/li>\n<\/ul>\n<p>&nbsp;<\/p>\n<p><strong>Udele\u017eba \u010dlanov tima na izobra\u017eevanjih:<\/strong><\/p>\n<ul>\n<li>La\u0161ko (18. 3. 2016)<\/li>\n<li>Ljubljana (3. 6. 2016)<\/li>\n<li>Portoro\u017e (24. 8. 2016)<\/li>\n<\/ul>\n<p>&nbsp;<\/p>\n<p><strong>Predstavitev dejavnosti projekta:<\/strong><\/p>\n<ul>\n<li>mednarodna znanstvena konferenca \u00bbPrehrana, gibanje in zdravje\u00ab<\/li>\n<li>Intervju na Radiu Prlek<\/li>\n<\/ul>\n<ul class=\"uk-list uk-list-space\">\n<li>\n<div class=\"uk-accordion-title\"><a href=\"http:\/\/www.eeagrants.org\/www.norwaygrants.org\" target=\"#blank\">Uradna spletna stran NFM<\/a><\/div>\n<\/li>\n<li>\n<div class=\"uk-accordion-title\"><a href=\"http:\/\/www.eeagrants.org\/www.norwaygrants.org\" target=\"#blank\">Nacionalna spletna stran NFM<\/a><\/div>\n<\/li>\n<li>\n<div class=\"uk-accordion-title\"><a href=\"http:\/\/www.svrk.gov.si\" target=\"#blank\">Spletna stran nosilca programa<\/a><\/div>\n<\/li>\n<\/ul>\n<p><a href=\"http:\/\/ostomaz.splet.arnes.si\/files\/2016\/11\/uvz3.jpg\"><img loading=\"lazy\" decoding=\"async\" class=\" size-full wp-image-4161 aligncenter\" src=\"http:\/\/ostomaz.splet.arnes.si\/files\/2016\/11\/uvz3.jpg\" alt=\"uvz3\" width=\"225\" height=\"225\" srcset=\"https:\/\/ostomaz.si\/files\/2016\/11\/uvz3.jpg 225w, https:\/\/ostomaz.si\/files\/2016\/11\/uvz3-150x150.jpg 150w, https:\/\/ostomaz.si\/files\/2016\/11\/uvz3-55x55.jpg 55w\" sizes=\"auto, (max-width: 225px) 100vw, 225px\" \/><\/a><\/p>\n","protected":false},"excerpt":{"rendered":"<p>Projekt \u201cU\u017eivajmo v zdravju\u201d je [&hellip;]<\/p>\n","protected":false},"author":735,"featured_media":4112,"parent":2051,"menu_order":0,"comment_status":"closed","ping_status":"open","template":"","meta":{"ngg_post_thumbnail":0,"footnotes":""},"class_list":["post-4111","page","type-page","status-publish","has-post-thumbnail","hentry"],"_links":{"self":[{"href":"https:\/\/ostomaz.si\/index.php?rest_route=\/wp\/v2\/pages\/4111","targetHints":{"allow":["GET"]}}],"collection":[{"href":"https:\/\/ostomaz.si\/index.php?rest_route=\/wp\/v2\/pages"}],"about":[{"href":"https:\/\/ostomaz.si\/index.php?rest_route=\/wp\/v2\/types\/page"}],"author":[{"embeddable":true,"href":"https:\/\/ostomaz.si\/index.php?rest_route=\/wp\/v2\/users\/735"}],"replies":[{"embeddable":true,"href":"https:\/\/ostomaz.si\/index.php?rest_route=%2Fwp%2Fv2%2Fcomments&post=4111"}],"version-history":[{"count":7,"href":"https:\/\/ostomaz.si\/index.php?rest_route=\/wp\/v2\/pages\/4111\/revisions"}],"predecessor-version":[{"id":4164,"href":"https:\/\/ostomaz.si\/index.php?rest_route=\/wp\/v2\/pages\/4111\/revisions\/4164"}],"up":[{"embeddable":true,"href":"https:\/\/ostomaz.si\/index.php?rest_route=\/wp\/v2\/pages\/2051"}],"wp:featuredmedia":[{"embeddable":true,"href":"https:\/\/ostomaz.si\/index.php?rest_route=\/wp\/v2\/media\/4112"}],"wp:attachment":[{"href":"https:\/\/ostomaz.si\/index.php?rest_route=%2Fwp%2Fv2%2Fmedia&parent=4111"}],"curies":[{"name":"wp","href":"https:\/\/api.w.org\/{rel}","templated":true}]}}