{"id":3349,"date":"2016-01-22T14:22:26","date_gmt":"2016-01-22T13:22:26","guid":{"rendered":"http:\/\/ostomaz.splet.arnes.si\/?page_id=3349"},"modified":"2026-02-10T08:49:02","modified_gmt":"2026-02-10T07:49:02","slug":"vpis-v-srednje-sole","status":"publish","type":"page","link":"https:\/\/ostomaz.si\/?page_id=3349","title":{"rendered":"Karierna orientacija"},"content":{"rendered":"<p style=\"text-align: justify\"><span style=\"color: #0000ff\"><strong>Aktivnosti in pomembni datumi za vpis<\/strong><\/span><\/p>\n<p>&nbsp;<\/p>\n<p>Dragi u\u010denci\/u\u010denke.<\/p>\n<p>Aktivnosti in POMEMBNE DATUME povezane z vpisom u\u010dencev 9. razreda v 1. letnik srednje \u0161ole za \u0161olsko leto 2026\/2027 najdete na tej povezavi: <a href=\"https:\/\/ostomaz.si\/files\/2025\/11\/Pomembni-datumi-za-VPIS.docx\">Pomembni datumi za VPIS<\/a><\/p>\n<p><img loading=\"lazy\" decoding=\"async\" class=\"alignnone size-medium wp-image-6899 aligncenter\" src=\"http:\/\/ostomaz.splet.arnes.si\/files\/2016\/01\/CareerKids-group-300x187.jpg\" alt=\"\" width=\"300\" height=\"187\" srcset=\"https:\/\/ostomaz.si\/files\/2016\/01\/CareerKids-group-300x187.jpg 300w, https:\/\/ostomaz.si\/files\/2016\/01\/CareerKids-group-88x55.jpg 88w, https:\/\/ostomaz.si\/files\/2016\/01\/CareerKids-group-470x292.jpg 470w, https:\/\/ostomaz.si\/files\/2016\/01\/CareerKids-group.jpg 720w\" sizes=\"auto, (max-width: 300px) 100vw, 300px\" \/><a href=\"http:\/\/ostomaz.splet.arnes.si\/files\/2016\/01\/CareerKids-group.jpg\"><em>Poklicni barometer je\u00a0raziskava,\u00a0ki\u00a0napoveduje\u00a0<\/em><\/a><em>kateri poklici bodo iskani in katerih bo preve\u010d. rezultate si lahko ogledate <a href=\"https:\/\/www.ess.gov.si\/partnerji\/trg-dela\/poklicni-barometer\/\">tukaj<\/a>.<\/em><\/p>\n<p><span style=\"color: #0000ff\"><strong>Informacije glede vpisa v srednje \u0161ole<\/strong><\/span><\/p>\n<p>Razpis za vpis v srednje \u0161ole in dija\u0161ke domove za \u0161olsko leto 2026\/2027 najde\u0161 <a href=\"https:\/\/www.gov.si\/teme\/vpis-v-srednjo-solo\/\">tukaj.<\/a><\/p>\n<p>Srednje\u0161olski vpisnik se nahaja <a href=\"https:\/\/www.dijaskisvet.si\/srednjesolski-vpisnik\/\">TUKAJ.<\/a><\/p>\n<p>Dodatne informacije:<\/p>\n<ul>\n<li><a href=\"https:\/\/www.mojaizbira.si\/poklici\" target=\"_blank\" rel=\"noopener noreferrer\">preveri poklice<\/a><\/li>\n<li><a href=\"http:\/\/www.sklad-kadri.si\/si\/stipendije\/\" target=\"_blank\" rel=\"noopener noreferrer\">\u0161tipendije<\/a><\/li>\n<li><a href=\"http:\/\/www.dijaski.net\/srednje-sole\/iskalnik-srednjesolskih-programov.html\" target=\"_blank\" rel=\"noopener noreferrer\">iskalnik srednje\u0161olskih programov, dija\u0161ki domovi<\/a><\/li>\n<li><a href=\"https:\/\/esvetovanje.ess.gov.si\/\" target=\"_blank\" rel=\"noopener noreferrer\">e-Svetovanje<\/a><\/li>\n<li><a href=\"https:\/\/www.gov.si\/assets\/ministrstva\/MVZI\/Visoko-solstvo\/RAZPISI-2025_26\/SKUPNI-RAZPIS\/Razpis-za-vpis_25_26.pdf\">informacije o \u0161tudijskih programih<\/a><\/li>\n<li><a href=\"http:\/\/www.eetaq.si\/index.php?option=com_quiz&amp;task=user_tst_shw&amp;Itemid=28&amp;tid=9\">kviz: kateri poklic je pravi zame?<\/a><\/li>\n<\/ul>\n","protected":false},"excerpt":{"rendered":"<p>Aktivnosti in pomembni datumi za [&hellip;]<\/p>\n","protected":false},"author":5660,"featured_media":3345,"parent":2351,"menu_order":0,"comment_status":"closed","ping_status":"open","template":"","meta":{"ngg_post_thumbnail":0,"footnotes":""},"class_list":["post-3349","page","type-page","status-publish","has-post-thumbnail","hentry"],"_links":{"self":[{"href":"https:\/\/ostomaz.si\/index.php?rest_route=\/wp\/v2\/pages\/3349","targetHints":{"allow":["GET"]}}],"collection":[{"href":"https:\/\/ostomaz.si\/index.php?rest_route=\/wp\/v2\/pages"}],"about":[{"href":"https:\/\/ostomaz.si\/index.php?rest_route=\/wp\/v2\/types\/page"}],"author":[{"embeddable":true,"href":"https:\/\/ostomaz.si\/index.php?rest_route=\/wp\/v2\/users\/5660"}],"replies":[{"embeddable":true,"href":"https:\/\/ostomaz.si\/index.php?rest_route=%2Fwp%2Fv2%2Fcomments&post=3349"}],"version-history":[{"count":17,"href":"https:\/\/ostomaz.si\/index.php?rest_route=\/wp\/v2\/pages\/3349\/revisions"}],"predecessor-version":[{"id":24759,"href":"https:\/\/ostomaz.si\/index.php?rest_route=\/wp\/v2\/pages\/3349\/revisions\/24759"}],"up":[{"embeddable":true,"href":"https:\/\/ostomaz.si\/index.php?rest_route=\/wp\/v2\/pages\/2351"}],"wp:featuredmedia":[{"embeddable":true,"href":"https:\/\/ostomaz.si\/index.php?rest_route=\/wp\/v2\/media\/3345"}],"wp:attachment":[{"href":"https:\/\/ostomaz.si\/index.php?rest_route=%2Fwp%2Fv2%2Fmedia&parent=3349"}],"curies":[{"name":"wp","href":"https:\/\/api.w.org\/{rel}","templated":true}]}}