{"id":2940,"date":"2015-10-07T19:18:44","date_gmt":"2015-10-07T17:18:44","guid":{"rendered":"http:\/\/ostomaz.splet.arnes.si\/?page_id=2940"},"modified":"2015-11-03T18:36:15","modified_gmt":"2015-11-03T17:36:15","slug":"projekt-gocargo-v-letu-201516","status":"publish","type":"page","link":"https:\/\/ostomaz.si\/?page_id=2940","title":{"rendered":"Projekt GoCarGo v letu 2015\/16"},"content":{"rendered":"<p style=\"text-align: left\"><span style=\"color: #0000ff\"><em><strong>Tehni\u0161ki dan Na\u010drtovanje avtomobila GoCarGo<\/strong><\/em><\/span><\/p>\n<p style=\"text-align: left\">ngg_shortcode_0_placeholder<\/p>\n<p style=\"text-align: left\">Nekaj misli u\u010dencev:<\/p>\n<p style=\"text-align: justify\">Danes mo izdelovali avto Go-car-go. Bilo je zelo zabavno, \u010deprav je bilo \u010dasovno omejeno in smo morali pohiteti. Morali smo narediti predstavitev, ki smo jo morali potem tudi predstaviti. Zmagali sta Klara in Tinkara z Hudi\u010devo dobrim avtomobilom (Hudi\u010devo dober avtomobil je ime avta). Monika in \u0160pela sta imeli avto po imenu Spongebob, ki je pristal na 2. mestu in je bil zelo lep. Julijan in Kevin sta imela avto Speed Machine. Matej in Marsel sta imela avto Shelby cobra. Bla\u017e je imel avto Rift driver, in midvi sva imeli avto z imenom Minnie. Dana\u0161nji dan nama je bil zelo v\u0161e\u010d. Sicer nisva zmagali,\u00a0 ampak sva veseli, da sva lahko predstavili najino idejo o avtu. &#x1f496;<\/p>\n<p style=\"text-align: justify\">Diana in Maja<\/p>\n<p style=\"text-align: center\"><a href=\"http:\/\/ostomaz.splet.arnes.si\/files\/2015\/10\/minnie.jpg\"><img loading=\"lazy\" decoding=\"async\" class=\" size-medium wp-image-2979 aligncenter\" src=\"http:\/\/ostomaz.splet.arnes.si\/files\/2015\/10\/minnie-300x143.jpg\" alt=\"minnie\" width=\"300\" height=\"143\" srcset=\"https:\/\/ostomaz.si\/files\/2015\/10\/minnie-300x143.jpg 300w, https:\/\/ostomaz.si\/files\/2015\/10\/minnie-116x55.jpg 116w, https:\/\/ostomaz.si\/files\/2015\/10\/minnie-470x224.jpg 470w, https:\/\/ostomaz.si\/files\/2015\/10\/minnie-210x100.jpg 210w, https:\/\/ostomaz.si\/files\/2015\/10\/minnie.jpg 588w\" sizes=\"auto, (max-width: 300px) 100vw, 300px\" \/><\/a>Avto Minnie, Maja in Diana<\/p>\n<p style=\"text-align: justify\">Na za\u010detku\u00a0 smo se razdelili v dvojice. Nato smo\u00a0 pogledali avtomobile iz prej\u0161njih let. S Tinkaro sva se\u00a0 pogovorili in dajali ideje. Na koncu sva se odlo\u010dili za Hudi\u010devo dober avto. Delo nama je potekalo zelo gladko, ker sva obe prispevali ideje za avtomobil. Z najinim delom, ter avtom sva hudi\u010devo zadovoljni, saj je na koncu dobil najve\u010d glasov in zmagali. Upava, da bo zmagal tudi na tekmovanju in da bo \u0161e ve\u010d takih tehni\u0161kih dnevov.<\/p>\n<div style=\"text-align: justify\">Lep pozdrav hudi\u010dki Tinkara in Klara<\/div>\n<div style=\"text-align: center\"><a href=\"http:\/\/ostomaz.splet.arnes.si\/files\/2015\/10\/hudicevo.jpg\"><img loading=\"lazy\" decoding=\"async\" class=\" size-medium wp-image-2980 aligncenter\" src=\"http:\/\/ostomaz.splet.arnes.si\/files\/2015\/10\/hudicevo-300x223.jpg\" alt=\"hudicevo\" width=\"300\" height=\"223\" srcset=\"https:\/\/ostomaz.si\/files\/2015\/10\/hudicevo-300x223.jpg 300w, https:\/\/ostomaz.si\/files\/2015\/10\/hudicevo-74x55.jpg 74w, https:\/\/ostomaz.si\/files\/2015\/10\/hudicevo-470x350.jpg 470w, https:\/\/ostomaz.si\/files\/2015\/10\/hudicevo.jpg 788w\" sizes=\"auto, (max-width: 300px) 100vw, 300px\" \/><\/a>Avto Hudi\u010devo dober, Tinkara in Klara<\/div>\n<div style=\"text-align: justify\"><\/div>\n<div style=\"text-align: justify\">Mislim, da bova z veseljem izdelovala\u00a0 ta avto. Zelo v\u0161e\u010d nama je, da lahko izdelujeva\u00a0 iz lesa. Upava, da zmagamo na tekmovanju. Izdelali smo na\u010drt za avtomobil, ter pokazali predstavitev.<\/div>\n<div style=\"text-align: justify\">Kevin in Julijan<\/div>\n<div style=\"text-align: center\"><a href=\"http:\/\/ostomaz.splet.arnes.si\/files\/2015\/10\/Spped-machine.jpg\"><img loading=\"lazy\" decoding=\"async\" class=\" size-medium wp-image-2981 aligncenter\" src=\"http:\/\/ostomaz.splet.arnes.si\/files\/2015\/10\/Spped-machine-300x137.jpg\" alt=\"Spped machine\" width=\"300\" height=\"137\" srcset=\"https:\/\/ostomaz.si\/files\/2015\/10\/Spped-machine-300x137.jpg 300w, https:\/\/ostomaz.si\/files\/2015\/10\/Spped-machine-1024x469.jpg 1024w, https:\/\/ostomaz.si\/files\/2015\/10\/Spped-machine-120x55.jpg 120w, https:\/\/ostomaz.si\/files\/2015\/10\/Spped-machine-470x215.jpg 470w, https:\/\/ostomaz.si\/files\/2015\/10\/Spped-machine.jpg 1269w\" sizes=\"auto, (max-width: 300px) 100vw, 300px\" \/><\/a>Avto Speed Machine, Julijan in Kevin<\/div>\n<div style=\"text-align: justify\">\u00a0Danes smo imeli tehni\u0161ki dan. Izdelovali smo na\u010drt za avtomobil\u010dek Gocargo. Bilo je zelo zanimivo, ustvarjalno in veselo. Na koncu smo se glasovali, kateri avtomobil\u010dek je zmagal. Izdelali bomo avto po imenu HUDI\u010cEVO DOBER!<\/div>\n<div style=\"text-align: justify\">Va\u0161i reperki Monika in \u0160pela<\/div>\n<div style=\"text-align: center\">\u00a0<a href=\"http:\/\/ostomaz.splet.arnes.si\/files\/2015\/10\/Slika1.jpg\"><img loading=\"lazy\" decoding=\"async\" class=\" size-medium wp-image-2982 aligncenter\" src=\"http:\/\/ostomaz.splet.arnes.si\/files\/2015\/10\/Slika1-300x182.jpg\" alt=\"Slika1\" width=\"300\" height=\"182\" srcset=\"https:\/\/ostomaz.si\/files\/2015\/10\/Slika1-300x182.jpg 300w, https:\/\/ostomaz.si\/files\/2015\/10\/Slika1-91x55.jpg 91w, https:\/\/ostomaz.si\/files\/2015\/10\/Slika1-470x285.jpg 470w, https:\/\/ostomaz.si\/files\/2015\/10\/Slika1.jpg 839w\" sizes=\"auto, (max-width: 300px) 100vw, 300px\" \/><\/a>Avto Spongebob, Monika in \u0160pela<\/div>\n<div style=\"text-align: justify\">V\u00a0 uvodu smo se dogovorili o poteku tehni\u0161kega dne. Ogledali smo\u00a0 avtomobile, s katerimi so se predstavili u\u010denci na\u0161e \u0161ole v preteklosti. Ideja je zelo pomembna za nastanek dobrega avtomobila. V\u00a0 parih smo naredili na\u010drt, ter ga narisali. Izdelali smo predstavitev, v kateri smo predstavili idejo izdelave avtomobila. Z glasovanjem smo odlo\u010dili, s katerim avtomobilom se bomo predstavili na sre\u010danju v Ptuju, ki bo maja 2016.<\/div>\n<div style=\"text-align: justify\">Matej in Marsel<\/div>\n<div style=\"text-align: center\"><a href=\"http:\/\/ostomaz.splet.arnes.si\/files\/2015\/10\/shelbi-cobra-1.png\"><img loading=\"lazy\" decoding=\"async\" class=\" size-medium wp-image-2983 aligncenter\" src=\"http:\/\/ostomaz.splet.arnes.si\/files\/2015\/10\/shelbi-cobra-1-300x180.png\" alt=\"shelbi cobra 1\" width=\"300\" height=\"180\" srcset=\"https:\/\/ostomaz.si\/files\/2015\/10\/shelbi-cobra-1-300x180.png 300w, https:\/\/ostomaz.si\/files\/2015\/10\/shelbi-cobra-1-91x55.png 91w, https:\/\/ostomaz.si\/files\/2015\/10\/shelbi-cobra-1-470x283.png 470w, https:\/\/ostomaz.si\/files\/2015\/10\/shelbi-cobra-1.png 986w\" sizes=\"auto, (max-width: 300px) 100vw, 300px\" \/><\/a>Avto Shelby cobra, Matej in Marsel<\/div>\n<div style=\"text-align: center\"><a href=\"http:\/\/ostomaz.splet.arnes.si\/files\/2015\/10\/runer.png\"><img loading=\"lazy\" decoding=\"async\" class=\"alignnone size-medium wp-image-2985\" src=\"http:\/\/ostomaz.splet.arnes.si\/files\/2015\/10\/runer-300x153.png\" alt=\"runer\" width=\"300\" height=\"153\" srcset=\"https:\/\/ostomaz.si\/files\/2015\/10\/runer-300x153.png 300w, https:\/\/ostomaz.si\/files\/2015\/10\/runer-1024x522.png 1024w, https:\/\/ostomaz.si\/files\/2015\/10\/runer-108x55.png 108w, https:\/\/ostomaz.si\/files\/2015\/10\/runer-470x240.png 470w, https:\/\/ostomaz.si\/files\/2015\/10\/runer.png 1393w\" sizes=\"auto, (max-width: 300px) 100vw, 300px\" \/><\/a><\/div>\n<div style=\"text-align: center\">Avto Rift driver, Bla\u017e<\/div>\n<div style=\"text-align: left\">Rezultati glasovanja: Klikni na <a href=\"https:\/\/www.1ka.si\/admin\/survey\/index.php?anketa=73705&amp;a=analysis&amp;m=sumarnik\" target=\"_blank\">Anketa<\/a><\/div>\n","protected":false},"excerpt":{"rendered":"<p>Tehni\u0161ki dan Na\u010drtovanje avtomobila GoCarGo [&hellip;]<\/p>\n","protected":false},"author":735,"featured_media":2982,"parent":2932,"menu_order":0,"comment_status":"closed","ping_status":"open","template":"","meta":{"ngg_post_thumbnail":0,"footnotes":""},"class_list":["post-2940","page","type-page","status-publish","has-post-thumbnail","hentry"],"_links":{"self":[{"href":"https:\/\/ostomaz.si\/index.php?rest_route=\/wp\/v2\/pages\/2940","targetHints":{"allow":["GET"]}}],"collection":[{"href":"https:\/\/ostomaz.si\/index.php?rest_route=\/wp\/v2\/pages"}],"about":[{"href":"https:\/\/ostomaz.si\/index.php?rest_route=\/wp\/v2\/types\/page"}],"author":[{"embeddable":true,"href":"https:\/\/ostomaz.si\/index.php?rest_route=\/wp\/v2\/users\/735"}],"replies":[{"embeddable":true,"href":"https:\/\/ostomaz.si\/index.php?rest_route=%2Fwp%2Fv2%2Fcomments&post=2940"}],"version-history":[{"count":7,"href":"https:\/\/ostomaz.si\/index.php?rest_route=\/wp\/v2\/pages\/2940\/revisions"}],"predecessor-version":[{"id":2999,"href":"https:\/\/ostomaz.si\/index.php?rest_route=\/wp\/v2\/pages\/2940\/revisions\/2999"}],"up":[{"embeddable":true,"href":"https:\/\/ostomaz.si\/index.php?rest_route=\/wp\/v2\/pages\/2932"}],"wp:featuredmedia":[{"embeddable":true,"href":"https:\/\/ostomaz.si\/index.php?rest_route=\/wp\/v2\/media\/2982"}],"wp:attachment":[{"href":"https:\/\/ostomaz.si\/index.php?rest_route=%2Fwp%2Fv2%2Fmedia&parent=2940"}],"curies":[{"name":"wp","href":"https:\/\/api.w.org\/{rel}","templated":true}]}}