{"id":2867,"date":"2015-10-01T21:51:02","date_gmt":"2015-10-01T19:51:02","guid":{"rendered":"http:\/\/ostomaz.splet.arnes.si\/?page_id=2867"},"modified":"2025-11-06T13:05:39","modified_gmt":"2025-11-06T12:05:39","slug":"1-in-2-razred","status":"publish","type":"page","link":"https:\/\/ostomaz.si\/?page_id=2867","title":{"rendered":"1.  in 2. razred"},"content":{"rendered":"<ol>\n<li><strong> RAZRED in 2. RAZRED<\/strong><\/li>\n<\/ol>\n<table width=\"605\">\n<tbody>\n<tr>\n<td width=\"302\">NARAVOSLOVNI DNEVI<\/td>\n<td width=\"151\">DATUM IZVEDBE<\/td>\n<td width=\"151\">KRAJ IZVEDBE<\/td>\n<\/tr>\n<tr>\n<td width=\"302\"><strong>Zdravstvene vsebine in <\/strong><\/p>\n<p><strong>zobozdravstveni sistematski pregled<\/strong><\/td>\n<td width=\"151\">24. 9. 2025<\/p>\n<p>neopredeljeno<\/td>\n<td width=\"151\">\u0160ola<\/p>\n<p>Zdravstveni dom<\/td>\n<\/tr>\n<tr>\n<td width=\"302\"><strong>Slovenski tradicionalni zajtrk <\/strong><\/td>\n<td width=\"151\">oktober 2025<\/td>\n<td width=\"151\">\u0161ola<\/td>\n<\/tr>\n<tr>\n<td width=\"302\"><strong>Leto<\/strong><\/td>\n<td width=\"151\">januar 2026<\/td>\n<td width=\"151\">\u0161ola<\/td>\n<\/tr>\n<tr>\n<td width=\"302\">KULTURNI DNEVI<\/td>\n<td width=\"151\">&nbsp;<\/td>\n<td width=\"151\">&nbsp;<\/td>\n<\/tr>\n<tr>\n<td width=\"302\"><strong>Ogled baletne predstave \u2013 Hresta\u010d<\/strong><\/td>\n<td width=\"151\">16. 12. 2025<\/td>\n<td width=\"151\">SNG Maribor<\/td>\n<\/tr>\n<tr>\n<td width=\"302\"><strong>Kino dan<\/strong><\/td>\n<td width=\"151\">11. 2. 2026<\/td>\n<td width=\"151\">Kino Murska Sobota<\/td>\n<\/tr>\n<tr>\n<td width=\"302\"><strong>Pustna povorka<\/strong><\/td>\n<td width=\"151\">14. 2. 2026<\/td>\n<td width=\"151\">Sveti Toma\u017e<\/td>\n<\/tr>\n<tr>\n<td width=\"302\"><strong>Prazni\u010dni december<\/strong><\/td>\n<td width=\"151\">december 2025<\/td>\n<td width=\"151\">\u0161ola<\/td>\n<\/tr>\n<tr>\n<td width=\"302\">\u0160PORTNI DNEVI<\/td>\n<td width=\"151\">&nbsp;<\/td>\n<td width=\"151\">&nbsp;<\/td>\n<\/tr>\n<tr>\n<td width=\"302\"><strong>Pohod z igrami<\/strong><\/td>\n<td width=\"151\">2. 9. 2025<\/td>\n<td width=\"151\">Mala vas<\/td>\n<\/tr>\n<tr>\n<td width=\"302\"><strong>Rolanje \u2013 nadaljevalni te\u010daj<\/strong><\/td>\n<td width=\"151\">9. 9. 2025<\/td>\n<td width=\"151\">Igri\u0161\u010de Sveti Toma\u017e<\/td>\n<\/tr>\n<tr>\n<td width=\"302\"><strong>Plesni dan<\/strong><\/td>\n<td width=\"151\">6.\u201312. 10. 2025<\/td>\n<td width=\"151\">\u0160ola<\/td>\n<\/tr>\n<tr>\n<td width=\"302\"><strong>Konjeni\u0161ki dan in \u0161portne spretnosti<\/strong><\/td>\n<td width=\"151\">pomlad 2026<\/td>\n<td width=\"151\">Konjeni\u0161ki in mladinski center \u0160katlica<\/td>\n<\/tr>\n<tr>\n<td width=\"302\"><strong>Atletski mnogoboj<\/strong><\/td>\n<td width=\"151\">maj\/junij 2026<\/td>\n<td width=\"151\">Stadion Sveti Toma\u017e<\/td>\n<\/tr>\n<tr>\n<td width=\"302\">TEHNI\u0160KI DNEVI<\/td>\n<td width=\"151\">&nbsp;<\/td>\n<td width=\"151\">&nbsp;<\/td>\n<\/tr>\n<tr>\n<td width=\"302\"><strong>Prazni\u010dne delavnice<\/strong><\/td>\n<td width=\"151\">november 2025<\/td>\n<td width=\"151\">\u0161ola<\/td>\n<\/tr>\n<tr>\n<td width=\"302\"><strong>Priprava pustnih kostumov<\/strong><\/td>\n<td width=\"151\">januar \/ februar 2026<\/td>\n<td width=\"151\">\u0161ola<\/td>\n<\/tr>\n<tr>\n<td width=\"302\"><strong>\u0160ivanje <\/strong><\/td>\n<td width=\"151\">neopredeljeno<\/td>\n<td width=\"151\">\u0161ola<\/td>\n<\/tr>\n<\/tbody>\n<\/table>\n<p><strong>&nbsp;<\/strong><\/p>\n<p><strong>ZAKLJU\u010cNA EKSKURZIJA: Pravlji\u010dni gozd Rde\u010da kapica, Mohorkova graba \u2013 Vurberg<\/strong><\/p>\n","protected":false},"excerpt":{"rendered":"<p>RAZRED in 2. RAZRED NARAVOSLOVNI [&hellip;]<\/p>\n","protected":false},"author":735,"featured_media":0,"parent":2863,"menu_order":0,"comment_status":"closed","ping_status":"open","template":"","meta":{"ngg_post_thumbnail":0,"footnotes":""},"class_list":["post-2867","page","type-page","status-publish","hentry"],"_links":{"self":[{"href":"https:\/\/ostomaz.si\/index.php?rest_route=\/wp\/v2\/pages\/2867","targetHints":{"allow":["GET"]}}],"collection":[{"href":"https:\/\/ostomaz.si\/index.php?rest_route=\/wp\/v2\/pages"}],"about":[{"href":"https:\/\/ostomaz.si\/index.php?rest_route=\/wp\/v2\/types\/page"}],"author":[{"embeddable":true,"href":"https:\/\/ostomaz.si\/index.php?rest_route=\/wp\/v2\/users\/735"}],"replies":[{"embeddable":true,"href":"https:\/\/ostomaz.si\/index.php?rest_route=%2Fwp%2Fv2%2Fcomments&post=2867"}],"version-history":[{"count":15,"href":"https:\/\/ostomaz.si\/index.php?rest_route=\/wp\/v2\/pages\/2867\/revisions"}],"predecessor-version":[{"id":23502,"href":"https:\/\/ostomaz.si\/index.php?rest_route=\/wp\/v2\/pages\/2867\/revisions\/23502"}],"up":[{"embeddable":true,"href":"https:\/\/ostomaz.si\/index.php?rest_route=\/wp\/v2\/pages\/2863"}],"wp:attachment":[{"href":"https:\/\/ostomaz.si\/index.php?rest_route=%2Fwp%2Fv2%2Fmedia&parent=2867"}],"curies":[{"name":"wp","href":"https:\/\/api.w.org\/{rel}","templated":true}]}}