{"id":2436,"date":"2015-08-25T21:43:02","date_gmt":"2015-08-25T19:43:02","guid":{"rendered":"http:\/\/ostomaz.splet.arnes.si\/?page_id=2436"},"modified":"2025-09-12T08:45:50","modified_gmt":"2025-09-12T06:45:50","slug":"solska-prehrana","status":"publish","type":"page","link":"https:\/\/ostomaz.si\/?page_id=2436","title":{"rendered":"\u0160olska prehrana"},"content":{"rendered":"<p style=\"text-align: justify\"><span style=\"color: #0000ff\"><strong>\u0160OLSKA PREHRANA<\/strong><\/span><\/p>\n<p style=\"text-align: justify\">Na \u0161oli so organizirani naslednji obroki: zajtrk, dopoldanska malica, kosilo in popoldanska malica. Posamezni obrok so star\u0161i za odsotnega u\u010denca dol\u017eni pravo\u010dasno odjaviti, in sicer vsaj 1 dan prej.&nbsp; V kolikor star\u0161i posameznega obroka ne odjavijo pravo\u010dasno, pla\u010dajo polno ceno obroka. Odjava prehrane za nazaj ni mogo\u010da. Dnevna kosila se naro\u010dijo en dan prej pri tajnici osebno ali po telefonu.<\/p>\n<p style=\"text-align: justify\">Organizatorka \u0161olske prehrane je Barbara Colnari\u010d, ki pripravlja jedilnike, vodi izvajanje dejavnosti po sistemu HACCP, na\u010drtuje in daje predloge za kulturno prehranjevanje u\u010dencev, seznanja u\u010dence, star\u0161e in u\u010ditelje z elementi zdrave prehrane, sodeluje s \u0161olsko zdravstveno slu\u017ebo, opravlja druga dela po dogovoru z ravnateljico.<\/p>\n<p style=\"text-align: justify\">V tem \u0161olskem letu bomo na podro\u010dju prehrane z u\u010denci izvajali:<\/p>\n<ul>\n<li style=\"text-align: justify\">promocijske in izobra\u017eevalne dejavnosti v okviru projekta Shema \u0161olskega sadja (skozi celo \u0161olsko leto).<\/li>\n<li style=\"text-align: justify\">Tradicionalen slovenski zajtrk.<\/li>\n<\/ul>\n<p style=\"text-align: justify\">V leto\u0161njem \u0161olskem letu je prioritetni cilj vklju\u010devanje lokalno pridelane hrane, omejevanje sladkorja in soli, uporaba kvalitetnih ma\u0161\u010dob ter vklju\u010devanja ve\u010d zelenjave.<\/p>\n<p style=\"text-align: justify\">O prehrani na spletni strani <a href=\"http:\/\/www.mizs.gov.si\/si\/delovna_podrocja\/direktorat_za_srednje_in_visje_solstvo_ter_izobrazevanje_odraslih\/srednjesolsko_izobrazevanje\/prehrana\/\" target=\"_blank\" rel=\"noopener\">Ministrstva za izobra\u017eevanje, znanost in \u0161port.<\/a><\/p>\n<p><img loading=\"lazy\" decoding=\"async\" class=\"\" src=\"https:\/\/www.gov.si\/assets\/ministrstva\/MKGP\/PODROCJA\/KMETIJSTVO\/SOLSKA-SHEMA\/LOGO_solska_shema_eu_barven1.jpg\" alt=\"\u0160olska shema sadja, zelenjave in mleka | GOV.SI\" width=\"232\" height=\"154\"><\/p>\n<p><span style=\"color: #0000ff\"><strong>\u0160OLSKA SHEMA<\/strong><\/span><\/p>\n<p>Na\u0161a \u0161ola je vklju\u010dena v mednarodni projekt \u0160olska shema (\u0160S), v sklopu katerega, razdeljujemo brezpla\u010dne dodatne obroke sadja, zelenjave ter mleka in mle\u010dnih izdelkov, vsem u\u010dencem na \u0161oli. Vrste sadja in zelenjave, ki jih razdeljujemo, so prilagojene glede na sezono. Poudariti je potrebno, da \u017eivilom iz \u0161olske sheme ne sme biti dodan sladkor, sol in drugi dodatki. Hkrati z razdeljevanjem \u017eivil iz \u0161olske sheme potekajo tudi razli\u010dne izobra\u017eevalne aktivnosti, kot so kuharske delavnice, u\u010dne ure o zdravi prehrani\u2026<\/p>\n<p>\u0160olska shema je promocijski ukrep Skupne kmetijske politike EU. Namen tega ukrepa je spodbuditi trend porabe sadja in zelenjave ter mleka in mle\u010dnih izdelkov in hkrati omejiti nara\u0161\u010danje pojava prekomerne telesne te\u017ee pri otrocih, ki prav tako pove\u010duje tveganje za nastanek \u0161tevilnih kroni\u010dnih bolezni sodobnega \u010dasa.<\/p>\n<p>Sadje in zelenjava predstavljata pomembno skupino \u017eivil v uravnote\u017eenem jedilniku vsakega posameznika. Prav tako je potrebno otoke in mladostnike spodbuditi k u\u017eivanju mleka in mle\u010dnih izdelkov, ki nimajo dodanega sladkorja, umetnih sladil, barvil in drugih dodatkov. Neustrezno prehranjevanje \u017ee v otro\u0161ki in mladostni\u0161ki&nbsp;dobi predstavlja prispevek k tveganju za nastanek nekaterih kroni\u010dnih bolezni v kasnej\u0161em \u017eivljenjskem obdobju, kot so diabetes tipa II., sr\u010dno-\u017eilne bolezni in nekatere vrste raka. Posledice neustrezne prehrane se lahko tudi izrazijo v boleznih pomanjkanja posameznih hranil, podhranjenosti ali prekomerni hranjenosti.<\/p>\n<p>S tem projektom se podpira tudi lokalnega kmeta, kraj\u0161a transportne poti, zau\u017eita \u017eivila pa so bolj sve\u017ea in posledi\u010dno vsebujejo tudi ve\u010d hranilnih snovi in so manj obdelana s kemi\u010dnimi snovmi, ki podalj\u0161ujejo obstojnost \u017eivil.<\/p>\n<p>Povezava na spletno stran \u0160olske sheme:<\/p>\n<p><a style=\"font-style: inherit\" href=\"https:\/\/www.gov.si\/zbirke\/storitve\/izvajanje-solske-sheme\/\"><strong>https:\/\/www.gov.si\/zbirke\/storitve\/izvajanje-solske-sheme\/<\/strong><\/a><\/p>\n<p><strong><span style=\"color: #0000ff\">SPREMLJANJE \u0160OLSKE PREHRANE<\/span><\/strong><\/p>\n<p><a href=\"https:\/\/ostomaz.si\/files\/2024\/11\/Analiza-ankete-o-zadovoljstvu-ucencev-s-solsko-pre.pdf\">Analiza ankete o zadovoljstvu u\u010dencev s \u0161olsko prehrano, konec \u0161ol.leta2023\/24<\/a><\/p>\n<p><span style=\"color: #0000ff\"><strong>PREHRANSKE SMERNICE<\/strong><\/span><\/p>\n<p>Z za\u010detkom novega \u0161olskega leta 2024\/25 stopajo v veljavo prenovljene prehranske smernice.<\/p>\n<p>Potrdili so jih tudi slovenski pediatri in dietetiki. Smernice spodbujajo zdravju in okolju prijazno prehranjevanje, ki ohranja in krepi otrokovo zdravje ter je so\u010dasno prijazno do okolja. To pomeni, da je na kro\u017enikih \u010dim pogosteje lokalna, sezonska, \u010dim bolj naravno pridelana, minimalno predelana in nepakirana hrana.<\/p>\n<p>V skladu s priporo\u010dili novih prehranskih smernic se bomo tudi v na\u0161em zavodu trudili pripravljati zdrave in okusne obroke.<\/p>\n<p>Klju\u010dne informacije o prenovljenih smernicah najdete v priponki.<\/p>\n<p><a href=\"https:\/\/ostomaz.si\/files\/2024\/09\/Skupaj_do_zdravih_prehranskih_navad_letak_A5_splet.pdf\">Skupaj do zdravih prehranskih navad<\/a><\/p>\n<p style=\"text-align: right\">Organizatorka \u0161olske prehrane,<\/p>\n<p style=\"text-align: right\">Barbara Colnari\u010d<\/p>\n","protected":false},"excerpt":{"rendered":"<p>\u0160OLSKA PREHRANA Na \u0161oli so [&hellip;]<\/p>\n","protected":false},"author":735,"featured_media":21305,"parent":2041,"menu_order":0,"comment_status":"closed","ping_status":"open","template":"","meta":{"ngg_post_thumbnail":0,"footnotes":""},"class_list":["post-2436","page","type-page","status-publish","has-post-thumbnail","hentry"],"_links":{"self":[{"href":"https:\/\/ostomaz.si\/index.php?rest_route=\/wp\/v2\/pages\/2436","targetHints":{"allow":["GET"]}}],"collection":[{"href":"https:\/\/ostomaz.si\/index.php?rest_route=\/wp\/v2\/pages"}],"about":[{"href":"https:\/\/ostomaz.si\/index.php?rest_route=\/wp\/v2\/types\/page"}],"author":[{"embeddable":true,"href":"https:\/\/ostomaz.si\/index.php?rest_route=\/wp\/v2\/users\/735"}],"replies":[{"embeddable":true,"href":"https:\/\/ostomaz.si\/index.php?rest_route=%2Fwp%2Fv2%2Fcomments&post=2436"}],"version-history":[{"count":15,"href":"https:\/\/ostomaz.si\/index.php?rest_route=\/wp\/v2\/pages\/2436\/revisions"}],"predecessor-version":[{"id":23020,"href":"https:\/\/ostomaz.si\/index.php?rest_route=\/wp\/v2\/pages\/2436\/revisions\/23020"}],"up":[{"embeddable":true,"href":"https:\/\/ostomaz.si\/index.php?rest_route=\/wp\/v2\/pages\/2041"}],"wp:featuredmedia":[{"embeddable":true,"href":"https:\/\/ostomaz.si\/index.php?rest_route=\/wp\/v2\/media\/21305"}],"wp:attachment":[{"href":"https:\/\/ostomaz.si\/index.php?rest_route=%2Fwp%2Fv2%2Fmedia&parent=2436"}],"curies":[{"name":"wp","href":"https:\/\/api.w.org\/{rel}","templated":true}]}}