{"id":24128,"date":"2025-12-08T08:11:08","date_gmt":"2025-12-08T07:11:08","guid":{"rendered":"https:\/\/ostomaz.splet.arnes.si\/?page_id=24128"},"modified":"2025-12-08T08:11:08","modified_gmt":"2025-12-08T07:11:08","slug":"racunalniski-krozek-v-5-razredu","status":"publish","type":"page","link":"https:\/\/ostomaz.si\/?page_id=24128","title":{"rendered":"Ra\u010dunalni\u0161ki kro\u017eek v 5. razredu"},"content":{"rendered":"<p>V 5. razredu bomo spoznali delo s programom Microsoft Powerpoint. Nau\u010dili se bomo:<\/p>\n<ul>\n<li>kako izdelati predstavitev,<\/li>\n<li>kako dodati nov diapozitiv,<\/li>\n<li>kako narediti prehode med diapozitivi in animacijo,<\/li>\n<li>kako izvajati predstavitev z mi\u0161ko ali avtomatsko,<\/li>\n<li>kako vstaviti sliko, glasbo ali video v predstavitev,&nbsp;<\/li>\n<li>kako narediti fotoalbum,<\/li>\n<li>kako narediti kviz,<\/li>\n<li>kako narediti miselni vzorec<\/li>\n<\/ul>\n<p><iframe loading=\"lazy\" title=\"Kako narediti dobro PowerPoint predstavitev?\" width=\"887\" height=\"499\" src=\"https:\/\/www.youtube.com\/embed\/or8SRp5HxO8?feature=oembed\" frameborder=\"0\" allow=\"accelerometer; autoplay; clipboard-write; encrypted-media; gyroscope; picture-in-picture; web-share\" referrerpolicy=\"strict-origin-when-cross-origin\" allowfullscreen><\/iframe><\/p>\n","protected":false},"excerpt":{"rendered":"<p>V 5. razredu bomo spoznali [&hellip;]<\/p>\n","protected":false},"author":735,"featured_media":0,"parent":0,"menu_order":0,"comment_status":"closed","ping_status":"closed","template":"","meta":{"ngg_post_thumbnail":0,"footnotes":""},"class_list":["post-24128","page","type-page","status-publish","hentry"],"_links":{"self":[{"href":"https:\/\/ostomaz.si\/index.php?rest_route=\/wp\/v2\/pages\/24128","targetHints":{"allow":["GET"]}}],"collection":[{"href":"https:\/\/ostomaz.si\/index.php?rest_route=\/wp\/v2\/pages"}],"about":[{"href":"https:\/\/ostomaz.si\/index.php?rest_route=\/wp\/v2\/types\/page"}],"author":[{"embeddable":true,"href":"https:\/\/ostomaz.si\/index.php?rest_route=\/wp\/v2\/users\/735"}],"replies":[{"embeddable":true,"href":"https:\/\/ostomaz.si\/index.php?rest_route=%2Fwp%2Fv2%2Fcomments&post=24128"}],"version-history":[{"count":1,"href":"https:\/\/ostomaz.si\/index.php?rest_route=\/wp\/v2\/pages\/24128\/revisions"}],"predecessor-version":[{"id":24130,"href":"https:\/\/ostomaz.si\/index.php?rest_route=\/wp\/v2\/pages\/24128\/revisions\/24130"}],"wp:attachment":[{"href":"https:\/\/ostomaz.si\/index.php?rest_route=%2Fwp%2Fv2%2Fmedia&parent=24128"}],"curies":[{"name":"wp","href":"https:\/\/api.w.org\/{rel}","templated":true}]}}