{"id":24115,"date":"2025-12-08T07:45:12","date_gmt":"2025-12-08T06:45:12","guid":{"rendered":"https:\/\/ostomaz.splet.arnes.si\/?page_id=24115"},"modified":"2025-12-08T07:59:47","modified_gmt":"2025-12-08T06:59:47","slug":"racunalniski-krozek-v-6-razredu","status":"publish","type":"page","link":"https:\/\/ostomaz.si\/?page_id=24115","title":{"rendered":"Ra\u010dunalni\u0161ki kro\u017eek v 6. razredu"},"content":{"rendered":"<p>Pri ra\u010dunalni\u0161kem kro\u017eku v 6. razredu bomo:<\/p>\n<ul>\n<li>spoznali delo s programom Canva<\/li>\n<li>izdelali bomo planer<\/li>\n<li>izdelali si bomo plakat<\/li>\n<li>izdelali si bomo vabilo<\/li>\n<li>nau\u010dili se bomo, kako zmontirati film v Canvi, kako narediti prehode, dodati slike, videe, vstaviti glasbo, narediti zaklju\u010dek filma<\/li>\n<\/ul>\n<p><img loading=\"lazy\" decoding=\"async\" class=\"aligncenter size-full wp-image-24119\" src=\"https:\/\/ostomaz.si\/files\/2025\/12\/planer.gif\" alt=\"\" width=\"605\" height=\"352\"><\/p>\n<p><img loading=\"lazy\" decoding=\"async\" class=\"aligncenter size-large wp-image-24120\" src=\"https:\/\/ostomaz.si\/files\/2025\/12\/pust-1024x724.jpg\" alt=\"\" width=\"887\" height=\"627\" srcset=\"https:\/\/ostomaz.si\/files\/2025\/12\/pust-1024x724.jpg 1024w, https:\/\/ostomaz.si\/files\/2025\/12\/pust-800x566.jpg 800w, https:\/\/ostomaz.si\/files\/2025\/12\/pust-768x543.jpg 768w, https:\/\/ostomaz.si\/files\/2025\/12\/pust-1536x1086.jpg 1536w, https:\/\/ostomaz.si\/files\/2025\/12\/pust-947x670.jpg 947w, https:\/\/ostomaz.si\/files\/2025\/12\/pust-624x441.jpg 624w, https:\/\/ostomaz.si\/files\/2025\/12\/pust.jpg 2000w\" sizes=\"auto, (max-width: 887px) 100vw, 887px\" \/><\/p>\n<p><img loading=\"lazy\" decoding=\"async\" class=\"aligncenter wp-image-24121\" src=\"https:\/\/ostomaz.si\/files\/2025\/12\/vabilo-726x1024.jpg\" alt=\"\" width=\"588\" height=\"829\" srcset=\"https:\/\/ostomaz.si\/files\/2025\/12\/vabilo-726x1024.jpg 726w, https:\/\/ostomaz.si\/files\/2025\/12\/vabilo-426x600.jpg 426w, https:\/\/ostomaz.si\/files\/2025\/12\/vabilo-768x1083.jpg 768w, https:\/\/ostomaz.si\/files\/2025\/12\/vabilo-1090x1536.jpg 1090w, https:\/\/ostomaz.si\/files\/2025\/12\/vabilo-947x1335.jpg 947w, https:\/\/ostomaz.si\/files\/2025\/12\/vabilo-624x880.jpg 624w, https:\/\/ostomaz.si\/files\/2025\/12\/vabilo.jpg 1240w\" sizes=\"auto, (max-width: 588px) 100vw, 588px\" \/><\/p>\n<p><img loading=\"lazy\" decoding=\"async\" class=\"aligncenter size-full wp-image-24122\" src=\"https:\/\/ostomaz.si\/files\/2025\/12\/video.jpg\" alt=\"\" width=\"605\" height=\"355\"><\/p>\n<p>&nbsp;<\/p>\n<div contenteditable=\"false\" class=\"arnesvideo-iframe-container\"><iframe data-customwidth=\"100%\" loading=\"lazy\" class=\"arnesvideo-iframe\" data-aviframe=\"1\" data-resize=\"1\" frameborder=\"0\" allowfullscreen=\"\" mozallowfullscreen=\"\" webkitallowfullscreen=\"\" src=\"https:\/\/video.arnes.si\/embed\/r88w288jc68q\"><\/iframe><\/div>\n","protected":false},"excerpt":{"rendered":"<p>Pri ra\u010dunalni\u0161kem kro\u017eku v 6. [&hellip;]<\/p>\n","protected":false},"author":735,"featured_media":0,"parent":0,"menu_order":0,"comment_status":"closed","ping_status":"closed","template":"","meta":{"ngg_post_thumbnail":0,"footnotes":""},"class_list":["post-24115","page","type-page","status-publish","hentry"],"_links":{"self":[{"href":"https:\/\/ostomaz.si\/index.php?rest_route=\/wp\/v2\/pages\/24115","targetHints":{"allow":["GET"]}}],"collection":[{"href":"https:\/\/ostomaz.si\/index.php?rest_route=\/wp\/v2\/pages"}],"about":[{"href":"https:\/\/ostomaz.si\/index.php?rest_route=\/wp\/v2\/types\/page"}],"author":[{"embeddable":true,"href":"https:\/\/ostomaz.si\/index.php?rest_route=\/wp\/v2\/users\/735"}],"replies":[{"embeddable":true,"href":"https:\/\/ostomaz.si\/index.php?rest_route=%2Fwp%2Fv2%2Fcomments&post=24115"}],"version-history":[{"count":4,"href":"https:\/\/ostomaz.si\/index.php?rest_route=\/wp\/v2\/pages\/24115\/revisions"}],"predecessor-version":[{"id":24127,"href":"https:\/\/ostomaz.si\/index.php?rest_route=\/wp\/v2\/pages\/24115\/revisions\/24127"}],"wp:attachment":[{"href":"https:\/\/ostomaz.si\/index.php?rest_route=%2Fwp%2Fv2%2Fmedia&parent=24115"}],"curies":[{"name":"wp","href":"https:\/\/api.w.org\/{rel}","templated":true}]}}