{"id":2398,"date":"2015-08-25T21:04:36","date_gmt":"2015-08-25T19:04:36","guid":{"rendered":"http:\/\/ostomaz.splet.arnes.si\/?page_id=2398"},"modified":"2017-10-18T12:31:25","modified_gmt":"2017-10-18T10:31:25","slug":"administrativni-in-racunovodski-delavci","status":"publish","type":"page","link":"https:\/\/ostomaz.si\/?page_id=2398","title":{"rendered":"Administrativni in ra\u010dunovodski delavci"},"content":{"rendered":"<p><span style=\"color: #0000ff\"><strong>Ra\u010dunovodkinja<\/strong><\/span><\/p>\n<p>Romana Puk\u0161i\u010d<\/p>\n<p>E-mail: &#114;&#x6f;m&#x61;&#x6e;&#97;&#x2e;p&#x75;&#x6b;&#115;&#x69;c&#x40;&#x67;&#117;&#x65;s&#x74;&#x2e;&#97;&#x72;n&#x65;&#x73;&#46;&#x73;i<\/p>\n<p>&nbsp;<\/p>\n<p><span style=\"color: #0000ff\"><strong>Tajnica VIZ<br \/>\n<\/strong><\/span><\/p>\n<p>Silva Slavinec<\/p>\n<p>E-mail: s&#105;&#x6c;&#x76;&#x61;&#46;&#115;&#x6c;&#x61;&#x76;i&#110;&#x65;&#x63;&#x40;g&#117;&#x65;&#x73;&#x74;&#46;&#97;&#x72;&#x6e;&#x65;s&#46;&#x73;&#x69;<\/p>\n","protected":false},"excerpt":{"rendered":"<p>Ra\u010dunovodkinja Romana Puk\u0161i\u010d E-mail: &#x72;&#x6f;&#109;&#97;&#110;a&#x2e;&#x70;&#x75;&#107;&#115;ic&#x40;&#x67;&#x75;&#101;&#115;t&#x2e;&#x61;&#x72;&#110;&#101;&#115;&#46;&#x73;&#x69; [&hellip;]<\/p>\n","protected":false},"author":735,"featured_media":0,"parent":2382,"menu_order":0,"comment_status":"closed","ping_status":"open","template":"","meta":{"ngg_post_thumbnail":0,"footnotes":""},"class_list":["post-2398","page","type-page","status-publish","hentry"],"_links":{"self":[{"href":"https:\/\/ostomaz.si\/index.php?rest_route=\/wp\/v2\/pages\/2398","targetHints":{"allow":["GET"]}}],"collection":[{"href":"https:\/\/ostomaz.si\/index.php?rest_route=\/wp\/v2\/pages"}],"about":[{"href":"https:\/\/ostomaz.si\/index.php?rest_route=\/wp\/v2\/types\/page"}],"author":[{"embeddable":true,"href":"https:\/\/ostomaz.si\/index.php?rest_route=\/wp\/v2\/users\/735"}],"replies":[{"embeddable":true,"href":"https:\/\/ostomaz.si\/index.php?rest_route=%2Fwp%2Fv2%2Fcomments&post=2398"}],"version-history":[{"count":5,"href":"https:\/\/ostomaz.si\/index.php?rest_route=\/wp\/v2\/pages\/2398\/revisions"}],"predecessor-version":[{"id":5639,"href":"https:\/\/ostomaz.si\/index.php?rest_route=\/wp\/v2\/pages\/2398\/revisions\/5639"}],"up":[{"embeddable":true,"href":"https:\/\/ostomaz.si\/index.php?rest_route=\/wp\/v2\/pages\/2382"}],"wp:attachment":[{"href":"https:\/\/ostomaz.si\/index.php?rest_route=%2Fwp%2Fv2%2Fmedia&parent=2398"}],"curies":[{"name":"wp","href":"https:\/\/api.w.org\/{rel}","templated":true}]}}