{"id":2390,"date":"2015-08-25T21:00:50","date_gmt":"2015-08-25T19:00:50","guid":{"rendered":"http:\/\/ostomaz.splet.arnes.si\/?page_id=2390"},"modified":"2022-10-18T10:12:09","modified_gmt":"2022-10-18T08:12:09","slug":"svet-starsev","status":"publish","type":"page","link":"https:\/\/ostomaz.si\/?page_id=2390","title":{"rendered":"Svet star\u0161ev"},"content":{"rendered":"<p>Svet star\u0161ev \u0161ole:<\/p>\n<ul>\n<li>predlaga nadstandardne programe,<\/li>\n<li>daje soglasje k predlogu ravnatelja o nadstandardnih storitvah,<\/li>\n<li>daje mnenje o predlogu programa razvoja \u0161ole in o letnem delovnem na\u010drtu,<\/li>\n<li>razpravlja o poro\u010dilih ravnatelja o vzgojno-izobra\u017eevalni problematiki,<\/li>\n<li>obravnava prito\u017ebe star\u0161ev v zvezi z vzgojno &#8211; izobra\u017eevalnim delom,<\/li>\n<li>voli predstavnike v svet \u0161ole,<\/li>\n<li>opravlja druge naloge v skladu z zakonom in drugimi predpisi.<\/li>\n<\/ul>\n<p><strong> Svet star\u0161ev<\/strong> na za\u010detku \u0161olskega leta lahko sprejme program dela, v katerem natan\u010dneje opredeli naloge in usmeritve za delo.<\/p>\n<p>Poleg zakonsko opredeljenih nalog&nbsp; lahko svet star\u0161ev \u0161e:<\/p>\n<ul>\n<li>sprejema letni program delovanja sveta star\u0161ev;<\/li>\n<li>poda svoje mnenje na vsa vpra\u0161anja, predloge in pobude, ki so naslovljene na svet star\u0161ev;<\/li>\n<li>voli in razre\u0161uje predsednika sveta star\u0161ev in njegovega namestnika;<\/li>\n<li>imenuje \u010dlane delovnih skupin;<\/li>\n<li>zagotavlja in oblikuje na\u010dine povezovanja star\u0161ev v oddelkih s svetom star\u0161ev in svetom \u0161ole;<\/li>\n<li>odlo\u010da o sodelovanju sveta star\u0161ev z drugimi \u0161olami in organizacijami;<\/li>\n<li>sprejema spremembe Poslovnika delovanja sveta star\u0161ev z dvotretjinsko ve\u010dino vseh \u010dlanov sveta star\u0161ev;<\/li>\n<li>razpravlja o pere\u010dih vpra\u0161anjih, ki se ti\u010dejo otrok in o tem oblikuje mnenje.<\/li>\n<\/ul>\n","protected":false},"excerpt":{"rendered":"<p>Svet star\u0161ev \u0161ole: predlaga nadstandardne [&hellip;]<\/p>\n","protected":false},"author":735,"featured_media":0,"parent":2382,"menu_order":0,"comment_status":"closed","ping_status":"open","template":"","meta":{"ngg_post_thumbnail":0,"footnotes":""},"class_list":["post-2390","page","type-page","status-publish","hentry"],"_links":{"self":[{"href":"https:\/\/ostomaz.si\/index.php?rest_route=\/wp\/v2\/pages\/2390","targetHints":{"allow":["GET"]}}],"collection":[{"href":"https:\/\/ostomaz.si\/index.php?rest_route=\/wp\/v2\/pages"}],"about":[{"href":"https:\/\/ostomaz.si\/index.php?rest_route=\/wp\/v2\/types\/page"}],"author":[{"embeddable":true,"href":"https:\/\/ostomaz.si\/index.php?rest_route=\/wp\/v2\/users\/735"}],"replies":[{"embeddable":true,"href":"https:\/\/ostomaz.si\/index.php?rest_route=%2Fwp%2Fv2%2Fcomments&post=2390"}],"version-history":[{"count":15,"href":"https:\/\/ostomaz.si\/index.php?rest_route=\/wp\/v2\/pages\/2390\/revisions"}],"predecessor-version":[{"id":17938,"href":"https:\/\/ostomaz.si\/index.php?rest_route=\/wp\/v2\/pages\/2390\/revisions\/17938"}],"up":[{"embeddable":true,"href":"https:\/\/ostomaz.si\/index.php?rest_route=\/wp\/v2\/pages\/2382"}],"wp:attachment":[{"href":"https:\/\/ostomaz.si\/index.php?rest_route=%2Fwp%2Fv2%2Fmedia&parent=2390"}],"curies":[{"name":"wp","href":"https:\/\/api.w.org\/{rel}","templated":true}]}}