{"id":2355,"date":"2015-08-25T12:28:55","date_gmt":"2015-08-25T10:28:55","guid":{"rendered":"http:\/\/ostomaz.splet.arnes.si\/?page_id=2355"},"modified":"2015-11-04T13:09:54","modified_gmt":"2015-11-04T12:09:54","slug":"knjiznica","status":"publish","type":"page","link":"https:\/\/ostomaz.si\/?page_id=2355","title":{"rendered":"Knji\u017enica"},"content":{"rendered":"<p><span style=\"color: #0000ff\"><strong>Hi\u0161ni red \u0161olske knji\u017enice<\/strong><\/span><\/p>\n<p><strong>\u010cLANSTVO<\/strong><\/p>\n<p style=\"text-align: justify\">\u010clani knji\u017enice so vsi u\u010denci in delavci \u0161ole. Ob vpisu prejmejo uporabniki \u010dlansko izkaznico, s katero si izposojajo gradivo. \u010clanarine ni.<\/p>\n<p style=\"text-align: justify\"><strong>\u00a0IZPOSOJA KNJI\u017dNI\u010cNEGA GRADIVA<\/strong><\/p>\n<p style=\"text-align: justify\">Uporabniki knji\u017enice si lahko izposodijo knjige na dom\u00a0 ali pa v \u010ditalnici. Gradivo imajo lahko \u010dlani knji\u017enice doma izposojeno 15 dni, po potrebi lahko ta rok tudi podalj\u0161ajo. Neknji\u017eno in \u010ditalni\u0161ko gradivo je namenjeno za uporabo pri pouku, zato si ga je mo\u017eno izposoditi samo v \u010ditalnici. Referen\u010dnega gradiva se ne izposoja na dom. U\u010denci 9. razredov morajo vrniti knji\u017eno gradivo do 1. junija.<\/p>\n<p style=\"text-align: justify\"><strong>ODNOS DO KNJI\u017dNEGA GRADIVA<\/strong><\/p>\n<p style=\"text-align: justify\">S knji\u017enim gradivom morajo uporabniki skrbno ravnati. Po\u0161kodovano ali izgubljeno knji\u017eni\u010dno gradivo mora uporabnik nadomestiti z novim ali po vsebini enakovrednim gradivom po dogovoru s knji\u017eni\u010darko.<\/p>\n<p style=\"text-align: justify\">\u00a0<strong>UPORABA RA\u010cUNALNIKA<\/strong><\/p>\n<p style=\"text-align: justify\">Uporabnikom je dovoljena uporaba ra\u010dunalnika v prisotnosti knji\u017eni\u010darke. Ra\u010dunalnik se sme uporabljati izklju\u010dno za \u0161olsko delo. Pri ra\u010dunalniku je lahko le en uporabnik (izjema je, \u010de se dela naloga v parih ali skupinah). Prepovedana je uporaba \u00a0spletnih socialnih omre\u017eij, igric, obiskovanje spornih strani na internetu, vna\u0161anje osebnih podatkov in nakupovanje. Prav tako je prepovedano brisanje name\u0161\u010denih programov, name\u0161\u010danje programov in uni\u010devanje strojne opreme.<\/p>\n<p style=\"text-align: justify\"><span style=\"color: #0000ff\"><strong>Knji\u017eni\u010dni red<\/strong><\/span><\/p>\n<p><em>V \u010ditalnici:<\/em><\/p>\n<ul>\n<li>berem,<\/li>\n<li>se u\u010dim,<\/li>\n<li>pi\u0161em naloge,<\/li>\n<li>pripravljam referate, seminarske naloge,<\/li>\n<li>se tiho pogovarjam.<\/li>\n<\/ul>\n<p><em>\u00a0V knji\u017enici:<\/em><\/p>\n<ul>\n<li>ne jem in ne pijem,<\/li>\n<li>se ne lovim in ne skrivam,<\/li>\n<li>ne vpijem.<\/li>\n<li>ne trgam in uni\u010dujem knjig,<\/li>\n<li>ne uporabljam mobilnega telefona.<\/li>\n<\/ul>\n<p style=\"text-align: justify\">S tak\u0161nim po\u010detjem motim druge, zato me knji\u017eni\u010darka enkrat opozori, pri drugem opozorilu pa moram za ta dan zapustiti knji\u017enico. Vsaka knjiga na polici ima svoje mesto, zato pazim, da jo vrnem tja, kamor spada. Kadar i\u0161\u010dem knjigo zase, pospravim polico za seboj. \u010ce ne vem, kam sodi knjiga, jo odlo\u017eim na polico pri ra\u010dunalniku.<\/p>\n","protected":false},"excerpt":{"rendered":"<p>Hi\u0161ni red \u0161olske knji\u017enice \u010cLANSTVO [&hellip;]<\/p>\n","protected":false},"author":735,"featured_media":2379,"parent":1699,"menu_order":0,"comment_status":"closed","ping_status":"open","template":"template-noright.php","meta":{"ngg_post_thumbnail":0,"footnotes":""},"class_list":["post-2355","page","type-page","status-publish","has-post-thumbnail","hentry"],"_links":{"self":[{"href":"https:\/\/ostomaz.si\/index.php?rest_route=\/wp\/v2\/pages\/2355","targetHints":{"allow":["GET"]}}],"collection":[{"href":"https:\/\/ostomaz.si\/index.php?rest_route=\/wp\/v2\/pages"}],"about":[{"href":"https:\/\/ostomaz.si\/index.php?rest_route=\/wp\/v2\/types\/page"}],"author":[{"embeddable":true,"href":"https:\/\/ostomaz.si\/index.php?rest_route=\/wp\/v2\/users\/735"}],"replies":[{"embeddable":true,"href":"https:\/\/ostomaz.si\/index.php?rest_route=%2Fwp%2Fv2%2Fcomments&post=2355"}],"version-history":[{"count":1,"href":"https:\/\/ostomaz.si\/index.php?rest_route=\/wp\/v2\/pages\/2355\/revisions"}],"predecessor-version":[{"id":2356,"href":"https:\/\/ostomaz.si\/index.php?rest_route=\/wp\/v2\/pages\/2355\/revisions\/2356"}],"up":[{"embeddable":true,"href":"https:\/\/ostomaz.si\/index.php?rest_route=\/wp\/v2\/pages\/1699"}],"wp:featuredmedia":[{"embeddable":true,"href":"https:\/\/ostomaz.si\/index.php?rest_route=\/wp\/v2\/media\/2379"}],"wp:attachment":[{"href":"https:\/\/ostomaz.si\/index.php?rest_route=%2Fwp%2Fv2%2Fmedia&parent=2355"}],"curies":[{"name":"wp","href":"https:\/\/api.w.org\/{rel}","templated":true}]}}