{"id":18743,"date":"2023-03-23T08:30:44","date_gmt":"2023-03-23T07:30:44","guid":{"rendered":"https:\/\/ostomaz.splet.arnes.si\/?page_id=18743"},"modified":"2025-09-12T08:28:39","modified_gmt":"2025-09-12T06:28:39","slug":"varstvo-osebnih-podatkov","status":"publish","type":"page","link":"https:\/\/ostomaz.si\/?page_id=18743","title":{"rendered":"Varstvo osebnih podatkov"},"content":{"rendered":"<p><a href=\"https:\/\/ostomaz.si\/files\/2023\/03\/Obvestilo-o-imenovanju-pooblascene-osebe-za-varstvo-osebnih-podatko_OSSvTomaz.pdf\">Obvestilo o imenovanju poobla\u0161\u010dene osebe za varstvo osebnih podatkov O\u0160 Sveti Toma\u017e<\/a><\/p>\n<p><a href=\"https:\/\/ostomaz.si\/files\/2025\/09\/GDPR-SOLA.pdf\">GDPR SOLA<\/a><\/p>\n","protected":false},"excerpt":{"rendered":"<p>Obvestilo o imenovanju poobla\u0161\u010dene osebe [&hellip;]<\/p>\n","protected":false},"author":735,"featured_media":0,"parent":0,"menu_order":0,"comment_status":"closed","ping_status":"closed","template":"","meta":{"ngg_post_thumbnail":0,"footnotes":""},"class_list":["post-18743","page","type-page","status-publish","hentry"],"_links":{"self":[{"href":"https:\/\/ostomaz.si\/index.php?rest_route=\/wp\/v2\/pages\/18743","targetHints":{"allow":["GET"]}}],"collection":[{"href":"https:\/\/ostomaz.si\/index.php?rest_route=\/wp\/v2\/pages"}],"about":[{"href":"https:\/\/ostomaz.si\/index.php?rest_route=\/wp\/v2\/types\/page"}],"author":[{"embeddable":true,"href":"https:\/\/ostomaz.si\/index.php?rest_route=\/wp\/v2\/users\/735"}],"replies":[{"embeddable":true,"href":"https:\/\/ostomaz.si\/index.php?rest_route=%2Fwp%2Fv2%2Fcomments&post=18743"}],"version-history":[{"count":4,"href":"https:\/\/ostomaz.si\/index.php?rest_route=\/wp\/v2\/pages\/18743\/revisions"}],"predecessor-version":[{"id":23018,"href":"https:\/\/ostomaz.si\/index.php?rest_route=\/wp\/v2\/pages\/18743\/revisions\/23018"}],"wp:attachment":[{"href":"https:\/\/ostomaz.si\/index.php?rest_route=%2Fwp%2Fv2%2Fmedia&parent=18743"}],"curies":[{"name":"wp","href":"https:\/\/api.w.org\/{rel}","templated":true}]}}