{"id":16805,"date":"2022-03-11T12:24:21","date_gmt":"2022-03-11T11:24:21","guid":{"rendered":"https:\/\/ostomaz.splet.arnes.si\/?page_id=16805"},"modified":"2022-03-11T12:24:21","modified_gmt":"2022-03-11T11:24:21","slug":"delovni-sestanek-go-car-go-plus-projekt-v-srbiji","status":"publish","type":"page","link":"https:\/\/ostomaz.si\/?page_id=16805","title":{"rendered":"Delovni sestanek\u00a0Go-Car-Go PLUS projekt v Srbiji"},"content":{"rendered":"<h5 style=\"text-align: center\">Delovni sestanek\u00a0Go-Car-Go PLUS projekt v Srbiji<\/h5>\n<table>\n<tbody>\n<tr>\n<td width=\"151\">Datum<\/td>\n<td width=\"450\">15. i 16.3.2022.<\/td>\n<\/tr>\n<tr>\n<td width=\"151\">Mesto<\/td>\n<td width=\"450\">\n<p><strong>Osnovna \u0161kola \u201eMatija Gubec\u201c<\/strong><\/p>\n<p><strong>Marka Ore\u0161kovi\u0107a 12a<\/strong><\/p>\n<p><strong>24214 Donji Tavankut<\/strong><\/p>\n<p><strong>Republika Srbija<\/strong><\/td>\n<\/tr>\n<\/tbody>\n<\/table>\n<p>&nbsp;<\/p>\n<p>Dnevni red (torek\u00a0 15.3.2022.):<\/p>\n<p>13.00 &#8211; 14.00 Prihod, osve\u017eitev in namestitev udele\u017eencev<\/p>\n<p>14.00\u00a0 \u00a0 \u00a0 Kosilo v prostorih \u0161ole<\/p>\n<p>14.45 &#8211; 15.00\u00a0 Registracija udele\u017eencev sre\u010danja<\/p>\n<p>15.00 &#8211; 16.00 Delovni sestanek\u00a0 mentorji<\/p>\n<p>Delavnica spoznavanja med u\u010denci gosti in doma\u010dini<\/p>\n<p>16.00 &#8211; 17.00\u00a0 \u00a0Ogled Tavankuta (Galerija Prve kolonije naive u tehnici slame, \u017dupa i \u017eupna crkva Srce Isusovo, Etno\u00a0 \u00a0 \u00a0 \u00a0 \u00a0 \u00a0 \u00a0 \u00a0 \u00a0 \u00a0 \u00a0 \u00a0 \u00a0sala\u0161 Bala\u017eevi\u0107)\u00a0 &#8211; odrasli<\/p>\n<p>Glagoljica &#8211; delavnica spoznavanja Tavankuta skoz igro raziskovanja- u\u010denci gostje in doma\u010dini<\/p>\n<p>17.30\u00a0 Osve\u017eitev<\/p>\n<p>17.30 &#8211; 19.00\u00a0 Prikaz dela pouka Tehnike in tehnologije<\/p>\n<p>Delavnica roljanja za odrasle i u\u010denike<\/p>\n<p>Delavnica izdelave uporabnih predmetov iz slame za mentorje in u\u010dence<\/p>\n<p>19.00 &#8211; 20.00\u00a0 Prosto<\/p>\n<p>20.00\u00a0\u00a0\u00a0\u00a0\u00a0\u00a0\u00a0\u00a0\u00a0\u00a0\u00a0\u00a0\u00a0\u00a0 Ve\u010derja za vse udele\u017eence(mentorje in u\u010dence) v prostorih \u0161ole v prostorih \u0161ole, ob glasbi\u00a0 \u00a0 \u00a0 \u00a0 \u00a0 \u00a0 \u00a0 \u00a0 \u00a0 \u00a0 \u00a0 \u00a0 \u00a0 \u00a0 \u00a0 \u00a0 \u00a0 \u00a0 \u00a0 \u00a0 \u00a0tambura\u0161ev<\/p>\n<p>20.30 &#8211; 22.00\u00a0 Karaoke za u\u010dence gostov in doma\u010dinov<\/p>\n<p>&nbsp;<\/p>\n<p>Plan dela (16.3.2022.):<\/p>\n<p>8.00\u00a0\u00a0\u00a0\u00a0\u00a0\u00a0\u00a0\u00a0\u00a0\u00a0\u00a0\u00a0\u00a0\u00a0\u00a0\u00a0 Zajtrk v prostorih \u0161ole<\/p>\n<p>9.00 &#8211; 10.30\u00a0\u00a0\u00a0\u00a0 Odhod v Suboticu n ogled mesta z strokovnnim vodenjem (Gradska ku\u0107a, Sinagoga, Korzo\u2026)<\/p>\n<p>10.30 &#8211; 11.30\u00a0 \u00a0Obisk srednje tehni\u0161ke \u0161ole\u00a0 \u201eIvan Sari\u0107\u201c iz Subotice<\/p>\n<p>11.30\u00a0\u00a0\u00a0\u00a0\u00a0\u00a0\u00a0\u00a0\u00a0\u00a0\u00a0\u00a0\u00a0\u00a0 Odhod v\u00a0 Tavankut<\/p>\n<p>12.00\u00a0\u00a0\u00a0\u00a0\u00a0\u00a0\u00a0\u00a0\u00a0\u00a0\u00a0\u00a0\u00a0\u00a0 Kosilo za vse udele\u017eence v prostorih \u0161ole in zaklju\u010dek sestanka<\/p>\n<p>Po kosilu razdelitev\u00a0 lan\u010d paketov, pozdrav<\/p>\n<p>Osnovna \u0161kola \u201eMatija Gubec\u201c Tavankut<\/p>\n<p><a href=\"http:\/\/osmgubec.edu.rs\/\">http:\/\/osmgubec.edu.rs\/<\/a><\/p>\n<p>Etno sala\u0161 Bala\u017eevi\u0107<\/p>\n<p><a href=\"https:\/\/visitsubotica.rs\/sta-raditi\/salas-vinarija\/etno-salas-balazevic\/\">https:\/\/visitsubotica.rs\/sta-raditi\/salas-vinarija\/etno-salas-balazevic\/<\/a><\/p>\n<p>Subotica<\/p>\n<p><a href=\"https:\/\/visitsubotica.rs\/\">https:\/\/visitsubotica.rs\/<\/a><\/p>\n<p>Tehni\u010dka \u0161kola \u201eIvan Sari\u0107\u201c Subotica<\/p>\n<p><a href=\"https:\/\/tsis.edu.rs\/sr\/?_rstr_nocache=script336621ced8cc207e\">https:\/\/tsis.edu.rs\/sr\/?_rstr_nocache=script336621ced8cc207e<\/a><\/p>\n","protected":false},"excerpt":{"rendered":"<p>Delovni sestanek\u00a0Go-Car-Go PLUS projekt v [&hellip;]<\/p>\n","protected":false},"author":735,"featured_media":0,"parent":0,"menu_order":0,"comment_status":"closed","ping_status":"closed","template":"","meta":{"ngg_post_thumbnail":0,"footnotes":""},"class_list":["post-16805","page","type-page","status-publish","hentry"],"_links":{"self":[{"href":"https:\/\/ostomaz.si\/index.php?rest_route=\/wp\/v2\/pages\/16805","targetHints":{"allow":["GET"]}}],"collection":[{"href":"https:\/\/ostomaz.si\/index.php?rest_route=\/wp\/v2\/pages"}],"about":[{"href":"https:\/\/ostomaz.si\/index.php?rest_route=\/wp\/v2\/types\/page"}],"author":[{"embeddable":true,"href":"https:\/\/ostomaz.si\/index.php?rest_route=\/wp\/v2\/users\/735"}],"replies":[{"embeddable":true,"href":"https:\/\/ostomaz.si\/index.php?rest_route=%2Fwp%2Fv2%2Fcomments&post=16805"}],"version-history":[{"count":1,"href":"https:\/\/ostomaz.si\/index.php?rest_route=\/wp\/v2\/pages\/16805\/revisions"}],"predecessor-version":[{"id":16808,"href":"https:\/\/ostomaz.si\/index.php?rest_route=\/wp\/v2\/pages\/16805\/revisions\/16808"}],"wp:attachment":[{"href":"https:\/\/ostomaz.si\/index.php?rest_route=%2Fwp%2Fv2%2Fmedia&parent=16805"}],"curies":[{"name":"wp","href":"https:\/\/api.w.org\/{rel}","templated":true}]}}