{"id":15735,"date":"2021-05-12T14:52:48","date_gmt":"2021-05-12T12:52:48","guid":{"rendered":"http:\/\/ostomaz.splet.arnes.si\/?page_id=15735"},"modified":"2021-05-12T20:57:24","modified_gmt":"2021-05-12T18:57:24","slug":"ali-lahko-doma-izdelam-ucinkovito-napravo-za-krepitev-misic","status":"publish","type":"page","link":"https:\/\/ostomaz.si\/?page_id=15735","title":{"rendered":"Ali lahko doma izdelam u\u010dinkovito napravo za krepitev mi\u0161ic"},"content":{"rendered":"<p><span style=\"color: #000000\"><a style=\"color: #000000\" href=\"http:\/\/ostomaz.splet.arnes.si\/files\/2021\/05\/ATS_STEM_logo_FINAL_RGB-1.jpg\"><img loading=\"lazy\" decoding=\"async\" class=\"aligncenter size-medium wp-image-15742\" src=\"http:\/\/ostomaz.splet.arnes.si\/files\/2021\/05\/ATS_STEM_logo_FINAL_RGB-1-300x136.jpg\" alt=\"\" width=\"300\" height=\"136\" srcset=\"https:\/\/ostomaz.si\/files\/2021\/05\/ATS_STEM_logo_FINAL_RGB-1-300x136.jpg 300w, https:\/\/ostomaz.si\/files\/2021\/05\/ATS_STEM_logo_FINAL_RGB-1.jpg 500w\" sizes=\"auto, (max-width: 300px) 100vw, 300px\" \/><\/a><\/span><\/p>\n<p><span style=\"color: #000000\">V okviru trajnostnega razvoja Skrb za zdravje smo si z u\u010denci\u00a0 8. razreda\u00a0 v \u00bbkorona \u010dasu\u00ab zastavili vpra\u0161anje <span style=\"color: #ff0000\"><strong>Ali lahko doma izdelam u\u010dinkovito napravo za vadbo mi\u0161ic<\/strong><\/span>. Medpredmetno smo se povezali u\u010ditelji matematike, kemije, biologije in tehnike. Vse dejavnosti celotnega sklopa smo izvedli na <span style=\"color: #0000ff\">daljavo preko videokonferenc<\/span> v M. Teams.\u00a0<\/span><\/p>\n<p><span style=\"color: #000000\">Ker v okviru projekta ATS Stem na na\u0161i \u0161oli posve\u010damo ve\u010d pozornosti ve\u0161\u010dini komunikacije in kriti\u010dnega mi\u0161ljenja, so u\u010denci v za\u010detku zbirali ideje, kako skrbeti za svoje zdravje.<\/span><\/p>\n<p><span style=\"color: #000000\"><span style=\"color: #0000ff\">Argumenti u\u010dencev<\/span>: \u00bbGibanje je pomembno, da se ne zredimo.\u00ab<\/span><br \/>\n<span style=\"color: #000000\">\u00a0\u00a0\u00a0\u00a0\u00a0\u00a0\u00a0\u00a0\u00a0\u00a0\u00a0\u00a0\u00a0\u00a0\u00a0\u00a0\u00a0\u00a0\u00a0 \u00a0\u00a0\u00a0\u00a0\u00a0\u00a0\u00a0\u00a0\u00a0\u00a0\u00a0\u00a0\u00a0\u00a0\u00a0\u00a0\u00a0\u00bbGibati se moramo, da ne postanemo zakrneli.\u00ab<\/span><br \/>\n<span style=\"color: #000000\">\u00a0\u00a0\u00a0\u00a0\u00a0\u00a0\u00a0\u00a0\u00a0\u00a0\u00a0\u00a0\u00a0\u00a0\u00a0\u00a0\u00a0\u00a0\u00a0\u00a0\u00a0\u00a0\u00a0\u00a0\u00a0\u00a0\u00a0\u00a0\u00a0\u00a0\u00a0\u00a0\u00a0\u00a0\u00a0\u00a0\u00a0 \u00bbGrem ven in se osve\u017eim s tekom.\u00ab<\/span><\/p>\n<p><span style=\"color: #000000\">Sledile so dejavnosti, ki so u\u010dence usmerile v razmi\u0161ljanje o delovanju mi\u0161ic: <\/span><span style=\"color: #000000\">ogled <a href=\"https:\/\/www.youtube.com\/watch?v=5BNHeQP3i9Y\" target=\"_blank\" rel=\"noopener noreferrer\">videoposnetka<\/a> o delovanju mi\u0161ic , zbiranje idej o u\u010dinkoviti napravi za vadbo ter diskusija po skupinah.<\/span><\/p>\n<p><span style=\"color: #000000\">Ko so se u\u010denci seznanili z nameni in kriteriji uspe\u0161nosti za izdelek, so doma izdelali svojo napravo za vadbo mi\u0161ic.<br \/>\n<\/span><\/p>\n<p><span style=\"color: #000000\">Nastali so odli\u010dni, uporabni izdelki.\u00a0<\/span><\/p>\n<p><a href=\"http:\/\/ostomaz.splet.arnes.si\/files\/2021\/05\/slika_misice.png\"><img loading=\"lazy\" decoding=\"async\" class=\"alignleft size-medium wp-image-15745\" src=\"http:\/\/ostomaz.splet.arnes.si\/files\/2021\/05\/slika_misice-249x300.png\" alt=\"\" width=\"249\" height=\"300\" srcset=\"https:\/\/ostomaz.si\/files\/2021\/05\/slika_misice-249x300.png 249w, https:\/\/ostomaz.si\/files\/2021\/05\/slika_misice.png 409w\" sizes=\"auto, (max-width: 249px) 100vw, 249px\" \/><\/a><\/p>\n<p>&nbsp;<\/p>\n<p>&nbsp;<\/p>\n<p>&nbsp;<\/p>\n<p>&nbsp;<\/p>\n<p>&nbsp;<\/p>\n<p>&nbsp;<\/p>\n<p>&nbsp;<\/p>\n<p>&nbsp;<\/p>\n<p><span style=\"color: #000000\">Svoje izdelke so u\u010denci preizku\u0161ali sami ter jih za preizku\u0161anje ponudili svojim doma\u010dim. <\/span><\/p>\n<p><span style=\"color: #000000\">Izdelke so predstavili svojim so\u0161olcem v okolju Padlet.<\/span><\/p>\n<p><span style=\"color: #000000\">Pri predstavitvi je bilo zelo pomembno, da so svoj izdelek podkrepili z argumenti, zakaj je njihova naprava u\u010dinkovita za vadbo.<\/span><\/p>\n<p><span style=\"color: #0000ff\">Argumenti u\u010dencev<\/span>: <span style=\"color: #000000\">\u00bbMoja naprava je dobra, ker krepi mi\u0161ice na nogah in rokah.\u00ab<br \/>\n<\/span>\u00a0 \u00a0 \u00a0 \u00a0 \u00a0 \u00a0 \u00a0 \u00a0 \u00a0 \u00a0 \u00a0 \u00a0 \u00a0 \u00a0 \u00a0 \u00a0 \u00a0 \u00a0<span style=\"color: #000000\"> \u00bbMoja naprava je u\u010dinkovita, ker se lahko prilagaja, odvisno kdo jo uporablja.\u00ab<br \/>\n<\/span>\u00a0 \u00a0 \u00a0 \u00a0 \u00a0 \u00a0 \u00a0 \u00a0 \u00a0 \u00a0 \u00a0 \u00a0 \u00a0 \u00a0 \u00a0 \u00a0 \u00a0 \u00a0 \u00a0<span style=\"color: #000000\">\u00bbSuper je, ker sem z materialom, ki sem ga na\u0161el doma, izdelal napravo, s katero krepim\u00a0 \u00a0 \u00a0 \u00a0 \u00a0 \u00a0 \u00a0 \u00a0 \u00a0 \u00a0 \u00a0 \u00a0 \u00a0 \u00a0 \u00a0 \u00a0 \u00a0 \u00a0 \u00a0 \u00a0 \u00a0 \u00a0 \u00a0 \u00a0 \u00a0ro\u010dne mi\u0161ice in hkrati no\u017ene.\u00ab<\/p>\n<p><\/span><span style=\"color: #ff0000\">U\u010denci so s svojimi izdelki dokazali, da je doma veliko prilo\u017enosti za vadbo, za kar ni potrebno od\u0161teti veliko denarja.<\/span><\/p>\n<p><span style=\"color: #000000\">Zapisala: vodja \u0160PT u\u010diteljica Tadeja V. Zorman<\/span><\/p>\n","protected":false},"excerpt":{"rendered":"<p>V okviru trajnostnega razvoja Skrb [&hellip;]<\/p>\n","protected":false},"author":735,"featured_media":15745,"parent":15732,"menu_order":0,"comment_status":"closed","ping_status":"closed","template":"","meta":{"ngg_post_thumbnail":0,"footnotes":""},"class_list":["post-15735","page","type-page","status-publish","has-post-thumbnail","hentry"],"_links":{"self":[{"href":"https:\/\/ostomaz.si\/index.php?rest_route=\/wp\/v2\/pages\/15735","targetHints":{"allow":["GET"]}}],"collection":[{"href":"https:\/\/ostomaz.si\/index.php?rest_route=\/wp\/v2\/pages"}],"about":[{"href":"https:\/\/ostomaz.si\/index.php?rest_route=\/wp\/v2\/types\/page"}],"author":[{"embeddable":true,"href":"https:\/\/ostomaz.si\/index.php?rest_route=\/wp\/v2\/users\/735"}],"replies":[{"embeddable":true,"href":"https:\/\/ostomaz.si\/index.php?rest_route=%2Fwp%2Fv2%2Fcomments&post=15735"}],"version-history":[{"count":3,"href":"https:\/\/ostomaz.si\/index.php?rest_route=\/wp\/v2\/pages\/15735\/revisions"}],"predecessor-version":[{"id":15746,"href":"https:\/\/ostomaz.si\/index.php?rest_route=\/wp\/v2\/pages\/15735\/revisions\/15746"}],"up":[{"embeddable":true,"href":"https:\/\/ostomaz.si\/index.php?rest_route=\/wp\/v2\/pages\/15732"}],"wp:featuredmedia":[{"embeddable":true,"href":"https:\/\/ostomaz.si\/index.php?rest_route=\/wp\/v2\/media\/15745"}],"wp:attachment":[{"href":"https:\/\/ostomaz.si\/index.php?rest_route=%2Fwp%2Fv2%2Fmedia&parent=15735"}],"curies":[{"name":"wp","href":"https:\/\/api.w.org\/{rel}","templated":true}]}}