{"id":14311,"date":"2020-06-23T14:21:03","date_gmt":"2020-06-23T12:21:03","guid":{"rendered":"http:\/\/ostomaz.splet.arnes.si\/?page_id=14311"},"modified":"2025-06-19T07:10:56","modified_gmt":"2025-06-19T05:10:56","slug":"potrebscine-20202021","status":"publish","type":"page","link":"https:\/\/ostomaz.si\/?page_id=14311","title":{"rendered":"Potreb\u0161\u010dine 2025\/2026"},"content":{"rendered":"<p>\u0160olske potreb\u0161\u010dine 2025\/2026<\/p>\n<ul>\n<li><a href=\"https:\/\/ostomaz.si\/files\/2025\/06\/Gradiva_1razred-1.pdf\">Potreb\u0161\u010dine_1razred<\/a><\/li>\n<li><a href=\"https:\/\/ostomaz.si\/files\/2025\/06\/Gradiva_2razred.pdf\">Potreb\u0161\u010dine_2razred<\/a><\/li>\n<li><a href=\"https:\/\/ostomaz.si\/files\/2025\/06\/Gradiva_3razred.pdf\">Potreb\u0161\u010dine_3razred<\/a><\/li>\n<li><a href=\"https:\/\/ostomaz.si\/files\/2025\/06\/Gradiva_4razred.pdf\">Potreb\u0161\u010dine_4razred<\/a><\/li>\n<li><a href=\"https:\/\/ostomaz.si\/files\/2025\/06\/Gradiva_5razred.pdf\">Potreb\u0161\u010dine_5razred<\/a><\/li>\n<li><a href=\"https:\/\/ostomaz.si\/files\/2025\/06\/Gradiva_6razred.pdf\">Potreb\u0161\u010dine_6razred<\/a><\/li>\n<li><a href=\"https:\/\/ostomaz.si\/files\/2025\/06\/Gradiva_7razred.pdf\">Potreb\u0161\u010dine_7razred<\/a><\/li>\n<li><a href=\"https:\/\/ostomaz.si\/files\/2025\/06\/Gradiva_8razred.pdf\">Potreb\u0161\u010dine_8razred<\/a><\/li>\n<li><a href=\"https:\/\/ostomaz.si\/files\/2025\/06\/Gradiva_9razred.pdf\">Potreb\u0161\u010dine_9razred<\/a><\/li>\n<\/ul>\n","protected":false},"excerpt":{"rendered":"<p>\u0160olske potreb\u0161\u010dine 2025\/2026 Potreb\u0161\u010dine_1razred Potreb\u0161\u010dine_2razred [&hellip;]<\/p>\n","protected":false},"author":735,"featured_media":0,"parent":0,"menu_order":0,"comment_status":"closed","ping_status":"closed","template":"","meta":{"ngg_post_thumbnail":0,"footnotes":""},"class_list":["post-14311","page","type-page","status-publish","hentry"],"_links":{"self":[{"href":"https:\/\/ostomaz.si\/index.php?rest_route=\/wp\/v2\/pages\/14311","targetHints":{"allow":["GET"]}}],"collection":[{"href":"https:\/\/ostomaz.si\/index.php?rest_route=\/wp\/v2\/pages"}],"about":[{"href":"https:\/\/ostomaz.si\/index.php?rest_route=\/wp\/v2\/types\/page"}],"author":[{"embeddable":true,"href":"https:\/\/ostomaz.si\/index.php?rest_route=\/wp\/v2\/users\/735"}],"replies":[{"embeddable":true,"href":"https:\/\/ostomaz.si\/index.php?rest_route=%2Fwp%2Fv2%2Fcomments&post=14311"}],"version-history":[{"count":15,"href":"https:\/\/ostomaz.si\/index.php?rest_route=\/wp\/v2\/pages\/14311\/revisions"}],"predecessor-version":[{"id":22750,"href":"https:\/\/ostomaz.si\/index.php?rest_route=\/wp\/v2\/pages\/14311\/revisions\/22750"}],"wp:attachment":[{"href":"https:\/\/ostomaz.si\/index.php?rest_route=%2Fwp%2Fv2%2Fmedia&parent=14311"}],"curies":[{"name":"wp","href":"https:\/\/api.w.org\/{rel}","templated":true}]}}