{"id":12407,"date":"2020-04-02T11:49:26","date_gmt":"2020-04-02T09:49:26","guid":{"rendered":"http:\/\/ostomaz.splet.arnes.si\/?page_id=12407"},"modified":"2020-04-09T09:48:57","modified_gmt":"2020-04-09T07:48:57","slug":"ustvarjalnice","status":"publish","type":"page","link":"https:\/\/ostomaz.si\/?page_id=12407","title":{"rendered":"Ustvarjalnice"},"content":{"rendered":"<p><strong><a href=\"http:\/\/ostomaz.splet.arnes.si\/files\/2020\/04\/Mo\u0161nji\u010dek-za-nakit-ali-drobi\u017e.docx\">Mo\u0161nji\u010dek za nakit ali drobi\u017e<\/a><\/strong><\/p>\n<p><strong>USTVARJALNICE<\/strong><\/p>\n<p><strong>\u00a0<\/strong><\/p>\n<p>Pozdravljena, ustvarjalci. \u017de zelo pogre\u0161ate \u0161olo? Izkoristite \u010das za aktivnosti, ki jih imate radi.<\/p>\n<p>Razumem, z delom za \u0161ola imate \u0161e kar veliko dela.<\/p>\n<p>\u010casi, ki jih pre\u017eivljamo niso najbolj vzpodbudni, pa vseeno iz tega lahko potegnemo nekaj dobrega. Ker nas povsod opozarjajo, da potrebujemo za\u0161\u010dito, vam predlagam, da si v okviru \u00bbUstvarjalnic\u00ab izdelate svojo masko. Jaz sem se lotila in mi je uspelo. Verjamem, da tudi vam ne bo delala te\u017eav, \u010de pa se bodo pojavile, me pokli\u010dite ali mi pi\u0161ite. Prilagam vam postopek za \u0161ivanje s \u0161ivanko.<\/p>\n<p>Lahko \u0161ivate tudi s \u0161ivalnim strojem ali vam pomagajo star\u0161i. Pazite na varnost.<\/p>\n<p>Veselim se fotografij in zapisov. \u017delim veliko ustvarjalnih u\u017eitkov.<\/p>\n<p>Lep pozdrav vodja interesne dejavnosti \u00bbUSTVARJALNICE\u00ab<\/p>\n<p>u\u010diteljica \u0160tefanija<\/p>\n<p>&nbsp;<\/p>\n<p><strong>ZA\u0160\u010cITNA MASKA<\/strong><\/p>\n<p><a href=\"http:\/\/ostomaz.splet.arnes.si\/files\/2020\/04\/maska1-e1585820752325.jpg\"><img loading=\"lazy\" decoding=\"async\" class=\"aligncenter size-medium wp-image-12409\" src=\"http:\/\/ostomaz.splet.arnes.si\/files\/2020\/04\/maska1-e1585820752325-300x180.jpg\" alt=\"\" width=\"300\" height=\"180\" srcset=\"https:\/\/ostomaz.si\/files\/2020\/04\/maska1-e1585820752325-300x180.jpg 300w, https:\/\/ostomaz.si\/files\/2020\/04\/maska1-e1585820752325.jpg 597w\" sizes=\"auto, (max-width: 300px) 100vw, 300px\" \/><\/a><\/p>\n<p>Potrebujemo dva kosa pralnega blaga, velikost 19 cm X 19cm. Jaz sem vzela bomba\u017e. \u0160ivanko in nit \u2013 postopek \u0161ivanja pa \u017ee poznate.\u00a0 \u0160ivali boste tako kot pri kro\u017eku. \u0160ivamo na strani kjer ni vzorca.<\/p>\n<p><a href=\"http:\/\/ostomaz.splet.arnes.si\/files\/2020\/04\/maska2-e1585820807944.jpg\"><img loading=\"lazy\" decoding=\"async\" class=\"aligncenter size-medium wp-image-12411\" src=\"http:\/\/ostomaz.splet.arnes.si\/files\/2020\/04\/maska2-e1585820807944-300x288.jpg\" alt=\"\" width=\"300\" height=\"288\" srcset=\"https:\/\/ostomaz.si\/files\/2020\/04\/maska2-e1585820807944-300x288.jpg 300w, https:\/\/ostomaz.si\/files\/2020\/04\/maska2-e1585820807944-768x736.jpg 768w, https:\/\/ostomaz.si\/files\/2020\/04\/maska2-e1585820807944-624x598.jpg 624w, https:\/\/ostomaz.si\/files\/2020\/04\/maska2-e1585820807944.jpg 923w\" sizes=\"auto, (max-width: 300px) 100vw, 300px\" \/><\/a><\/p>\n<p>&nbsp;<\/p>\n<p>Pustimo en del, da lahko obrnemo na pravo stran. Tu je \u017ee obrnjena na pravo stran.<\/p>\n<p><a href=\"http:\/\/ostomaz.splet.arnes.si\/files\/2020\/04\/maska3.jpg\"><img loading=\"lazy\" decoding=\"async\" class=\"aligncenter size-medium wp-image-12413\" src=\"http:\/\/ostomaz.splet.arnes.si\/files\/2020\/04\/maska3-225x300.jpg\" alt=\"\" width=\"225\" height=\"300\" srcset=\"https:\/\/ostomaz.si\/files\/2020\/04\/maska3-225x300.jpg 225w, https:\/\/ostomaz.si\/files\/2020\/04\/maska3-768x1024.jpg 768w, https:\/\/ostomaz.si\/files\/2020\/04\/maska3-947x1263.jpg 947w, https:\/\/ostomaz.si\/files\/2020\/04\/maska3-624x832.jpg 624w, https:\/\/ostomaz.si\/files\/2020\/04\/maska3.jpg 1017w\" sizes=\"auto, (max-width: 225px) 100vw, 225px\" \/><\/a><\/p>\n<p>&nbsp;<\/p>\n<p>&nbsp;<\/p>\n<p>&nbsp;<\/p>\n<p>Na vsaki strani ravno se\u0161ijemo, da dobimo kanal v katerega bomo vstavili elastiko.<\/p>\n<p><a href=\"http:\/\/ostomaz.splet.arnes.si\/files\/2020\/04\/maska4.jpg\"><img loading=\"lazy\" decoding=\"async\" class=\"aligncenter size-medium wp-image-12415\" src=\"http:\/\/ostomaz.splet.arnes.si\/files\/2020\/04\/maska4-225x300.jpg\" alt=\"\" width=\"225\" height=\"300\" srcset=\"https:\/\/ostomaz.si\/files\/2020\/04\/maska4-225x300.jpg 225w, https:\/\/ostomaz.si\/files\/2020\/04\/maska4-768x1025.jpg 768w, https:\/\/ostomaz.si\/files\/2020\/04\/maska4-624x833.jpg 624w, https:\/\/ostomaz.si\/files\/2020\/04\/maska4.jpg 811w\" sizes=\"auto, (max-width: 225px) 100vw, 225px\" \/><\/a><\/p>\n<p>Z varnostno sponko napeljemo elastiko v stranska kanala ob strani.<\/p>\n<p><a href=\"http:\/\/ostomaz.splet.arnes.si\/files\/2020\/04\/maska5.jpg\"><img loading=\"lazy\" decoding=\"async\" class=\"aligncenter size-medium wp-image-12417\" src=\"http:\/\/ostomaz.splet.arnes.si\/files\/2020\/04\/maska5-225x300.jpg\" alt=\"\" width=\"225\" height=\"300\" srcset=\"https:\/\/ostomaz.si\/files\/2020\/04\/maska5-225x300.jpg 225w, https:\/\/ostomaz.si\/files\/2020\/04\/maska5-768x1024.jpg 768w, https:\/\/ostomaz.si\/files\/2020\/04\/maska5-624x832.jpg 624w, https:\/\/ostomaz.si\/files\/2020\/04\/maska5.jpg 815w\" sizes=\"auto, (max-width: 225px) 100vw, 225px\" \/><\/a><\/p>\n<p>&nbsp;<\/p>\n<p>Elastiko zave\u017eemo\u00a0 po meri in vozel potegnemo v kanal \u2013 da ga skrijemo.<\/p>\n<p><a href=\"http:\/\/ostomaz.splet.arnes.si\/files\/2020\/04\/maska6.jpg\"><img loading=\"lazy\" decoding=\"async\" class=\"aligncenter size-medium wp-image-12419\" src=\"http:\/\/ostomaz.splet.arnes.si\/files\/2020\/04\/maska6-225x300.jpg\" alt=\"\" width=\"225\" height=\"300\" srcset=\"https:\/\/ostomaz.si\/files\/2020\/04\/maska6-225x300.jpg 225w, https:\/\/ostomaz.si\/files\/2020\/04\/maska6-624x832.jpg 624w, https:\/\/ostomaz.si\/files\/2020\/04\/maska6.jpg 716w\" sizes=\"auto, (max-width: 225px) 100vw, 225px\" \/><\/a><\/p>\n<p>&nbsp;<\/p>\n<p>KO smo kon\u010dali, lahko na vsaki strani elastiko pritrdimo tako, da jo malo pre\u0161ijemo.<\/p>\n<p><a href=\"http:\/\/ostomaz.splet.arnes.si\/files\/2020\/04\/maska8.jpg\"><img loading=\"lazy\" decoding=\"async\" class=\"aligncenter size-medium wp-image-12421\" src=\"http:\/\/ostomaz.splet.arnes.si\/files\/2020\/04\/maska8-225x300.jpg\" alt=\"\" width=\"225\" height=\"300\" srcset=\"https:\/\/ostomaz.si\/files\/2020\/04\/maska8-225x300.jpg 225w, https:\/\/ostomaz.si\/files\/2020\/04\/maska8-768x1024.jpg 768w, https:\/\/ostomaz.si\/files\/2020\/04\/maska8-947x1262.jpg 947w, https:\/\/ostomaz.si\/files\/2020\/04\/maska8-624x832.jpg 624w, https:\/\/ostomaz.si\/files\/2020\/04\/maska8.jpg 1123w\" sizes=\"auto, (max-width: 225px) 100vw, 225px\" \/><\/a><\/p>\n<p>&nbsp;<\/p>\n","protected":false},"excerpt":{"rendered":"<p>Mo\u0161nji\u010dek za nakit ali drobi\u017e [&hellip;]<\/p>\n","protected":false},"author":735,"featured_media":0,"parent":0,"menu_order":0,"comment_status":"closed","ping_status":"closed","template":"","meta":{"ngg_post_thumbnail":0,"footnotes":""},"class_list":["post-12407","page","type-page","status-publish","hentry"],"_links":{"self":[{"href":"https:\/\/ostomaz.si\/index.php?rest_route=\/wp\/v2\/pages\/12407","targetHints":{"allow":["GET"]}}],"collection":[{"href":"https:\/\/ostomaz.si\/index.php?rest_route=\/wp\/v2\/pages"}],"about":[{"href":"https:\/\/ostomaz.si\/index.php?rest_route=\/wp\/v2\/types\/page"}],"author":[{"embeddable":true,"href":"https:\/\/ostomaz.si\/index.php?rest_route=\/wp\/v2\/users\/735"}],"replies":[{"embeddable":true,"href":"https:\/\/ostomaz.si\/index.php?rest_route=%2Fwp%2Fv2%2Fcomments&post=12407"}],"version-history":[{"count":3,"href":"https:\/\/ostomaz.si\/index.php?rest_route=\/wp\/v2\/pages\/12407\/revisions"}],"predecessor-version":[{"id":12827,"href":"https:\/\/ostomaz.si\/index.php?rest_route=\/wp\/v2\/pages\/12407\/revisions\/12827"}],"wp:attachment":[{"href":"https:\/\/ostomaz.si\/index.php?rest_route=%2Fwp%2Fv2%2Fmedia&parent=12407"}],"curies":[{"name":"wp","href":"https:\/\/api.w.org\/{rel}","templated":true}]}}