{"id":11801,"date":"2020-03-25T21:10:42","date_gmt":"2020-03-25T20:10:42","guid":{"rendered":"http:\/\/ostomaz.splet.arnes.si\/?page_id=11801"},"modified":"2020-03-25T22:52:06","modified_gmt":"2020-03-25T21:52:06","slug":"racunalniski-krozek-4-razred","status":"publish","type":"page","link":"https:\/\/ostomaz.si\/?page_id=11801","title":{"rendered":"Ra\u010dunalni\u0161ki kro\u017eek 4. razred"},"content":{"rendered":"<p>Pozdravljeni u\u010denci 4. razreda.<\/p>\n<p>Predvsem pozdravljam tiste, ki ste se odlo\u010dili za obiskovanje ra\u010dunalni\u0161kega kro\u017eka. V leto\u0161njem letu se bomo posvetili urejanju besedila s programom Microsoft Word. Do sedaj smo \u017ee spoznali, kako se besedilo ureja:<\/p>\n<ul>\n<li>spremeni velikost pisave &#8211; 16 to\u010dk<\/li>\n<li>kako se naredi odstavek &#8211; s tipko tabulator<\/li>\n<li>kako se besedilo ozna\u010di krepko, le\u017ee\u010de ali pod\u010drtano,<\/li>\n<li>kako besedilo pobarvamo<\/li>\n<li>kako vstavimo sliko &#8211; na internetu jo poi\u0161\u010demo, kliknemo desno tipko in izberemo kopiraj, ter v tekst prilepimo<\/li>\n<li>sliko znamo tudi pomikati z tekstom &#8211; kliknem sliko, izberem Oblika, izberem Prelomi besedilo, izberem tesno.<\/li>\n<li>itd<\/li>\n<\/ul>\n<p>Vse naloge bom pripravil v spletni u\u010dilnici za ra\u010dunalni\u0161ki kro\u017eek 4. razreda. V spletno u\u010dilnico pridete tako, da kliknete na povezavo <strong><a href=\"https:\/\/ucilnice.arnes.si\/course\/view.php?id=29528\" target=\"_blank\">Ra\u010dunalni\u0161ki kro\u017eek 4. razred<\/a>.<\/strong> U\u010dilnica je odprta za <strong>goste<\/strong>, ne rabite vpisovati <strong>klju\u010da<\/strong>. No pa za\u010dnimo z delom. Se vidimo v spletni u\u010dilnici.<\/p>\n<p>U\u010ditelj Drago<\/p>\n","protected":false},"excerpt":{"rendered":"<p>Pozdravljeni u\u010denci 4. razreda. Predvsem [&hellip;]<\/p>\n","protected":false},"author":735,"featured_media":11799,"parent":0,"menu_order":0,"comment_status":"closed","ping_status":"closed","template":"","meta":{"ngg_post_thumbnail":0,"footnotes":""},"class_list":["post-11801","page","type-page","status-publish","has-post-thumbnail","hentry"],"_links":{"self":[{"href":"https:\/\/ostomaz.si\/index.php?rest_route=\/wp\/v2\/pages\/11801","targetHints":{"allow":["GET"]}}],"collection":[{"href":"https:\/\/ostomaz.si\/index.php?rest_route=\/wp\/v2\/pages"}],"about":[{"href":"https:\/\/ostomaz.si\/index.php?rest_route=\/wp\/v2\/types\/page"}],"author":[{"embeddable":true,"href":"https:\/\/ostomaz.si\/index.php?rest_route=\/wp\/v2\/users\/735"}],"replies":[{"embeddable":true,"href":"https:\/\/ostomaz.si\/index.php?rest_route=%2Fwp%2Fv2%2Fcomments&post=11801"}],"version-history":[{"count":5,"href":"https:\/\/ostomaz.si\/index.php?rest_route=\/wp\/v2\/pages\/11801\/revisions"}],"predecessor-version":[{"id":11827,"href":"https:\/\/ostomaz.si\/index.php?rest_route=\/wp\/v2\/pages\/11801\/revisions\/11827"}],"wp:featuredmedia":[{"embeddable":true,"href":"https:\/\/ostomaz.si\/index.php?rest_route=\/wp\/v2\/media\/11799"}],"wp:attachment":[{"href":"https:\/\/ostomaz.si\/index.php?rest_route=%2Fwp%2Fv2%2Fmedia&parent=11801"}],"curies":[{"name":"wp","href":"https:\/\/api.w.org\/{rel}","templated":true}]}}