{"id":11699,"date":"2020-03-25T09:41:32","date_gmt":"2020-03-25T08:41:32","guid":{"rendered":"http:\/\/ostomaz.splet.arnes.si\/?page_id=11699"},"modified":"2024-02-09T09:17:55","modified_gmt":"2024-02-09T08:17:55","slug":"racunalniski-krozek-3-razred","status":"publish","type":"page","link":"https:\/\/ostomaz.si\/?page_id=11699","title":{"rendered":"Ra\u010dunalni\u0161ki kro\u017eek 3. razred"},"content":{"rendered":"<p>Pozdravljeni u\u010denci,<\/p>\n<p>letos smo pri ra\u010dunalni\u0161kem kro\u017eku pri\u010deli spoznavati elektronsko po\u0161to. Nau\u010dili smo se po\u0161iljati elektronsko po\u0161to. \u017delel bi, da s kro\u017ekom nadaljujemo. Odlo\u010dil se sem, da naloge objavim v spletni u\u010dilnici za ra\u010dunalni\u0161ki kro\u017eek v 3. razredu. Do u\u010dilnice pride\u0161 tako, da klikne\u0161 na to <a href=\"https:\/\/ucilnice.arnes.si\/course\/view.php?id=28608\" target=\"_blank\" rel=\"noopener\">povezavo<\/a>. V spletni u\u010dilnici te \u017ee \u010dakajo naloge za prvi teden. Upam, da ne bo prete\u017eko. \u010ce si pripravljen (a), klikni kar na povezavo in lahko pri\u010dnemo.<\/p>\n<p>Komaj \u010dakam, da se vidimo preko elektronske po\u0161te.<\/p>\n<p>U\u010ditelj: Drago Slavinec<\/p>\n<p>Matematika<\/p>\n<p>https:\/\/interaktivne-vaje.si\/02_osnova\/predmeti_meni\/matematika_meni_1_5.html<\/p>\n<p><a href=\"https:\/\/interaktivne-vaje.si\/matematika\/mat_100\/gradiva_mat_100\/sestevanje-desetic\/index.html\" target=\"_blank\" rel=\"noopener\">Naloga 1<\/a><\/p>\n<p><a href=\"https:\/\/www.digipuzzle.net\/minigames\/flashmath\/linemath_math_no_cross_10.htm?language=slovenian\" target=\"_blank\" rel=\"noopener\">Naloga 2<\/a><\/p>\n<p><a href=\"https:\/\/interaktivne-vaje.si\/matematika\/mat_100\/racunam_do_100_postevanka_1.html\" target=\"_blank\" rel=\"noopener\">Naloga 3 po\u0161tevanka<\/a><\/p>\n<p><a href=\"https:\/\/www.digipuzzle.net\/digipuzzle\/kids\/puzzles\/tilesmath_zero_to_ten.htm?language=slovenian&amp;linkback=..\/..\/..\/education\/math-till\" target=\"_blank\" rel=\"noopener\">O\u0161tevanje<\/a><\/p>\n","protected":false},"excerpt":{"rendered":"<p>Pozdravljeni u\u010denci, letos smo pri [&hellip;]<\/p>\n","protected":false},"author":735,"featured_media":11737,"parent":0,"menu_order":0,"comment_status":"closed","ping_status":"closed","template":"","meta":{"ngg_post_thumbnail":0,"footnotes":""},"class_list":["post-11699","page","type-page","status-publish","has-post-thumbnail","hentry"],"_links":{"self":[{"href":"https:\/\/ostomaz.si\/index.php?rest_route=\/wp\/v2\/pages\/11699","targetHints":{"allow":["GET"]}}],"collection":[{"href":"https:\/\/ostomaz.si\/index.php?rest_route=\/wp\/v2\/pages"}],"about":[{"href":"https:\/\/ostomaz.si\/index.php?rest_route=\/wp\/v2\/types\/page"}],"author":[{"embeddable":true,"href":"https:\/\/ostomaz.si\/index.php?rest_route=\/wp\/v2\/users\/735"}],"replies":[{"embeddable":true,"href":"https:\/\/ostomaz.si\/index.php?rest_route=%2Fwp%2Fv2%2Fcomments&post=11699"}],"version-history":[{"count":5,"href":"https:\/\/ostomaz.si\/index.php?rest_route=\/wp\/v2\/pages\/11699\/revisions"}],"predecessor-version":[{"id":20409,"href":"https:\/\/ostomaz.si\/index.php?rest_route=\/wp\/v2\/pages\/11699\/revisions\/20409"}],"wp:featuredmedia":[{"embeddable":true,"href":"https:\/\/ostomaz.si\/index.php?rest_route=\/wp\/v2\/media\/11737"}],"wp:attachment":[{"href":"https:\/\/ostomaz.si\/index.php?rest_route=%2Fwp%2Fv2%2Fmedia&parent=11699"}],"curies":[{"name":"wp","href":"https:\/\/api.w.org\/{rel}","templated":true}]}}