{"id":11441,"date":"2020-03-23T12:28:43","date_gmt":"2020-03-23T11:28:43","guid":{"rendered":"http:\/\/ostomaz.splet.arnes.si\/?page_id=11441"},"modified":"2020-05-19T22:41:26","modified_gmt":"2020-05-19T20:41:26","slug":"geografija-9","status":"publish","type":"page","link":"https:\/\/ostomaz.si\/?page_id=11441","title":{"rendered":"Geografija 9"},"content":{"rendered":"<p><a href=\"http:\/\/ostomaz.splet.arnes.si\/files\/2020\/03\/GEGRAFIIJA-9-20.-5.-2020-IN-22.5.-2020.docx\">GEGRAFIIJA 9, 20. 5. 2020 IN 22.5. 2020<\/a><\/p>\n<p><a href=\"http:\/\/ostomaz.splet.arnes.si\/files\/2020\/03\/GEOGRAFIJA-9-15.-5.-2020.docx\">GEOGRAFIJA 9, 15. 5. 2020<\/a><\/p>\n<p><a href=\"http:\/\/ostomaz.splet.arnes.si\/files\/2020\/03\/GEOGRAFIJA-9-13.-5.-2020.docx\">GE<\/a><a href=\"http:\/\/ostomaz.splet.arnes.si\/files\/2020\/03\/GEOGRAFIJA-9-13.-5.-2020.docx\">OGRAFIJA 9, 13. 5. 2020<\/a><\/p>\n<p><a href=\"http:\/\/ostomaz.splet.arnes.si\/files\/2020\/03\/GEOGRAFIJA-9-8.-5.-2020.docx\">GEOGRAFIJA 9, 8. 5. 2020<\/a><\/p>\n<p><a href=\"http:\/\/ostomaz.splet.arnes.si\/files\/2020\/03\/GEOGRAFIJA-9-6.-5.-2020.docx\">GEOGRAFIJA 9, 6. 5. 2020<\/a><\/p>\n<p><strong>GEOGRAFIJA 9, U\u010cENJE NA DALJAVO<\/strong>\u00a0<a href=\"http:\/\/ostomaz.splet.arnes.si\/files\/2020\/03\/u\u010denje-na-daljavo-geo9-24.-4.-2020.docx\">\u00a024. 4. 2020<\/a><\/p>\n<p><strong>GEOGRAFIJA 9\u00a0\u00a0<a href=\"http:\/\/ostomaz.splet.arnes.si\/files\/2020\/03\/U\u010cENJE-NA-DALJAVO-GEO-9-22.-4.-2020.docx\">U\u010cENJE NA DALJAVO, 22. 4. 2020<\/a><\/strong><\/p>\n<p><strong>\u00a0<\/strong><\/p>\n<p><strong>GEOGRAFIJA\u00a0 9,\u00a0 17. 4. 2020\u00a0<\/strong><\/p>\n<p>Lepo pozdravljen pri u\u010denju geografije.<\/p>\n<p>Danes bomo utrjevali \u017ee usvojeno znanje o slovenskih pokrajinah.<\/p>\n<p><strong>Tvoje delo: <\/strong><\/p>\n<ul>\n<li>V uvodu se sprehodi po Sloveniji. Na spodnji povezavi si oglej: kratke filme:<\/li>\n<\/ul>\n<p>ALPSKE POKRAJINE, KOT JIH VIDIJO PTICE:\u00a0\u00a0\u00a0\u00a0\u00a0\u00a0\u00a0\u00a0\u00a0\u00a0 <a href=\"https:\/\/www.youtube.com\/watch?v=7nbDjsLfZfQ\">https:\/\/www.youtube.com\/watch?v=7nbDjsLfZfQ<\/a><\/p>\n<p>PREDALPSKE POKRAJINE:\u00a0\u00a0 \u00a0\u00a0\u00a0\u00a0\u00a0\u00a0\u00a0\u00a0\u00a0\u00a0\u00a0\u00a0\u00a0\u00a0\u00a0\u00a0\u00a0\u00a0\u00a0\u00a0\u00a0\u00a0\u00a0\u00a0\u00a0 \u00a0\u00a0\u00a0\u00a0\u00a0\u00a0\u00a0\u00a0\u00a0\u00a0\u00a0\u00a0\u00a0\u00a0\u00a0 \u00a0<a href=\"https:\/\/www.youtube.com\/watch?v=PuZVpVCzZKo\">https:\/\/www.youtube.com\/watch?v=PuZVpVCzZKo<\/a><\/p>\n<p>LJUBLJANSKA KOTLINA:\u00a0\u00a0\u00a0\u00a0\u00a0\u00a0\u00a0\u00a0\u00a0\u00a0\u00a0\u00a0\u00a0\u00a0\u00a0\u00a0\u00a0\u00a0\u00a0\u00a0\u00a0\u00a0\u00a0\u00a0\u00a0\u00a0\u00a0\u00a0\u00a0\u00a0\u00a0\u00a0\u00a0\u00a0\u00a0\u00a0\u00a0\u00a0\u00a0\u00a0\u00a0\u00a0\u00a0\u00a0\u00a0\u00a0 <a href=\"https:\/\/www.youtube.com\/watch?v=Kg4pEcr097I\">https:\/\/www.youtube.com\/watch?v=Kg4pEcr097I<\/a><\/p>\n<p>&nbsp;<\/p>\n<ul>\n<li>U\u010denje bo\u0161 izvedel s pomo\u010djo i-u\u010dbenika Geografija 9, klik na Alpske pokrajine.<\/li>\n<\/ul>\n<p><a href=\"https:\/\/eucbeniki.sio.si\/geo9\/2860\/index.html\">https:\/\/eucbeniki.sio.si\/geo9\/2860\/index.html<\/a><\/p>\n<ul>\n<li>Preberi besedila in re\u0161uj naloge (od str. 124 &#8211; 153). Zapi\u0161i tudi, \u010de si imel pri delu kak\u0161ne te\u017eave.<\/li>\n<li><strong>3 odgovore<\/strong> na vpra\u0161anja iz i-u\u010dbenika bo\u0161 zapisal <strong>v zvezek<\/strong>, jih poslikal in poslal na mail, poskusi jih nalo\u017eiti tudi v spletno u\u010dilnico na povezavi: <a href=\"https:\/\/ucilnice.arnes.si\/course\/view.php?id=31096\">https:\/\/ucilnice.arnes.si\/course\/view.php?id=31096<\/a> ali na vrhu nad 1. poglavjem v Obvestilih (forum) na tej povezavi: <a href=\"https:\/\/ucilnice.arnes.si\/mod\/forum\/view.php?f=47853\">https:\/\/ucilnice.arnes.si\/mod\/forum\/view.php?f=47853<\/a><\/li>\n<\/ul>\n<p><strong>ODGOVORI NA VPRA\u0160ANJA:<\/strong><\/p>\n<ol>\n<li>Opi\u0161i alpsko hi\u0161o (str. 146).<\/li>\n<li>Kak\u0161en vpliv na gospodarstvo je imelo odprtje Karavan\u0161kega predora oz. izgradnja avtoceste (str. 147)?<\/li>\n<li>Kaj predstavlja slika na str. 143? Pojasni pojav, ki ga vidi\u0161 na sliki.<\/li>\n<\/ol>\n<p>&nbsp;<\/p>\n<p>Upam, da ni bilo prete\u017eko in da si re\u0161il veliko nalog.\u00a0 \u010cestitam za opravljeno delo.<\/p>\n<p>&nbsp;<\/p>\n<p>Lep pozdrav, u\u010diteljica Silva<\/p>\n<p>&nbsp;<\/p>\n<p>&nbsp;<\/p>\n<p>&nbsp;<\/p>\n<p><strong>\u00a0GEOGRAFIJA\u00a0 9,\u00a0 15. 4. 2020 <\/strong><\/p>\n<p>Lepo pozdravljen pri u\u010denju geografije na daljavo.<\/p>\n<p>Prej\u0161njo uro ste v zvezek naredili povzetek Ljubljanske kotline. Danes se boste sami u\u010dili\u00a0 o temi, ki je zelo pere\u010da, ne samo v Sloveniji ampak v celem svetu \u2013 <strong>ONESNA\u017dEVANJE OKOLJA <\/strong>(str. 108 &#8211; 111).<\/p>\n<p><strong>Tvoje delo:<\/strong><\/p>\n<p>V zvezek napi\u0161i naslov:<strong> ONESNA\u017dEVANJE OKOLJA.<\/strong><\/p>\n<ul>\n<li>V i-rokusu si oglej posnetek <strong>Onesna\u017eevanje<\/strong> na povezavi: <a href=\"https:\/\/folio.rokus-klett.si\/?credit=GEO9SDZ&amp;pages=108-109\">https:\/\/folio.rokus-klett.si\/?credit=GEO9SDZ&amp;pages=108-109<\/a><\/li>\n<li>Razmisli, kako vplivajo nekatere dejavnosti gospodarstva na onesna\u017eevanje okolja &#8211; re\u0161i nalogo v SDZ (str. 110 &#8211; 111) ozna\u010deno PRED.<\/li>\n<li>Preberi besedilo v SDZ, str. 108 do 109.<\/li>\n<li>Re\u0161i nalogo MED na str. 110.<\/li>\n<\/ul>\n<p>&#8211; <strong>*Vsi u\u010denci<\/strong>: \u00a0degradirana obmo\u010dja, vzrok onesna\u017eenosti, posledice.<\/p>\n<p>&#8211; <strong>***<\/strong>U\u010denci, ki <strong>zmorete ve\u010d:<\/strong> \u00a0naravni dejavniki, ki vplivajo na stopnjo onesna\u017eenosti, predlogi za izbolj\u0161anje obmo\u010dja.<\/p>\n<ul>\n<li>Naredi kratek zapis u\u010dne snovi, tokrat naj bo to za vse <strong>miselni vzorec<\/strong>.<\/li>\n<li>V njem uporabi naslednje klju\u010dne besede:<\/li>\n<li>problemi okolja v Sloveniji (onesna\u017eenost\u2026)<\/li>\n<li>degradirana obmo\u010dja (kaj to pomeni, na\u0161tej degradirana obmo\u010dja v SLO),<\/li>\n<li>izberi eno izmed 4 predstavljenih degradiranih obmo\u010dij in ga predstavi.<\/li>\n<li>Razmi\u0161ljaj, kak\u0161no je stanje pri nas, v na\u0161i ob\u010dini in dopolni miselni vzorec POD na str. 111.<\/li>\n<li>Slikaj svoj zapis in ga po\u0161lji na moj mail. Svoj zapis, nalogo v SDZ sku\u0161aj nalo\u017eiti se v e-u\u010dilnico. Po\u010dasi mi na e-po\u0161ti zmanjkuje prostora.<\/li>\n<\/ul>\n<p>&nbsp;<\/p>\n<ul>\n<li>V e-u\u010dilnici ima\u0161 povezave \u0161e do dveh posnetkov, ki si ju lahko ogleda\u0161.<\/li>\n<\/ul>\n<p>&nbsp;<\/p>\n<p>Veliko uspeha pri u\u010denju ti \u017eelim.<\/p>\n<p>U\u010diteljica Silva<\/p>\n<p>&nbsp;<\/p>\n<p><strong>GEOGRAFIJA 9, \u00a0\u00a010. 4. 2020 <\/strong><\/p>\n<p>Lepo pozdravljen pri u\u010denju GEO na daljavo. \u00a0Danes nadaljujemo z Predalpskimi pokrajinam Slovenije. Tema: <strong>LJUBLJANSKA KOTLINA.<\/strong><\/p>\n<p><strong>Tvoje delo: <\/strong><\/p>\n<ul>\n<li>V zvezek napi\u0161i naslov<strong>: LJUBLJANSKA KOTLINA<\/strong><\/li>\n<li>Preberi besedilo v u\u010dbeniku na str. 104 &#8211; 106.<\/li>\n<li>Opi\u0161i lego Ljubljanske kotline.<\/li>\n<li>Ovrednoti prometno lego Ljubljanske kotline.<\/li>\n<li>Iz zemljevida Slovenije ob pomo\u010di SDZ izpi\u0161i posamezne dele kotline<\/li>\n<\/ul>\n<p>in ve\u010dja mesta v Ljubljanski kotlini.<\/p>\n<ul>\n<li>Izpi\u0161i \u0161e reke, ki te\u010dejo po kotlini.<\/li>\n<li>Preberi zapise o ve\u010djih mestih.<\/li>\n<li>Na kratko zapi\u0161i novo u\u010dno snov v zvezek (miselni vzorec, alineje).<\/li>\n<li>V SDZ re\u0161i nalogo 6 in ostale naloge, \u010de jih nisi prej\u0161nji uro.<\/li>\n<li>Odgovori na vpra\u0161anja v SDZ, str. 105.:<\/li>\n<\/ul>\n<ol>\n<li>Opi\u0161i vlogo Ljubljane v Sloveniji.<\/li>\n<li>Razmisli, zakaj ima Ljubljanska kotlina velik pomen.<\/li>\n<\/ol>\n<ul>\n<li>Povzetke po\u0161lji najpozneje do jutri na moj e-naslov.<\/li>\n<\/ul>\n<p>&nbsp;<\/p>\n<p>Ve\u010d izve\u0161 v i -u\u010dbeniku: <a href=\"https:\/\/eucbeniki.sio.si\/geo9\/2642\/index.html\">https:\/\/eucbeniki.sio.si\/geo9\/2642\/index.html<\/a><\/p>\n<p>&nbsp;<\/p>\n<p>Ostani zdrav!<\/p>\n<p>Lep pozdrav, u\u010diteljica Silva<\/p>\n<p>&nbsp;<\/p>\n<p>&nbsp;<\/p>\n<p><strong>GEOGRAFIJA 9, \u00a08. 4. 2020 <\/strong><\/p>\n<p>Pozdravljen pri u\u010denju geografije na daljavo. Obravnavamo Predalpske pokrajine Slovenije. Na zemljevidu (Slovenije, v atlasu, ali v SDZ) ponovi\u00a0 razdelitev teh pokrajin.<\/p>\n<p>Danes bo\u0161 ob pomo\u010di SDZ (str. 102 -106) in i-u\u010dbenika \u00a0od str. 163 \u00a0na tej povezavi <u><a href=\"https:\/\/eucbeniki.sio.si\/geo9\/2646\/index.html\">https:\/\/eucbeniki.sio.si\/geo9\/2646\/index.html<\/a><\/u> , spoznaval dru\u017ebenogeografske zna\u010dilnosti te pokrajine, torej prebivalstvo in gospodarstvo. Obliko zapisa izberi sam. Dokaze o u\u010denju, zapisane odgovore, poslikaj in po\u0161lji najpozneje do naslednjega dne na moj mail. Nalogo sku\u0161aj nalo\u017eiti \u0161e v spletni u\u010dilnici na povezavi: <a href=\"https:\/\/ucilnice.arnes.si\/course\/view.php?id=11597\">https:\/\/ucilnice.arnes.si\/course\/view.php?id=11597<\/a>.\u00a0 Nalo\u017ei svoj odgovor v <strong>Forum novic, <\/strong>(nad 1. poglavjem) in kot <strong>nalogo <\/strong>(v 1. poglavju): Predalpske pokrajine \u2013 povzetek. Ti bo uspelo? \u010ce bo\u0161 imel te\u017eave, pi\u0161i.<\/p>\n<p><strong>Tvoje delo: <\/strong><\/p>\n<ul>\n<li>V zvezek napi\u0161i naslov PREBIVALSTVO IN GOSPODARSTVO PREDALPSKIH POKRAJIN.<\/li>\n<li>Preberi besedilo.<\/li>\n<li>Poznamo razli\u010dne oblike naselij. V i-u\u010dbeniku na str. 163 si lahko ogleda\u0161 reliefni zemljevid za del teh pokrajin. Katere oblike poselitve prevladujejo?<\/li>\n<li>Razmisli: S kak\u0161nimi problemi se sre\u010dujejo ta obmo\u010dja? Zakaj prihaja do tega pojava? Kak\u0161ne posledice ima izseljevanje za podobo kulturne pokrajine?<\/li>\n<li>V SDZ preberi zapise o ve\u010djih mestih. Poi\u0161\u010di jih na zemljevidu in dolo\u010di njihovo lego.<\/li>\n<li>Razmisli, s \u010dim so se ljudje ukvarjali v preteklosti. V i-u\u010dbeniku na str. 165 preberi zapise o rudnikih. Zakaj rudarstvo ni ve\u010d tako pomembno? Katera obmo\u010dja v Sloveniji so najbolj industrializirana?<\/li>\n<li>V i-u\u010dbeniku, str. 165 poi\u0161\u010di \u00a0in poimenuj ve\u010dje gospodarske dru\u017ebe v tem delu Slovenije (podjetja).<\/li>\n<li>Po predalpskih kotlinah potekata gorenjski in \u0161tajerski krak avtocestnega kri\u017ea, obe pomembni prometni povezavi, (str.165).<\/li>\n<li>Opi\u0161i kulturno dedi\u0161\u010dino Idrije (po \u010dem je znana) izve\u0161 v i-u\u010dbeniku (str. 166, 167).<\/li>\n<li>V SDZ re\u0161i naloge na str. 103, 105, 106.<\/li>\n<\/ul>\n<p>Ve\u010d izve\u0161 v i -u\u010dbeniku na tej povezavi: <a href=\"https:\/\/eucbeniki.sio.si\/geo9\/2646\/index.html\">https:\/\/eucbeniki.sio.si\/geo9\/2646\/index.html<\/a><\/p>\n<p>&nbsp;<\/p>\n<p>Ostani zdrav!<\/p>\n<p>Lep pozdrav, u\u010diteljica Silva<\/p>\n<p>&nbsp;<\/p>\n<p>&nbsp;<\/p>\n<p><strong>GEOGRAFIJA 9,\u00a0 3. 4. 2020 <\/strong><\/p>\n<p>Lepo pozdravljen pri u\u010denju GEO na daljavo.<\/p>\n<p>Vsi ste poslali predstavitev pokrajine. Vse kar si v teh urah zapisal v zvezek, poslikaj ali skeniraj in mi skupaj z dana\u0161njo u\u010dno snovjo po\u0161lji. Prijavi se spletno u\u010dilnico preko AAI ra\u010duna in gesla. \u010ce ti bo uspelo, mi pi\u0161i na. <a href=\"&#x6d;&#x61;&#x69;&#x6c;&#116;&#111;&#58;si&#x6c;&#x76;&#x61;&#x2e;&#x72;&#97;&#107;&#117;sa&#x40;&#x67;&#x75;&#x65;&#x73;&#116;&#46;&#97;rn&#x65;&#x73;&#x2e;&#x73;&#x69;\">&#x73;&#x69;&#x6c;&#118;&#97;&#46;ra&#x6b;&#x75;&#x73;&#x61;&#64;&#103;ue&#x73;&#x74;&#x2e;&#x61;&#114;&#110;es&#x2e;&#x73;&#x69;<\/a>.<\/p>\n<p>U\u010dna snov dana\u0161nje ure:\u00a0 <strong>PREDALPSKE POKRAJINE SLOVENIJE <\/strong>(str. 100 &#8211; 102)<\/p>\n<p><strong>Tvoje delo:<\/strong><\/p>\n<ul>\n<li>Ob pomo\u010di zemljevida Slovenije opi\u0161i lego Predalpskih pokrajin.<\/li>\n<li>V SDZ i-rokus, str. 100-101 si oglej kratke filme.<\/li>\n<li>Na zemljevidu poka\u017ei in razdeli Predalpske pokrajine.<\/li>\n<li>Na zemljevdu poi\u0161\u010di in na\u0161tej ve\u010dje kotline v Predalpskih pokrajinah.<\/li>\n<li>Na zemljevidu poi\u0161\u010di ve\u010dje reke in jih poimenuj.<\/li>\n<li>Preberi zapis o pohorskem visokem barju.<\/li>\n<li>Kak\u0161na je kamninska zgradba?<\/li>\n<li>Primerjaj podnebje in rastlinstvo z Alpskimi pokrajinami.<\/li>\n<li>Izdelaj zapis: miselni vzorec, alineje.<\/li>\n<li>Re\u0161i naloge v SDZ i-rokus 9, str. 101- 102.<\/li>\n<li>Po\u0161lji zapis.<\/li>\n<\/ul>\n<p>Ve\u010d izve\u0161 v i -u\u010dbeniku Geografija 9: <a href=\"https:\/\/eucbeniki.sio.si\/geo9\/2642\/index.html\">https:\/\/eucbeniki.sio.si\/geo9\/2642\/index.html<\/a><\/p>\n<p>Ostani zdrav!<\/p>\n<p>Lep pozdrav, \u00a0u\u010diteljica Silva<\/p>\n<p>&nbsp;<\/p>\n<p><strong>GEOGRAFIJA 9, 1. 4. 2020 <\/strong><\/p>\n<p>Lepo pozdravljen v drugem tednu u\u010denja geografije na daljavo.<\/p>\n<p>V\u010deraj si po e- po\u0161ti poslal predstavitev slovenske pokrajine. Poskusi nalogo nalo\u017eiti \u0161e v spletni u\u010dilnici. U\u010ditelj Drago je pripravil navodila za oddajo naloge.<\/p>\n<p>Danes zaklju\u010dujemo z Alpskimi pokrajinami Slovenije. Zadnjo uro pouka, ko smo bili skupaj, smo si ogledali slikovno gradivo, ki je prikazovalo zna\u010dilne kra\u0161ke pojave v visokogorju, nismo pa \u0161e ni\u010d zapisali. Slikovno gradivo vam bo nalo\u017eila v spletno u\u010dilnico.<\/p>\n<p><strong>Tvoje delo:<\/strong><\/p>\n<ul>\n<li>Na tej spletni povezavi <a href=\"https:\/\/eucbeniki.sio.si\/geo9\/2634\/index4.html\">https:\/\/eucbeniki.sio.si\/geo9\/2634\/index4.html<\/a> \u00a0si bo\u0161 ogledal kratek film o Bohinjskem ledeniku.<\/li>\n<li>Ob pomo\u010di i-u\u010dbenika za geografijo 9 ( str. 132-134) in spleta (wikipedije) bo\u0161 poiskal razlago za razli\u010dne oblike povr\u0161ja in jo zapisal v zvezek. Izberi si svojo obliko zapisa.<\/li>\n<li>V zvezek napi\u0161i naslov:<strong> OBLIKE POVR\u0160JA <\/strong><\/li>\n<\/ul>\n<p>\u0160kraplje \u2013 podolgovati \u017elebovi, ki nastanejo pod vplivom teko\u010de vode.<\/p>\n<p>\u017dlebi\u010di &#8211;<\/p>\n<p>Meli\u0161\u010da &#8211;<\/p>\n<p>Podor \u2013<\/p>\n<p>Vintgar \u2013<\/p>\n<p>Soteska &#8211;<\/p>\n<p>Korita &#8211;<\/p>\n<p>Ledenik &#8211;<\/p>\n<p>U doline \u2013<\/p>\n<p>Brezno \u2013<\/p>\n<p>Visokogorski podi \u2013<\/p>\n<ul>\n<li>Ko bo\u0161 zapisal razlage pojmov, utrjuj u\u010dno snov o Alpskih pokrajinah Slovenije v i-rokusu, kjer ima\u0161 sedaj prost dostop do gradiv (str. 91,92,96 in Obpanonske pokrajine. Dana\u0161nji zapis bo\u0161 poslikal ali skeniral ter ga v \u010detrtek poslal skupaj z ostalimi nalogami. \u0160e ve\u010d izve\u0161 lahko v i-u\u010dbeniku 9.<\/li>\n<\/ul>\n<p>Ostani zdrav!<\/p>\n<p>Lep pozdrav, u\u010diteljica Silva<\/p>\n<p>&nbsp;<\/p>\n<p>\u0160ola na daljavo 1.4.2020- klikni na\u00a0<a href=\"http:\/\/ostomaz.splet.arnes.si\/files\/2020\/03\/U\u010denje-na-daljavo-GEO-9-1.-4.-2020.docx\">U\u010denje na daljavo GEO 9, 1. 4. 2020<\/a><\/p>\n<p>&nbsp;<\/p>\n<p><strong>GEOGRAFIJA 9, 27. 3. 2020 <\/strong><\/p>\n<p>Lepo pozdravljen pri u\u010denju geografije na daljavo.<\/p>\n<p>Prej\u0161njo uro si nadaljeval s predstavitvijo izbrane pokrajine v Sloveniji. Nalogo je treba oddati do <strong>30. 3. 2020<\/strong>, nekateri ste jih \u017ee poslali v predogled. Povzetek dana\u0161nje u\u010dne snovi slikaj in po\u0161lji na moj mail: <a href=\"&#x6d;&#x61;&#105;&#108;&#116;o&#x3a;&#x73;&#x69;&#108;&#118;a&#46;&#x72;&#x61;&#x6b;&#117;&#115;a&#x40;&#x67;&#x75;&#101;&#115;&#116;&#46;&#x61;&#x72;&#x6e;&#101;&#115;&#46;s&#x69;\">&#x73;&#105;&#x6c;&#x76;a&#x2e;&#114;a&#x6b;&#117;s&#x61;&#64;&#x67;&#x75;e&#x73;&#116;&#46;&#x61;&#114;n&#x65;&#115;&#x2e;&#x73;&#105;<\/a><\/p>\n<p>Predstavitev pokrajine lahko nalo\u017eite v spletno u\u010dilnico za geografijo. U\u010ditelj Drago je pripravil navodila. Ste se vsi uspeli prijaviti vanjo? \u010ce imate te\u017eave, se obrnite na u\u010ditelja Draga. Nadaljujemo z Alpskimi pokrajinami Slovenije. Preglej svoj zapis v zvezku, po potrebi ga dopolni. Zapisal si:<\/p>\n<p>Naravnogeografske zna\u010dilnosti<\/p>\n<ul>\n<li>Lego,<\/li>\n<li>Delitev,<\/li>\n<li>Povr\u0161je (gorovja, doline, planote),<\/li>\n<li>Kamninsko zgradbo<\/li>\n<li>Podnebje,<\/li>\n<li>Rastlinstvo \u2013 (ponovi rastlinske pasove v Alpah)<\/li>\n<\/ul>\n<p>Dru\u017ebenogeografske zna\u010dilnosti<\/p>\n<ul>\n<li>Poselitev<\/li>\n<li>Gospodarske dejavnosti<\/li>\n<\/ul>\n<p>Danes bomo nadaljevali z novo u\u010dno snovjo: <strong>VARSTVO NARAVE<\/strong><\/p>\n<p><strong>Nameni u\u010denja:<\/strong><\/p>\n<ul>\n<li>opi\u0161em primer ohranjanja naravne in kulturne dedi\u0161\u010dine,<\/li>\n<li>na zemljevidu poka\u017eem narodni in regijske parke v Sloveniji,<\/li>\n<li>znam pojasniti pomen ustanavljanja zavarovanjih obmo\u010dij,<\/li>\n<li>razume sonaravni razvoj ter odgovornost za ohranjanje ugodnih \u017eivljenjskih razmer za prihodnje generacije.<\/li>\n<\/ul>\n<p>&nbsp;<\/p>\n<p><strong>Tvoje delo: <\/strong><\/p>\n<ul>\n<li>Napi\u0161 naslov v zvezek<\/li>\n<li>Na spodnji spletni povezavi si poglej filmTriglavski narodni park. <a href=\"https:\/\/www.youtube.com\/watch?v=2XyttCVIdWo\">https:\/\/www.youtube.com\/watch?v=2XyttCVIdWo<\/a><\/li>\n<li>V SDZ re\u0161i nalogo na str. 98.<\/li>\n<li>Preberi besedilo v SDZ str. 96-97<\/li>\n<li>Napi\u0161i kratek povzetek prebranega, lahko tudi miselni vzorec.<\/li>\n<li>V SDZ, str. 98 re\u0161i nalogo, str. 98.<\/li>\n<li>Odgovori na vpra\u0161anja. Odgovore zapi\u0161i v zvezek.<\/li>\n<\/ul>\n<ul>\n<li>Kdaj je bil v Sloveniji sprejet zakon o ohranjanju narave?<\/li>\n<li>Kaj je NATURA 2000?<\/li>\n<li>Opi\u0161i Triglavski narodni park.<\/li>\n<\/ul>\n<p>Veliko uspeha pri u\u010denju geografije ti \u017eelim.\u00a0 Pazi nase!<\/p>\n<p>Lep pozdrav, u\u010diteljica Silva<\/p>\n<p>&nbsp;<\/p>\n<p><strong>GEOGRAFIJA 9, 25. 3. 2020 <\/strong><\/p>\n<ol start=\"9\">\n<li><strong> RAZRED<\/strong><\/li>\n<\/ol>\n<p>Lepo pozdravljen pri 1. uri \u00a0u\u010denju geografije na daljavo. Upam, da ste vsi zdravi.<\/p>\n<p>Danes bo\u0161 pri pouku geografije nadaljeval s pripravo predstavitve izbrane regije v Sloveniji. Svojo predstavitev pokrajine oblikuj v skladu z danimi navodili za pripravo naloge, ki ste jih dobili. \u010ce bo\u0161 pri delu naletel na te\u017eave, se mi oglasi preko e-po\u0161te: <a href=\"&#x6d;&#x61;&#105;&#108;to&#x3a;&#x73;&#x69;&#108;va&#x2e;&#x72;&#x61;&#107;&#117;s&#x61;&#x40;&#x67;&#117;&#101;s&#x74;&#x2e;&#x61;&#114;&#110;es&#x2e;&#x73;&#x69;\">s&#105;&#108;&#x76;&#x61;&#46;r&#97;&#107;&#x75;&#x73;a&#64;&#103;&#117;&#x65;&#x73;t&#46;&#97;&#x72;&#x6e;&#x65;s&#46;&#115;&#x69;<\/a>. Na moj mail tudi po\u0161lje\u0161 nalogo v pregled, da ti lahko dam povratne informacije.<\/p>\n<p>\u010ce kdo ni uspel pravo\u010dasno dobiti pisnih virov, knji\u017enice pa so sedaj zaprte, lahko <u>izjemoma<\/u> uporabi samo <u>spletne vire<\/u>. Vsa gradiva\u00a0 za u\u010denje boste na\u0161li v spletni u\u010dilnici za geografijo, dala pa jih bom tudi na spletno stran \u0161ole. \u010ce boste imeli te\u017eave ali nimate gesla, se obrnite na u\u010ditelja Draga. Klju\u010d za geografijo je tomaz .<\/p>\n<p>Nalogo bo\u0161 oddal ob koncu tedna, rok za oddajo \u00a0je <strong>30. 3. 2020<\/strong>.<\/p>\n<p>Veliko uspeha pri pripravi predstavitve ti \u017eelim. Pazi nase in na svoje zdravje!<\/p>\n<p>Lep pozdrav, u\u010diteljica Silva<\/p>\n<p>&nbsp;<\/p>\n<p><strong>POUK GEOGRAFIJE NA DALJAVO<\/strong><\/p>\n<p>Pozdravljeni, dragi u\u010denci in star\u0161i!<\/p>\n<p>Obve\u0161\u010dam vas, da bo na\u0161e delo pri geografiji sedaj nekaj \u010dasa potekalo preko spletne u\u010dilnice za geografijo. V spletno u\u010dilnico se boste prijavili preko AAI ra\u010duna. U\u010ditelj Drago vam je dal uporabni\u0161ka imena in gesla preko katerega lahko vstopate v spletno u\u010dilnico.<strong>\u00a0Klju\u010d<\/strong>\u00a0za vse u\u010dence od 6. do 9. razreda pri geografiji je\u00a0<strong>tomaz<\/strong>.<strong>\u00a0<\/strong>V 1. poglavju, \u010disto na vrhu boste na\u0161li napotke za delo pri pouku geografije na daljavo. Na moj mail\u00a0<a href=\"&#109;&#x61;&#105;&#x6c;t&#x6f;:&#115;&#x69;&#108;&#x76;a&#x2e;r&#97;&#x6b;&#117;&#x73;a&#x40;g&#117;&#x65;&#115;&#x74;&#46;&#x61;r&#110;&#x65;&#115;&#x2e;s&#x69;\">s&#105;&#108;&#x76;&#x61;&#x2e;ra&#107;&#117;&#x73;&#x61;&#x40;g&#117;&#101;&#115;&#x74;&#x2e;&#x61;r&#110;&#101;&#x73;&#x2e;&#x73;i<\/a>\u00a0boste po\u0161iljali va\u0161e povratne informacije o opravljenem delu doma, lahko se mi oglasite, \u010de boste imeli \u00a0te\u017eave pri prijavi.<\/p>\n<p>Pazite na svoje zdravje!<\/p>\n<p>Lep pozdrav od u\u010diteljice Silva Raku\u0161a<\/p>\n","protected":false},"excerpt":{"rendered":"<p>GEGRAFIIJA 9, 20. 5. 2020 [&hellip;]<\/p>\n","protected":false},"author":735,"featured_media":0,"parent":0,"menu_order":0,"comment_status":"closed","ping_status":"closed","template":"","meta":{"ngg_post_thumbnail":0,"footnotes":""},"class_list":["post-11441","page","type-page","status-publish","hentry"],"_links":{"self":[{"href":"https:\/\/ostomaz.si\/index.php?rest_route=\/wp\/v2\/pages\/11441","targetHints":{"allow":["GET"]}}],"collection":[{"href":"https:\/\/ostomaz.si\/index.php?rest_route=\/wp\/v2\/pages"}],"about":[{"href":"https:\/\/ostomaz.si\/index.php?rest_route=\/wp\/v2\/types\/page"}],"author":[{"embeddable":true,"href":"https:\/\/ostomaz.si\/index.php?rest_route=\/wp\/v2\/users\/735"}],"replies":[{"embeddable":true,"href":"https:\/\/ostomaz.si\/index.php?rest_route=%2Fwp%2Fv2%2Fcomments&post=11441"}],"version-history":[{"count":26,"href":"https:\/\/ostomaz.si\/index.php?rest_route=\/wp\/v2\/pages\/11441\/revisions"}],"predecessor-version":[{"id":14089,"href":"https:\/\/ostomaz.si\/index.php?rest_route=\/wp\/v2\/pages\/11441\/revisions\/14089"}],"wp:attachment":[{"href":"https:\/\/ostomaz.si\/index.php?rest_route=%2Fwp%2Fv2%2Fmedia&parent=11441"}],"curies":[{"name":"wp","href":"https:\/\/api.w.org\/{rel}","templated":true}]}}