{"id":11433,"date":"2020-03-23T12:28:32","date_gmt":"2020-03-23T11:28:32","guid":{"rendered":"http:\/\/ostomaz.splet.arnes.si\/?page_id=11433"},"modified":"2020-05-28T23:44:20","modified_gmt":"2020-05-28T21:44:20","slug":"geografija-8","status":"publish","type":"page","link":"https:\/\/ostomaz.si\/?page_id=11433","title":{"rendered":"Geografija 8"},"content":{"rendered":"<p>&nbsp;<\/p>\n<p><a href=\"http:\/\/ostomaz.splet.arnes.si\/files\/2020\/03\/GEOGRAFIJA-8-29.-5.-2020.docx\">GEOGRAFIJA 8, 29. 5. 2020<\/a><\/p>\n<p><a href=\"http:\/\/ostomaz.splet.arnes.si\/files\/2020\/03\/GEOGRAFIJA-8-22.-5.-2020.docx\">GEOGRAFIJA 8 22. 5. 2020<\/a><\/p>\n<p><a href=\"http:\/\/ostomaz.splet.arnes.si\/files\/2020\/03\/GEOGRAFIJA-8-18.-5.-2020-1.docx\">GEOGRAFIJA 8 ,18. 5. 2020<\/a><\/p>\n<p><a href=\"http:\/\/ostomaz.splet.arnes.si\/files\/2020\/03\/GEOGRAFIJA-8-15.-5.-2020.docx\">GEOGRAFIJA 8, 15. 5. 2020<\/a><\/p>\n<p><a href=\"http:\/\/ostomaz.splet.arnes.si\/files\/2020\/03\/GEOGRAFIJA-8-8.-5.-2020.docx\">GEOGRAFIJA 8, 8. 5. 2020<\/a><\/p>\n<p><a href=\"http:\/\/ostomaz.splet.arnes.si\/files\/2020\/03\/GEOGRAFIJA-8.-4.-5.-2020.docx\">GEOGRAFIJA 8. 4. 5. 2020<\/a><\/p>\n<p><a href=\"http:\/\/ostomaz.splet.arnes.si\/files\/2020\/03\/U\u010cENJE-NA-DALJAVO-geo-8-24.-4.-2020.docx\">\u00a0GEOGRAFIJA 8, 24. 4. 2020<\/a><\/p>\n<p><strong>GEOGRAFIJA 8, \u00a017. 4. 2020<\/strong><\/p>\n<p>Lepo pozdravljen pri u\u010denju geografije.<\/p>\n<p>Danes bo\u0161 spoznal zna\u010dilnosti <strong>GOSPODARSTVA V SEVERNI AMERIKI <\/strong>(SDZ str. 78 &#8211; 81).<\/p>\n<p>&nbsp;<\/p>\n<p><strong>Tvoje delo:<\/strong><\/p>\n<ul>\n<li>V zvezek napi\u0161i naslov <strong>GOSPODARSTVO SEVERNE AMERIKE<\/strong><\/li>\n<li>Preberi besedilo na str. 78 \u2013 79.<\/li>\n<li>Razmisli, kateri dejavniki so omogo\u010dili razvoj gospodarstva?<\/li>\n<li>Kaj razume\u0161 pod pojmom gospodarsko razvite \/ nerazvite dr\u017eave?<\/li>\n<li>Kak\u0161ne so zna\u010dilnosti kmetijstva v Severni Ameriki?<\/li>\n<li>Primerjaj intenzivno z ekstenzivnim<\/li>\n<li>Pojasni, kak\u0161ne so posledice intenzivnega kmetijstva v S Ameriki?<\/li>\n<li>Pojasni razliko med <strong>ran\u010dem<\/strong> in <strong>farmo<\/strong>.<\/li>\n<li>Ponovi planta\u017eno in samooskrbno kmetijstvo<\/li>\n<li>Oglej si posnetek <strong>Razlitje nafte<\/strong> in <strong>Meje \u010drpanja nafte<\/strong> v SDZ i-rokus str. 79 na povezavi: <a href=\"https:\/\/folio.rokus-klett.si\/?credit=GEO8SDZ_2015&amp;pages=78-79\">https:\/\/folio.rokus-klett.si\/?credit=GEO8SDZ_2015&amp;pages=78-79<\/a><\/li>\n<li>Sklepaj, katere gospodarske panoge so \u0161e razvite?<\/li>\n<li>Razmisli, zakaj je Panamski prekop tako pomemben?<\/li>\n<li>Kaj je zna\u010dilno za <strong>postindustrijsko dru\u017ebo<\/strong>?<\/li>\n<li>V SDZ re\u0161i nal. 1 na str. 78<\/li>\n<\/ul>\n<p><strong>*<\/strong>nal. 2 na str. 79 \u00a0(u\u010denci, ki zmorejo ve\u010d)<\/p>\n<ul>\n<li>Povzetek napi\u0161i v zvezek in po\u0161lji (lahko si pomaga\u0161 s spodaj zapisanimi klju\u010dnimi besedami).<\/li>\n<\/ul>\n<p><strong>\u00a0<\/strong><\/p>\n<p><strong>ZA RAZMISLEK:<\/strong><\/p>\n<p>*ZDA so najve\u010dja onesna\u017eevalka na\u0161ega planeta. Vsako leto v ozra\u010dje spu\u0161\u010dajo ogromno koli\u010dine ogljikovega dioksida in drugih plinov, ki povzro\u010dajo u\u010dinek tople grede. Kaj ti meni\u0161 o nesonaravnem obna\u0161anju ameri\u0161kega gospodarstva in politike?<\/p>\n<p>&nbsp;<\/p>\n<p>Ve\u010d izve\u0161 na : <a href=\"http:\/\/www.facka.si\/gradiva\/geo\/amerika\/7gospodarstvo\/gospodarstvo.html\">http:\/\/www.facka.si\/gradiva\/geo\/amerika\/7gospodarstvo\/gospodarstvo.html<\/a><\/p>\n<p>V i-u\u010dbeniku na: \u00a0\u00a0<a href=\"https:\/\/eucbeniki.sio.si\/geo8\/2584\/index.html\">https:\/\/eucbeniki.sio.si\/geo8\/2584\/index.html<\/a><\/p>\n<p>&nbsp;<\/p>\n<p>Uspe\u0161no potepanje po Ameriki ti \u017eelim.<\/p>\n<p>U\u010diteljica Silva<\/p>\n<p>&nbsp;<\/p>\n<p>&nbsp;<\/p>\n<p><strong>GEOGRAFIJA 8, \u00a010. 4. 2020<\/strong><\/p>\n<p>Lepo pozdravljen pri u\u010denju geografije.<\/p>\n<p>Upam, da ste se \u017ee vsi prijavili v e-u\u010dilnico preko AAI ra\u010duna in gesla. \u010ce ti prijava \u0161e vedno ni uspela, mi pi\u0161i na: <a href=\"m&#97;&#105;&#x6c;&#x74;&#x6f;:s&#105;&#108;&#x76;&#x61;&#x2e;r&#97;&#107;&#117;&#x73;&#x61;&#x40;g&#117;&#101;&#x73;&#x74;&#x2e;ar&#110;&#101;&#x73;&#x2e;&#x73;i-\">&#x73;&#x69;&#x6c;&#x76;&#x61;&#46;&#114;&#97;&#107;usa&#x40;&#x67;&#x75;&#x65;&#x73;&#x74;&#46;&#97;&#114;nes&#x2e;&#x73;&#x69;<\/a>.<\/p>\n<p>Na\u0161a dana\u0161nja tema je <strong>PREBIVALSTVO SEVERNE AMERIKE <\/strong>(str. 75 &#8211; 77)<\/p>\n<p><strong>Tvoje delo:<\/strong><\/p>\n<ul>\n<li>Oglej si ilustracijo na str. 75 v SDZ in razmisli, na kaj nas opozarja.<\/li>\n<li>Na str. 75 v SDZ -irokus si oglej posnetek <strong>\u017divljenje v pu\u0161\u010davi<\/strong>.<\/li>\n<li>Oglej si karto, ki prikazuje <strong>gostoto poselitve<\/strong>. Razmisli, kaj je zna\u010dilno za poselitev Severne Amerike?<\/li>\n<li>Kje so najgosteje in kje najredkeje poseljena obmo\u010dja? Re\u0161i nalogo 1.<\/li>\n<li>Preberi besedila na str. 76 (New York, avtohtoni prebivalci, Indijanci).<\/li>\n<li>Preberi besedilo o Martinu Luthru Kingu.<\/li>\n<li>Na str. 77 preberi besedilo o nara\u0161\u010danju prebivalstva.<\/li>\n<li>Na str. 77 preberi besedilo o prebivalstvu Severne Amerike danes.<\/li>\n<li>Re\u0161i naloge: 1 na str. 75,<\/li>\n<\/ul>\n<p>2 na str. 76,<\/p>\n<p>3, 4 na str. 77.<\/p>\n<ul>\n<li>Napi\u0161i povzetek ali naredi miselni vzorec in ga <strong>najpozneje jutri<\/strong> po\u0161lji v pregled.<\/li>\n<\/ul>\n<p>&nbsp;<\/p>\n<p>Klju\u010dne besede v zapisu:<\/p>\n<p>POSELITEV<\/p>\n<p>AVTOHTONO PREBIVALSTVO<\/p>\n<p>PESTRA NARODNA SESTAVA PREBIVALSTVA<\/p>\n<p>NARA\u0160ANJE PREBIVALSTVA:<\/p>\n<ul>\n<li>VZROKI:<\/li>\n<li>POSLEDICE:<\/li>\n<\/ul>\n<p>MARTIN LUTHER KING<\/p>\n<p>MESTICI<\/p>\n<p>MULATI<\/p>\n<p>&nbsp;<\/p>\n<p>Ve\u010d lahko izve\u0161 v spletniu\u010dilnici:\u00a0<a href=\"https:\/\/ucilnice.arnes.si\/course\/view.php?id=11598\">https:\/\/ucilnice.arnes.si\/course\/view.php?id=11598<\/a><\/p>\n<p>in na spodnji spletni povezavi:\u00a0 <a href=\"https:\/\/eucbeniki.sio.si\/geo8\/2583\/index.html\">https:\/\/eucbeniki.sio.si\/geo8\/2583\/index.html<\/a><\/p>\n<p>&nbsp;<\/p>\n<p>Uspe\u0161no raziskovanje prebivalstva ti \u017eelim. \u00a0U\u010diteljica Silva<\/p>\n<p>&nbsp;<\/p>\n<p>&nbsp;<\/p>\n<p>&nbsp;<\/p>\n<p><strong>GEOGRAFIJA 8,\u00a0 \u00a06. 4. 2020<\/strong><\/p>\n<p>Lepo pozdravljen pri u\u010denju geografije.<\/p>\n<p>Upam, da ste se \u017ee vsi prijavili v e-u\u010dilnico preko AAI ra\u010duna in gesla. \u010ce ti prijava \u0161e vedno ni uspela, mi pi\u0161i na: <a href=\"mailto:s&#105;&#108;&#118;&#97;&#46;&#114;&#97;&#107;&#117;&#115;&#x61;&#x40;&#x67;&#x75;&#x65;&#x73;&#x74;&#x2e;&#x61;&#x72;&#x6e;&#x65;&#x73;&#x2e;&#x73;i-\">&#115;&#x69;l&#118;&#x61;&#46;&#114;&#x61;k&#x75;&#x73;&#97;&#x40;g&#117;&#x65;s&#116;&#x2e;a&#x72;&#x6e;&#101;&#x73;&#x2e;&#115;&#x69;<\/a>.<\/p>\n<p>Na\u0161a dana\u0161nja tema je <strong>PODNEBJE IN RASTLINSTVO<\/strong> <strong>SEVERNE AMERIKE<\/strong><\/p>\n<p><strong>Tvoje delo:<\/strong><\/p>\n<ul>\n<li>V zvezek napi\u0161i naslov <strong>PODNEBJE IN RASTLINSTVO<\/strong> <strong>SEVERNE AMERIKE<\/strong><\/li>\n<li>Na spodnji povezavi si oglej posnetek tornada: <a href=\"http:\/\/www.shutterstock.com\/video\/clip-6356975-stock-footage-massive-tornado-with-transformer-flashes.html?src=search\/bNW9Nfi6nbW3oRm38DPYJA:1:0\/3p\">http:\/\/www.shutterstock.com\/video\/clip-6356975-stock-footage-massive-tornado-with-transformer-flashes.html?src=search\/bNW9Nfi6nbW3oRm38DPYJA:1:0\/3p<\/a><\/li>\n<li>Preberi u\u010dno snov v SDZ, 66 &#8211; 69.<\/li>\n<li>Ob pomo\u010di zemljevida opi\u0161i v katerih toplotnih pasovih le\u017ei Severna Amerika.<\/li>\n<li>Na\u0161tej dejavnike, ki vplivajo na podnebje.<\/li>\n<li>Oglej si tematsko karto tipov podnebja.<\/li>\n<li>Primerjaj klimograme, na tematski karti poglej, kje kraji le\u017eijo.<\/li>\n<li>Na zemljevidu Severne Amerike poi\u0161\u010di, kateri morski tokovi jo oblivajo.<\/li>\n<li>Ob fotografijah v SDZ opi\u0161i zna\u010dilnosti rastlinstva.<\/li>\n<li>V SDZ re\u0161i naloge:<\/li>\n<li>1, str. 67<\/li>\n<li>3 str. 68<\/li>\n<li>5, 6 str. 69<\/li>\n<li>U\u010denci, ki zmorete, re\u0161ite vse naloge.<\/li>\n<li>U\u010dno snov si zapi\u0161i v zvezek.<\/li>\n<\/ul>\n<p>&nbsp;<\/p>\n<p>Ve\u010d lahko izve\u0161 v spletni u\u010dilnici: <a href=\"https:\/\/ucilnice.arnes.si\/course\/view.php?id=11598\">https:\/\/ucilnice.arnes.si\/course\/view.php?id=11598<\/a><\/p>\n<p>In na spodnji spletni povezavi: <a href=\"https:\/\/eucbeniki.sio.si\/geo8\/2581\/index.html\">https:\/\/eucbeniki.sio.si\/geo8\/2581\/index.html<\/a><\/p>\n<p>&nbsp;<\/p>\n<p>Klju\u010dne besede v zapisu:<\/p>\n<p>Vpliv na podnebje = dejavniki podnebja:<\/p>\n<p>Podnebni tipi:<\/p>\n<p>Tipi rastlinstva:<\/p>\n<p>Prerija \u2013<\/p>\n<p>&nbsp;<\/p>\n<p>Va\u0161e zapise mi po\u0161ljite do jutri.<\/p>\n<p>Lep pozdrav, u\u010diteljica Silva<\/p>\n<p>&nbsp;<\/p>\n<p>&nbsp;<\/p>\n<p><strong>GEOGRAFIJA 8, \u00a0PETEK 3. 4. 2020<\/strong><\/p>\n<p>Lepo pozdravljen pri u\u010denju geografije.<\/p>\n<p>Vsi, razen enega u\u010denca ste oddali predstavitev dr\u017eave. Pri delu uporabljaj atlas (zemljevid), SDZ, i-rokusova interaktivna gradiva, in i-u\u010dbenik Geografija 8. Prijavite se v spletno u\u010dilnico \u00a0z AAI prijavo in nalo\u017eite va\u0161e predstavitve dr\u017eav. V spletni u\u010dilnici ima\u0161 vse za dana\u0161njo uro shranjeno v mapi.<\/p>\n<p>Na\u0161a dana\u0161nja tema je <strong>POVR\u0160JE<\/strong> <strong>SEVERNE AMERIKE<\/strong><\/p>\n<p><strong>Tvoje delo:<\/strong><\/p>\n<p>V zvezek napi\u0161i naslov POVR\u0160JE SEVERNE AMERIKE.<\/p>\n<ul>\n<li>V e- u\u010dilnici si oglej ppt: Grand Canyon in Arizona (prikaz povr\u0161ja).<\/li>\n<li>Re\u0161i rebus.<\/li>\n<li>Na str. 62 v SDZ si oglej posnetek o nastanku Grand Canyona.<\/li>\n<li>Ob pomo\u010di zemljevida Severne Amerike (v atlasu, na ro\u010dnem zemljevidu, v SDZ, str. 62-63) opi\u0161i povr\u0161je Severne Amerike.<\/li>\n<li>Primerjaj S in J del Severne Amerike.<\/li>\n<li>Preberi besedilo v SDZ na str. 64,-65, pod\u010drtaj pomembne podatke.<\/li>\n<li>Poi\u0161\u010di ve\u010dje otoke in polotoke Severne Amerike.<\/li>\n<li>Na zemljevidu poka\u017ei gorstva, kotline in ni\u017eine Severne Amerike.<\/li>\n<li>Na zemljevidu poi\u0161\u010di najve\u010dje reke Severne Amerike in pojasni, zakaj so reke pomembne.<\/li>\n<li>Na zemljevidu poi\u0161\u010di Velika jezera, jih poimenuj, pojasni njihov pomen.<\/li>\n<li>Re\u0161i nalogo 1, str. 65.<\/li>\n<li>Uredi kratek zapis v zvezek, pomagaj si s spodaj zapisanimi klju\u010dnimi besedami.<\/li>\n<\/ul>\n<p>Ve\u010d izve\u0161 v i-u\u010dbeniku Geografija 8, str. 91-92. na spodnji povezavi: <u><a href=\"https:\/\/eucbeniki.sio.si\/geo8\/2581\/index1.html\">https:\/\/eucbeniki.sio.si\/geo8\/2581\/index1.html<\/a><\/u><\/p>\n<p>&nbsp;<\/p>\n<p style=\"text-align: center\">POVR\u0160JE SEVERNE AMERIKE<\/p>\n<p>ZNA\u010cILNOSTI POVR\u0160JA:<\/p>\n<p>NARAVNE ENOTE:<\/p>\n<ul>\n<li>GORSTVA:<\/li>\n<li>KOTLINE:<\/li>\n<li>NI\u017dAVJA:<\/li>\n<\/ul>\n<p>REKE:<\/p>\n<p>JEZERA:<\/p>\n<p>&nbsp;<\/p>\n<p>\u010ce bo\u0161 imel pri delu te\u017eave, mi pi\u0161i: <a href=\"mai&#108;&#116;&#111;&#x3a;&#x73;&#x69;&#x6c;&#x76;&#x61;&#46;ra&#107;&#117;&#115;&#97;&#x40;&#x67;&#x75;&#x65;&#x73;&#x74;&#46;ar&#110;&#101;&#115;&#x2e;&#x73;&#x69;\">s&#105;&#x6c;&#x76;a&#46;&#x72;&#x61;k&#117;&#x73;&#x61;&#64;&#103;&#x75;&#x65;s&#116;&#x2e;&#x61;r&#110;&#101;&#x73;&#x2e;s&#105;<\/a><\/p>\n<p>Pazi nase in na druge!<\/p>\n<p>U\u010diteljica Silva<\/p>\n<p>&nbsp;<\/p>\n<p><strong>GEOGRAFIJA, 27. 3. 2020<\/strong><\/p>\n<p>Lepo pozdravljen pri u\u010denju geografije.<\/p>\n<p>Najprej vas moram spomniti, da je <strong>30. 3. 2020<\/strong> rok za oddajo predstavitve dr\u017eave. Tistim, ki so nalogo poslali, odgovarjam, da bodo napake popravili. Dostopate lahko tudi do spletne u\u010dilnice za geografijo. V njej boste na\u0161li vsa navodila za samostojno u\u010denje in druga gradiva. Vanjo se prijavi\u0161 preko AAI ra\u010duna in gesla. \u010ce ti bo uspelo, mi pi\u0161i na: <a href=\"&#x6d;&#97;&#105;&#x6c;&#x74;&#111;&#58;&#x73;&#x69;&#108;&#118;&#x61;&#x2e;&#114;&#97;&#x6b;&#x75;&#115;&#97;&#x40;&#x67;&#117;&#101;&#x73;&#x74;&#46;&#97;&#x72;&#x6e;&#101;&#115;&#x2e;&#x73;&#105;-\">s&#105;&#108;&#x76;&#x61;&#x2e;ra&#107;&#117;&#x73;&#x61;&#x40;g&#117;&#101;&#115;&#x74;&#x2e;&#x61;r&#110;&#101;&#x73;&#x2e;&#x73;i<\/a> . V u\u010dilnici bo\u0161 na\u0161el vse, o \u010demer smo se letos \u017ee u\u010dili. Ponavljaj Avstralijo, Novo Zelandijo, Oceanijo. Re\u0161uj interaktivne vaje.<\/p>\n<p>Vsi, ki imate pregledano predstavitev, jo lahko nalo\u017eite v u\u010dilnico. U\u010ditelj Drago je izdelal navodila za oddajo naloge, ki jih najdete v na\u0161i u\u010dilnici. \u010ce vam to ne bo uspelo, po\u0161ljite predstavitev in dana\u0161njo nalogo po po\u0161ti.<\/p>\n<p>V naslednjih urah bomo spoznavali Ameriko. Danes bomo spoznali delitev Amerike, lego in politi\u010dno razdelitev.<\/p>\n<p><strong>DELITEV AMERIKE <\/strong><\/p>\n<p><strong>Tvoje delo:<\/strong><\/p>\n<ul>\n<li>Na str. 58 v SDZ preberi rubriko Ali ve\u0161.<\/li>\n<li>Re\u0161i nalogo 1 na naslednji strani.<\/li>\n<li>V zvezek napi\u0161i vsaj 3 stvari povezane z besedo Amerika.<\/li>\n<li>Na zemljevidu Sveta, ali v atlasu dolo\u010di geografsko lego Amerike.<\/li>\n<li>Katero delitev Amerike pozna\u0161?<\/li>\n<li>Preberi besedilo in zapi\u0161i vse delitve (3) v zvezek.<\/li>\n<li>Ob pomo\u010di spleta re\u0161i nalogo na str. 61 &#8211; Tole je lahko.<\/li>\n<li>Primerjaj podatke z Afriko.<\/li>\n<li>Opredeli lego Severne Amerike, poka\u017ei oceane, morja, zalive, otoke in polotoke Severne Amerike.<\/li>\n<li>Na zemljevidu poi\u0161\u010di najve\u010dje dr\u017eave in najve\u010dja mesta v Severni Ameriki<\/li>\n<li>Poi\u0161\u010di slikovno gradivo povezano z Ameriko in ga prilepi v zvezek.<\/li>\n<li>Napi\u0161i povzetek, miselni vzorec, ali zapis v alinejah o dana\u0161nji u\u010dni snovi.<\/li>\n<\/ul>\n<p>&nbsp;<\/p>\n<p>Sedaj ima\u0161 prost dostop do vseh Rokusovih gradiv, tudi do i-rokusa.<\/p>\n<p>\u0160e ve\u010d izve\u0161 na naslednji povezavi \u00a0v i-u\u010dbeniku 8 (str. 84- 87).\u00a0<a href=\"https:\/\/eucbeniki.sio.si\/geo8\/2580\/index.html\">https:\/\/eucbeniki.sio.si\/geo8\/2580\/index.html<\/a><\/p>\n<p>&nbsp;<\/p>\n<p>\u010ce bo\u0161 imel pri delu te\u017eave, mi pi\u0161i: <a href=\"m&#97;&#105;&#x6c;&#x74;o&#58;&#115;&#x69;&#x6c;&#x76;a&#46;&#114;&#x61;&#x6b;us&#97;&#x40;&#x67;&#x75;e&#115;&#116;&#x2e;&#x61;rn&#101;&#x73;&#x2e;&#x73;i\">s&#105;&#108;&#x76;&#x61;&#x2e;&#x72;a&#107;&#117;&#115;&#x61;&#x40;&#x67;ue&#115;&#116;&#x2e;&#x61;&#x72;ne&#115;&#46;&#x73;&#x69;<\/a><\/p>\n<p>Pazi nase in na druge!<\/p>\n<p>U\u010diteljica Silva<\/p>\n<p>&nbsp;<\/p>\n<p><strong>GEOGRAFIJA 8, 23. 3. 2020<\/strong><\/p>\n<p>Lepo pozdravljen pri u\u010denju geografije.<\/p>\n<p>Danes bo\u0161 pri pouku geografije nadaljeval s pripravo predstavitve izbrane dr\u017eave Srednje oz. Ju\u017ene Amerike. Svojo predstavitev dr\u017eave oblikuj v skladu z danimi navodili za pripravo naloge, ki ste jih dobili. \u010ce bo\u0161 pri delu naletel na te\u017eave, se mi oglasi preko e-po\u0161te: <a href=\"&#x6d;&#x61;&#x69;&#108;&#116;&#111;:s&#x69;&#x6c;&#x76;&#x61;&#46;&#114;ak&#x75;&#x73;&#x61;&#x40;&#103;&#117;es&#x74;&#x2e;&#x61;&#x72;&#110;&#101;&#115;&#46;s&#x69;\">sil&#118;&#97;&#46;&#114;&#x61;&#x6b;&#x75;&#x73;&#x61;&#x40;&#x67;ues&#116;&#46;&#97;&#114;&#110;&#x65;&#x73;&#x2e;&#x73;&#x69;<\/a>. Na moj mail tudi po\u0161lje\u0161 nalogo v pregled, da ti lahko dam povratne informacije.<\/p>\n<p>\u010ce kdo ni uspel pravo\u010dasno dobiti pisnih virov, knji\u017enice pa so sedaj zaprte, lahko <u>izjemoma<\/u> uporabi samo <u>spletne vire.<\/u><\/p>\n<p>Nalogo bo\u0161 oddal ob koncu tedna, najkasneje do <strong>30. 3. 2020<\/strong> skupaj z nalogo, ki jo bo\u0161 dobil v petek. Veliko uspeha pri pripravi predstavitve ti \u017eelim.<\/p>\n<p>Do naslednje ure dobro preglej SDZ in re\u0161i manjkajo\u010de naloge v njem. Ponavljaj Avstralijo z Oceanijo ter Novo Zelandijo.<\/p>\n<p>Pazi na svoje zdravje!<\/p>\n<p>Lep pozdrav, u\u010diteljica Silva<\/p>\n<p>&nbsp;<\/p>\n<p><strong>POUK GEOGRAFIJE NA DALJAVO<\/strong><\/p>\n<p>Pozdravljeni, dragi u\u010denci in star\u0161i!<\/p>\n<p>Obve\u0161\u010dam vas, da bo na\u0161e delo pri geografiji sedaj nekaj \u010dasa potekalo preko spletne u\u010dilnice za geografijo. V spletno u\u010dilnico se boste prijavili preko AAI ra\u010duna. U\u010ditelj Drago vam je dal uporabni\u0161ka imena in gesla preko katerega lahko vstopate v spletno u\u010dilnico.<strong>\u00a0Klju\u010d<\/strong>\u00a0za vse u\u010dence od 6. do 9. razreda pri geografiji je\u00a0<strong>tomaz<\/strong>.<strong>\u00a0<\/strong>V 1. poglavju, \u010disto na vrhu boste na\u0161li napotke za delo pri pouku geografije na daljavo. Na moj mail\u00a0<a href=\"&#x6d;&#97;&#x69;&#x6c;t&#x6f;&#58;s&#x69;&#108;v&#x61;&#46;&#x72;&#x61;k&#x75;&#115;a&#x40;&#103;u&#x65;&#115;&#x74;&#x2e;&#97;&#x72;&#x6e;e&#x73;&#46;s&#x69;\">&#x73;&#105;l&#x76;&#97;&#46;&#x72;&#x61;&#107;&#x75;&#x73;&#97;&#64;&#x67;&#117;e&#x73;&#x74;&#46;&#x61;&#x72;&#110;e&#x73;&#46;s&#x69;<\/a>\u00a0boste po\u0161iljali va\u0161e povratne informacije o opravljenem delu doma, lahko se mi oglasite, \u010de boste imeli \u00a0te\u017eave pri prijavi.<\/p>\n<p>Pazite na svoje zdravje!<\/p>\n<p>Lep pozdrav od u\u010diteljice Silva Raku\u0161a<\/p>\n<p>&nbsp;<\/p>\n<p>&nbsp;<\/p>\n","protected":false},"excerpt":{"rendered":"<p>&nbsp; GEOGRAFIJA 8, 29. 5. [&hellip;]<\/p>\n","protected":false},"author":735,"featured_media":0,"parent":0,"menu_order":0,"comment_status":"closed","ping_status":"closed","template":"","meta":{"ngg_post_thumbnail":0,"footnotes":""},"class_list":["post-11433","page","type-page","status-publish","hentry"],"_links":{"self":[{"href":"https:\/\/ostomaz.si\/index.php?rest_route=\/wp\/v2\/pages\/11433","targetHints":{"allow":["GET"]}}],"collection":[{"href":"https:\/\/ostomaz.si\/index.php?rest_route=\/wp\/v2\/pages"}],"about":[{"href":"https:\/\/ostomaz.si\/index.php?rest_route=\/wp\/v2\/types\/page"}],"author":[{"embeddable":true,"href":"https:\/\/ostomaz.si\/index.php?rest_route=\/wp\/v2\/users\/735"}],"replies":[{"embeddable":true,"href":"https:\/\/ostomaz.si\/index.php?rest_route=%2Fwp%2Fv2%2Fcomments&post=11433"}],"version-history":[{"count":19,"href":"https:\/\/ostomaz.si\/index.php?rest_route=\/wp\/v2\/pages\/11433\/revisions"}],"predecessor-version":[{"id":14179,"href":"https:\/\/ostomaz.si\/index.php?rest_route=\/wp\/v2\/pages\/11433\/revisions\/14179"}],"wp:attachment":[{"href":"https:\/\/ostomaz.si\/index.php?rest_route=%2Fwp%2Fv2%2Fmedia&parent=11433"}],"curies":[{"name":"wp","href":"https:\/\/api.w.org\/{rel}","templated":true}]}}