{"id":11425,"date":"2020-03-23T12:28:20","date_gmt":"2020-03-23T11:28:20","guid":{"rendered":"http:\/\/ostomaz.splet.arnes.si\/?page_id=11425"},"modified":"2020-05-31T16:42:09","modified_gmt":"2020-05-31T14:42:09","slug":"geografija-7","status":"publish","type":"page","link":"https:\/\/ostomaz.si\/?page_id=11425","title":{"rendered":"Geografija 7"},"content":{"rendered":"<p>&nbsp;<\/p>\n<p><a href=\"http:\/\/ostomaz.splet.arnes.si\/files\/2020\/03\/GEOGRAFIJA-7-1.-6.-2020.docx\">GEOGRAFIJA 7, 1. 6. 2020<\/a><\/p>\n<p><a href=\"http:\/\/ostomaz.splet.arnes.si\/files\/2020\/03\/GEOGRAFIJA-7-25.-5.-2020-IN-27.-5.-2020.docx\">GEOGRAFIJA 7, 25. 5. 2020 IN 27. 5. 2020<\/a><\/p>\n<p><a href=\"http:\/\/ostomaz.splet.arnes.si\/files\/2020\/03\/GEOGRAFIJA-7-20.-5.-2020.docx\">GEOGRAFIJA 7 20. 5. 2020<\/a><\/p>\n<p><a href=\"http:\/\/ostomaz.splet.arnes.si\/files\/2020\/03\/GEOGRAFIJA-7-18.-5.-2020-Z.docx\">GEOGRAFIJA 7, 18. 5. 2020\u00a0<\/a><\/p>\n<p><a href=\"http:\/\/ostomaz.splet.arnes.si\/files\/2020\/03\/GEOGRAFIJA-7-13.-5.-2020.docx\">GEOGRAFIJA 7, 13. 5. 2020<\/a><\/p>\n<p><a href=\"http:\/\/ostomaz.splet.arnes.si\/files\/2020\/03\/geografija-7-11.-5.-2020.docx\">GEOGRAFIJA 7 , 11. 5. 2020<\/a><\/p>\n<p><strong><a href=\"http:\/\/ostomaz.splet.arnes.si\/files\/2020\/03\/GEOGRAFIJA-7-6.-5.-2020.docx\">GEOGRAFIJA 7, 6. 5. 2020<\/a><\/strong><\/p>\n<p><strong>GEOGRAFIJA 7,\u00a0<a href=\"http:\/\/ostomaz.splet.arnes.si\/files\/2020\/03\/U\u010cENJE-NA-DALJAVO-GEO-7-4.-5.-2020-Vzhodna-azija.docx\">U\u010cENJE NA DALJAVO GEO 7, 4. 5. 2020\u00a0<\/a><\/strong><\/p>\n<p><strong>GEOGRAFIJA 7,<\/strong>\u00a0 \u00a0 \u00a0<strong><a href=\"http:\/\/ostomaz.splet.arnes.si\/files\/2020\/03\/U\u010cENJE-NA-DALJAVO-GEO-7-22-4.-2020.docx\">U\u010cEN<\/a><a href=\"http:\/\/ostomaz.splet.arnes.si\/files\/2020\/03\/U\u010cENJE-NA-DALJAVO-GEO-7-22-4.-2020.docx\">JE NA DALJAVO GEO 7, 22 4. 2020<\/a><\/strong><\/p>\n<p><strong>\u00a0GEOGRAFIJA 7,\u00a0 \u00a0\u00a0<a href=\"http:\/\/ostomaz.splet.arnes.si\/files\/2020\/03\/U\u010cENJE-NA-DALJAVO-GEO-7-22.-4.-2020.docx\">U\u010cENJE NA DALJAVO GEO 7, 22. 4. 2020<\/a><\/strong><\/p>\n<p><strong>GEOGRAFIJA 7,\u00a0 \u00a0 \u00a0\u00a0<a href=\"http:\/\/ostomaz.splet.arnes.si\/files\/2020\/03\/U\u010cENJE-NA-DALJAVO-GEO-7-20.-4.-2020.docx\">U\u010cENJE NA DALJAVO GEO 7, 20. 4. 2020<\/a><\/strong><\/p>\n<p><strong>GEOGRAFIJA 7,\u00a0 \u00a0 \u00a0<a href=\"http:\/\/ostomaz.splet.arnes.si\/files\/2020\/03\/U\u010cENJE-NA-DALJAVO-GEO-7-15.-4.-2020-2.docx\">U\u010cENJE NA DALJAVO GEO 7, 15. 4. 2020<\/a><\/strong><\/p>\n<p>&nbsp;<\/p>\n<p><strong>GEOGRAFIJA 7, 8. 4. 2020<\/strong><\/p>\n<p><strong>GOSPODARSTVO AZIJE<\/strong><\/p>\n<p>Pozdravljeni pri u\u010denju GEO na daljavo.<\/p>\n<p>Dana\u0161njo u\u010dno snov najde\u0161 v SDZ, str. 122 -124. V zvezek napi\u0161i naslov: <strong>GOSPODARSTVO AZIJE<\/strong><\/p>\n<p><strong>Tvoje delo:<\/strong><\/p>\n<ul>\n<li>V zvezek napi\u0161i naslov: GOSPODARSTVO AZIJE<\/li>\n<li>Naredi povzetek dana\u0161nje u\u010dne snovi.<\/li>\n<li>Poglej na svoja obla\u010dila, copate, peresnico in sku\u0161aj ugotoviti, kje so bila izdelana. Si kaj posebnega opazil?<\/li>\n<li>Katera gospodarska dejavnost (panoga) po tvojem prevladuje v Aziji?<\/li>\n<li>Preberi besedilo na str. 122.<\/li>\n<li>V i-SDZ, str. 122 si oglej posnetka: <strong>Nahraniti svet<\/strong> in <strong>Ekstremno \u017eivljenje \u2013<\/strong> <strong>nomadi,<\/strong> povezava: <a href=\"https:\/\/folio.rokus-klett.si\/?credit=GEO7SDZ-2015&amp;pages=122-123\">https:\/\/folio.rokus-klett.si\/?credit=GEO7SDZ-2015&amp;pages=122-123<\/a>,<\/li>\n<\/ul>\n<p>Razmisli o tem, kar si videl.<\/p>\n<ul>\n<li>Oglej si slike v SDZ, str. 122, 123.<\/li>\n<li>V SDZ na 123 preberi prispevek <strong>Pridelava ri\u017ea<\/strong>.<\/li>\n<li>Razmisli, iz katerih dr\u017eav na svetu prihaja najve\u010d tehni\u010dnih izdelkov (televizorji, radii, ra\u010dunalniki &#8230;) in kaj lahko sklepa\u0161 iz tega.<\/li>\n<li>S katerimi problemi se sre\u010duje azijsko gospodarstvo?<\/li>\n<li>Pojasni pojem <strong>mali azijski tigri. <\/strong><\/li>\n<li>V SDZ re\u0161i naloge: 2 na str. 123<\/li>\n<\/ul>\n<p>4 na str. 124<\/p>\n<p>Dokaze o u\u010denju, zapisane odgovore, poslikaj in po\u0161lji najpozneje do naslednjega dne na moj mail.\u00a0 Posku\u0161aj jih oddati \u0161e v spletni u\u010dilnici. Nalogo sku\u0161aj nalo\u017eiti \u0161e v spletni u\u010dilnici na povezavi: <a href=\"https:\/\/ucilnice.arnes.si\/course\/view.php?id=11599\">https:\/\/ucilnice.arnes.si\/course\/view.php?id=11599<\/a> . \u00a0Nalo\u017ei svoj odgovor v <strong>Forum novic (obvestila), (<\/strong>nad 1. poglavjem) in kot <strong>nalogo <\/strong>(v 1. poglavju):Azija \u2013 povzetek. Ti bo uspelo? \u010ce bo\u0161 imel te\u017eave, pi\u0161i.<\/p>\n<p>&nbsp;<\/p>\n<p>Ve\u010d o gospodarstvi v Aziji lahko izve\u0161 na naslednji povezavi: <a href=\"http:\/\/www.o-4os.ce.edus.si\/gradiva\/geo\/azija\/gospodarstvo\/gospodarstvo.html\">http:\/\/www.o-4os.ce.edus.si\/gradiva\/geo\/azija\/gospodarstvo\/gospodarstvo.html<\/a><\/p>\n<p><a href=\"https:\/\/prezi.com\/12d4lhezwxco\/gospodarstvo-azije\/\">https:\/\/prezi.com\/12d4lhezwxco\/gospodarstvo-azije\/<\/a><\/p>\n<p>&nbsp;<\/p>\n<p>Pazi nase in na svoje zdravje.<\/p>\n<p>Lep pozdrav, u\u010diteljica Silva<\/p>\n<p>&nbsp;<\/p>\n<p>&nbsp;<\/p>\n<p><strong>GEOGRAFIJA 7,\u00a0 \u00a06. 4. 2020<\/strong><\/p>\n<p><strong>PREBIVALSTVO AZIJE<\/strong><\/p>\n<p>Pozdravljeni, u\u010denci pri u\u010denju GEO na daljavo. Upam, da ste se \u017ee vsi prijavili v e-u\u010dilnico preko AAI ra\u010duna in gesla. \u010ce ti prijava \u0161e ni uspela, mi pi\u0161i na: <a href=\"m&#97;&#105;&#x6c;&#x74;&#x6f;:&#115;&#105;&#x6c;&#x76;&#x61;&#46;r&#97;&#x6b;&#x75;&#x73;a&#64;&#103;&#117;&#x65;&#x73;&#x74;&#46;&#97;&#114;&#x6e;&#x65;&#x73;&#46;&#115;&#105;-\">silva&#46;ra&#107;&#117;&#115;&#97;&#64;&#103;&#117;&#101;&#115;&#116;&#x2e;&#x61;&#x72;&#x6e;&#x65;&#x73;&#x2e;&#x73;&#x69;<\/a>.<\/p>\n<p>Dana\u0161njo u\u010dno snov najde\u0161 v SDZ, str.114 -118, v SDZ i-rokus na povezavi: <u><a href=\"https:\/\/folio.rokus-klett.si\/?credit=GEO7SDZ-2015&amp;pages=116-117\">https:\/\/folio.rokus-klett.si\/?credit=GEO7SDZ-2015&amp;pages=116-117<\/a>\u00a0\u00a0\u00a0\u00a0\u00a0\u00a0\u00a0\u00a0\u00a0\u00a0\u00a0\u00a0\u00a0\u00a0\u00a0\u00a0\u00a0\u00a0\u00a0\u00a0\u00a0\u00a0\u00a0\u00a0\u00a0\u00a0\u00a0\u00a0\u00a0\u00a0\u00a0\u00a0\u00a0\u00a0\u00a0\u00a0\u00a0\u00a0\u00a0\u00a0\u00a0\u00a0\u00a0\u00a0\u00a0\u00a0\u00a0\u00a0\u00a0\u00a0\u00a0\u00a0\u00a0\u00a0\u00a0\u00a0\u00a0\u00a0\u00a0\u00a0 <\/u><\/p>\n<p>V zvezek napi\u0161i naslov: <strong>PREBIVALSTVO AZIJE<\/strong><\/p>\n<p><strong>Tvoje delo:<\/strong><\/p>\n<ul>\n<li>Preberi besedilo o <strong>nara\u0161\u010danju prebivalstva<\/strong> na str. 114, pod\u010drtaj klju\u010dne besede. V zvezek napi\u0161i 2 povedi.<\/li>\n<li>Preberi besedilo na str. 115 o <strong>na\u010drtovanju dru\u017eine<\/strong> in re\u0161i nalogo 2.<\/li>\n<li>Preberi besedilo o <strong>gostoti poselitve<\/strong> na str. 115. Analiziraj zemljevid gostote poselitve (str. 116). Pojasni gostoto poselitve. Re\u0161i nalogi 3 in 4. \u2013 2 povedi<\/li>\n<li>V SDZ na str. 114 si oglej starostne piramide prebivalstva. Kaj lahko iz nje razbere\u0161?<\/li>\n<li>Na strani 117 preberi besedilo in karto verstev, katera verstva prevladujejo?-zapis<\/li>\n<li>Oglej si kratke filme z razlago (SDZ i-rokus str. 114 \u2013 115: <strong>Spodbujanje rasti prebivalstva na Japonskem, Omejevanje nara\u0161\u010danja prebivalstva v Indiji, Prenaseljenost, Pomen infrastrukture).<\/strong><\/li>\n<li>V zvezku naredi <strong>kratek zapis<\/strong>, obliko zapisa izberi sam.<\/li>\n<\/ul>\n<p>Ve\u010d o Aziji lahko izve\u0161 \u0161e na naslednji povezavi: <a href=\"http:\/\/www.facka.si\/gradiva\/geo\/azija\/\">http:\/\/www.facka.si\/gradiva\/geo\/azija\/<\/a><\/p>\n<p>in v spletni u\u010dilnici: \u00a0<a href=\"https:\/\/ucilnice.arnes.si\/course\/view.php?id=11599\">https:\/\/ucilnice.arnes.si\/course\/view.php?id=11599<\/a><\/p>\n<p>Va\u0161e zapise poslikajte in mi do jutri po\u0161ljite.<\/p>\n<p>Lep pozdrav, u\u010diteljica Silva<\/p>\n<p>&nbsp;<\/p>\n<p><strong>GEOGRAFIJA 7,\u00a0 1. 4. 2020<\/strong><\/p>\n<p><strong>PODNEBJE IN RASTLINSTVO AZIJE<\/strong><\/p>\n<p>Pozdravljeni, u\u010denci pri u\u010denju GEO na daljavo. Kako ste?<\/p>\n<p>Danes je tretja ura samostojnega u\u010denja o Aziji. Osnovne podatke o Aziji \u017ee ima\u0161 zapisane v zvezku in jih bo\u0161 skupaj z dana\u0161njo u\u010dno snovjo poslikal ter poslal meni v pregled. Lahko u\u010dno snov zapisuje\u0161 tudi na ra\u010dunalnik, odpre\u0161 wordov dokument ter mi zapis po\u0161lje\u0161. Uporabi tisti na\u010din, ki je zate la\u017eji. Vsa gradiva za samostojno delo boste na\u0161li v spletni u\u010dilnici za geografijo. Vanjo se prijavi\u0161 preko AAI ra\u010duna in gesla. \u010ce ti bo uspelo, mi pi\u0161i na: <a href=\"&#x6d;&#97;i&#x6c;&#116;o&#x3a;&#115;i&#x6c;&#118;a&#x2e;&#114;a&#x6b;&#117;s&#x61;&#64;g&#x75;&#101;s&#x74;&#46;a&#x72;&#110;e&#x73;&#46;s&#x69;-\">&#115;&#105;&#x6c;v&#97;&#x2e;&#x72;a&#107;&#x75;&#x73;a&#64;&#x67;u&#101;&#x73;&#x74;&#46;&#97;&#x72;&#x6e;e&#115;&#x2e;s&#105;<\/a> .<\/p>\n<p>Do 30. 3. ste oddali predstavitve dr\u017eave. Vpi\u0161i se v e u\u010dilnico. Klju\u010d za geografijo je <strong><em><u>tomaz<\/u><\/em><\/strong> . Poskusi nalo\u017eiti predstavitev \u0161e v spletno u\u010dilnico. Na moj mail po\u0161lji tudi svoj zapis o Aziji. (lega, povr\u0161je, podnebje in rastlinstvo).Naloge po\u0161iljaj sproti. \u010ce ima\u0161 te\u017eave, mi pi\u0161i.<\/p>\n<p>Dana\u0161njo u\u010dno snov najde\u0161 v SDZ, str.110 &#8211; 112. V zvezek napi\u0161i naslov: <strong>PODNEBJE IN RASTLINSTVO AZIJE<\/strong><\/p>\n<p><strong>Tvoje delo: <\/strong><\/p>\n<ul>\n<li>Ob zemljevidu ugotovi, v katere toplotne pasove sega Azija.<\/li>\n<li>Razmisli, kako visoka gorstva vplivajo na podnebje.<\/li>\n<li>V u\u010dbeniku si oglej tematsko karto tipov podnebja.<\/li>\n<li>Oglej si fotografije razli\u010dnih vrst rastlinstva.<\/li>\n<li>Odpri SDZ i-rokus (str. 110 -111) in si oglej videoposnetke: nastanek padavin, tundre in tajge.<\/li>\n<li>Snov zapi\u0161i v zvezek, lahko je to miselni vzorec, preglednica ali povzetek.<\/li>\n<li>V SDZ na str. 112 re\u0161i nalogi 2 in3.<\/li>\n<\/ul>\n<p><em>Zanimivost: na svetu je 14 osemtiso\u010dakov, vsi so v Aziji. Poi\u0161\u010di jih na zemljevidu in poimenuj. Zapi\u0161i jih v zvezek.<\/em><\/p>\n<p><em>\u00a0<\/em><\/p>\n<p>Pazi nase in na svoje zdravje.<\/p>\n<p>Lep pozdrav, u\u010diteljica Silva<\/p>\n<p>&nbsp;<\/p>\n<p>\u0160ola na daljavo Geografija 9 za 1. 4. 2020- klikni na\u00a0<a href=\"http:\/\/ostomaz.splet.arnes.si\/files\/2020\/03\/U\u010denje-na-daljavo-GEO-7-1.-4.-2020-1.docx\">U\u010denje na daljavo GEO 7, 1. 4. 2020 (1)<\/a><\/p>\n<p><strong>GEOGRAFIJA 7,\u00a0 30. 3. 2020<\/strong><\/p>\n<p><strong>POVR\u0160JE AZIJE<\/strong><\/p>\n<p>Pozdravljeni, u\u010denci v drugem tednu u\u010denja na daljavo.<\/p>\n<p>V zvezek si napisal kraj\u0161i povzetek in odgovoril na vpra\u0161anja v SDZ. Kaj\u00a0 si na\u0161el na spletu o prese\u017enikih (najve\u010dji, najvi\u0161ji, najdalj\u0161i\u2026) Azije? Nekaj si jih lahko ogleda\u0161 na slikah v SDZ i-rokus, str.105.\u00a0 Danes bomo nadaljevali z u\u010dno snovjo o zna\u010dilnostih povr\u0161ja Azije. V zvezek si najprej napi\u0161i nov naslov<strong>: Povr\u0161je Azije<\/strong>.<\/p>\n<p><strong>Nameni u\u010denja: <\/strong><\/p>\n<ul>\n<li>na zemljevidu znam pokazati in poimenovati velike naravnogeografske enote Azije in jih med seboj primerjati,<\/li>\n<li>ob pomo\u010di zemljevida opi\u0161em povr\u0161je Azije.<\/li>\n<\/ul>\n<p><strong>Tvoje delo:<\/strong><\/p>\n<ul>\n<li>Potrebuje\u0161 zemljevid Azije (Atlas, zemljevid Svet iz 6. r). \u010ce nima\u0161 ni\u010d od omenjenega uporabi zemljevide Azije v SDZ, str. 102-103 in 104 &#8211; 105).<\/li>\n<li>Preberi besedilo v u\u010dbeniku, str. 106 &#8211; 107.<\/li>\n<li>Ob zemljevidu poka\u017ei polotoke, morja, polotoke, otoke, oto\u010dja, ki obdajajo Azijo.<\/li>\n<li>Ob pomo\u010di zemljevida ugotovi, kak\u0161no je povr\u0161je (npr. gorato, uravnano, raznoliko).<\/li>\n<li>Na karti poi\u0161\u010di uravnana stara gorstva. Razmisli, v \u010dem se razlikujejo od mladih gorovij?<\/li>\n<li>Na zemljevidu poi\u0161\u010di in poimenuj nekaj ve\u010djih rek v Aziji.<\/li>\n<li>Na zemljevidu Azije poi\u0161\u010di nekaj velikih ni\u017eavij, ki so nastala ob njih.<\/li>\n<li>Preberi zapis o pu\u0161\u010davah. Oglej si videoposnetek i-rokus, SDZ 107 \u2013 Kako nastanejo\u00a0 pu\u0161\u010dave?<\/li>\n<li>Obliko <strong>zapisa<\/strong> v zvezek lahko izbere\u0161 sam (miselni vzorec, tabela, po alinejah).<\/li>\n<\/ul>\n<p>Ker so sedaj odprta vsa gradiva, v i-rokusu, re\u0161uj interaktivne naloge. \u00a0V \u00a0SDZ na str. <strong>108 &#8211; 109 \u00a0re\u0161i 1., 2. in 3. nalogo.<\/strong><\/p>\n<p>\u010ce bo\u0161 naletel na te\u017eave, imel kak\u0161no vpra\u0161anje, mi pi\u0161i:<\/p>\n<p><a href=\"&#x6d;&#97;&#105;l&#x74;&#x6f;&#58;s&#x69;&#x6c;&#118;a&#46;&#x72;&#97;&#107;u&#x73;&#x61;&#64;g&#x75;&#x65;&#115;&#116;&#46;&#x61;&#x72;&#110;e&#x73;&#x2e;&#115;i\">&#x73;&#105;l&#x76;&#x61;&#46;r&#x61;&#x6b;&#117;s&#x61;&#x40;&#103;u&#x65;&#x73;&#116;&#46;&#x61;&#114;&#110;e&#x73;&#46;s&#x69;<\/a>.<\/p>\n<p>Poslikaj zapis v \u00a0zvezku ali skeniraj in nato <strong>po\u0161lji.<\/strong> Da te spomnim, oddaja predstavitve dr\u017eav je danes, <strong>30. 3. 2020.<\/strong><\/p>\n<p>Ostani zdrav, enako \u017eelim tvojim najbli\u017ejim. Upam, da se kmalu vidimo.<\/p>\n<p>Lep pozdrav, u\u010diteljica Silva<\/p>\n<p>&nbsp;<\/p>\n<p><strong>GEOGRAFIJA 7, 25. 3. 2020 <\/strong><\/p>\n<p>Lepo pozdravljen pri u\u010denju geografije na daljavo.<\/p>\n<p>Prej\u0161njo uro si nadaljeval s predstavitvijo izbrane dr\u017eave. \u010ce si slu\u010dajno izgubil navodila, se mi javi po e-po\u0161ti. Nadaljuje\u0161 z utrjevanjem znanja pred pisnim ocenjevanjem znanja. V SDZ odgovarja\u0161 na vpra\u0161anja pod rubriko <strong>Ponovi <\/strong>od strani 48 do 99. Odgovore si zapisuj v zvezek, tako kot smo naredili v prvem ocenjevalnem obdobju. Ko se bomo vrnili v \u0161olo, bomo znanje preverili pisno. \u010ce se bo\u0161 uspel povezati z i-rokusom, re\u0161uj interaktivne naloge.<\/p>\n<p>Danes bomo nadaljevali z novo u\u010dno snovjo: <strong>AZIJA<\/strong><\/p>\n<p><strong>Nameni u\u010denja:<\/strong><\/p>\n<ul>\n<li>znam opredeliti lego Azije in jo primerjati z ostalimi celinami,<\/li>\n<li>na zemljevidu znam pokazati meje Azije na severu, jugu, vzhodu in zahodu,<\/li>\n<li>primerjam velikost Azije z ostalimi celinami,<\/li>\n<li>s pomo\u010djo zemljevida znam poimenovati oceane in morja, ki obdajajo Azijo, ve\u010dje polotoke, otoke in zalive.<\/li>\n<\/ul>\n<p><strong>Tvoje delo:<\/strong><\/p>\n<ul>\n<li>Zapi\u0161i naslov v zvezek.<\/li>\n<li>V zvezek napi\u0161i vse, kar \u017ee ve\u0161 o Aziji.<\/li>\n<li>Odpri SDZ na strani 102 in re\u0161i Tole je lahko. Pomagaj si s spletom.<\/li>\n<li>Oglej si fotografije v i-rokusu, ki prikazujejo nekaj prese\u017enikov v Aziji.<\/li>\n<li>Ob pomo\u010di zemljevida v atlasu (ali zemljevida v SDZ) poi\u0161\u010di meje Azije na vzhodu, zahodu, jugu in severu.<\/li>\n<li>Ob zemljevidu dolo\u010di, kje poteka meja z Evropo.<\/li>\n<li>Primerjaj osebno izkaznico Azije z Evropo.<\/li>\n<li>Zapi\u0161i kratek povzetek v zvezek.<\/li>\n<li>Odgovori na vpra\u0161anja pod rubriko ponovi. Odgovore zapi\u0161i v zvezek.<\/li>\n<\/ul>\n<p>Ob pomo\u010di literature in spleta napi\u0161i seznam najmanj treh prese\u017enikov zna\u010dilnih za Azijo.<\/p>\n<p>Pa \u0161e ena naloga, ki je povezana z nedeljo. Verjetno ste tudi pri vas zgodaj zjutraj za\u010dutili potres, ki je imel svoj epicenter v bli\u017eini hrva\u0161kega glavnega mesta.<\/p>\n<p>Na kratko napi\u0161i v zvezek, kako si ti \u010dutil potres.<\/p>\n<p>Vsa gradiva za u\u010denje boste na\u0161li v spletni u\u010dilnici za geografijo, dala pa jih bom tudi na spletno stran \u0161ole. \u010ce boste imeli te\u017eave ali nimate gesla, se obrnite na u\u010ditelja Draga. Klju\u010d za geografijo je tomaz .<\/p>\n<p>Veliko uspeha pri u\u010denju geografije ti \u017eelim.\u00a0 Pazi nase!<\/p>\n<p>Lep pozdrav, u\u010diteljica Silva<\/p>\n<p>&nbsp;<\/p>\n<p><strong>GEOGRAFIJA 7, 23. 3. 2020 <\/strong><\/p>\n<p>Lepo pozdravljen pri u\u010denju geografije.<\/p>\n<p>Po\u0161iljam \u00a0ti navodila za samostojno delo. \u00a0Danes bo\u0161 pri pouku geografije nadaljeval s pripravo predstavitve izbrane dr\u017eave v Aziji. Svojo predstavitev dr\u017eave oblikuj v skladu z danimi navodili za pripravo naloge, ki ste jih dobili. \u010ce bo\u0161 pri delu naletel na te\u017eave, se mi oglasi preko e-po\u0161te: <a href=\"&#x6d;&#97;&#105;l&#x74;&#x6f;&#58;s&#x69;&#x6c;&#118;a&#x2e;&#x72;&#97;k&#x75;&#x73;&#97;&#64;&#x67;&#x75;&#101;s&#x74;&#x2e;&#97;&#114;n&#x65;&#x73;&#46;s&#x69;\">sil&#118;&#97;&#46;&#114;&#x61;&#x6b;&#x75;&#x73;&#x61;&#x40;&#x67;ues&#116;&#46;&#97;&#114;&#110;&#x65;&#x73;&#x2e;&#x73;&#x69;<\/a>. Na moj mail tudi po\u0161lje\u0161 nalogo v pregled, da ti lahko dam povratne informacije. \u010ce si slu\u010dajno \u00a0izgubil navodila, jih lahko najde\u0161 v spletni u\u010dilnici.<\/p>\n<p>\u010ce kdo ni uspel pravo\u010dasno dobiti pisnih virov, knji\u017enice pa so sedaj zaprte, lahko <u>izjemoma<\/u> uporabi samo <u>spletne vire<\/u>. Veliko uspeha pri predstavitvi dr\u017eave ti \u017eelim.<\/p>\n<p>Nalogo bo\u0161 oddal ob koncu tedna, najpozneje do <strong>ponedeljka 30. 3. 2020<\/strong> skupaj z nalogo, ki jo bo\u0161 dobil naslednjo uro, v sredo.<\/p>\n<p>Do naslednje ure dobro preglej SDZ in re\u0161i vse manjkajo\u010de naloge v njem. Ponavljaj za pisno ocenjevanje znanja.<\/p>\n<p>Pazi nase in na svoje najbli\u017eje!<\/p>\n<p>Lep pozdrav, u\u010diteljica Silva<\/p>\n<p>&nbsp;<\/p>\n<p><strong>POUK GEOGRAFIJE NA DALJAVO<\/strong><\/p>\n<p>Pozdravljeni, dragi u\u010denci in star\u0161i!<\/p>\n<p>Obve\u0161\u010dam vas, da bo na\u0161e delo pri geografiji sedaj nekaj \u010dasa potekalo preko spletne u\u010dilnice za geografijo. V spletno u\u010dilnico se boste prijavili preko AAI ra\u010duna. U\u010ditelj Drago vam je dal uporabni\u0161ka imena in gesla preko katerega lahko vstopate v spletno u\u010dilnico.<strong>\u00a0Klju\u010d<\/strong>\u00a0za vse u\u010dence od 6. do 9. razreda pri geografiji je\u00a0<strong>tomaz<\/strong>.<strong>\u00a0<\/strong>V 1. poglavju, \u010disto na vrhu boste na\u0161li napotke za delo pri pouku geografije na daljavo. Na moj mail\u00a0<a href=\"&#x6d;a&#x69;&#108;&#x74;&#111;&#x3a;&#x73;i&#x6c;&#118;&#x61;&#46;&#x72;&#97;k&#x75;&#115;&#x61;&#64;&#x67;&#117;e&#x73;&#116;&#x2e;&#97;&#x72;&#110;e&#x73;&#46;&#x73;&#105;\">silva&#46;rakusa&#64;guest&#46;arnes&#46;&#115;&#105;<\/a>\u00a0boste po\u0161iljali va\u0161e povratne informacije o opravljenem delu doma, lahko se mi oglasite, \u010de boste imeli \u00a0te\u017eave pri prijavi.<\/p>\n<p>Pazite na svoje zdravje!<\/p>\n<p>Lep pozdrav od u\u010diteljice Silva Raku\u0161a<\/p>\n","protected":false},"excerpt":{"rendered":"<p>&nbsp; GEOGRAFIJA 7, 1. 6. [&hellip;]<\/p>\n","protected":false},"author":735,"featured_media":0,"parent":0,"menu_order":0,"comment_status":"closed","ping_status":"closed","template":"","meta":{"ngg_post_thumbnail":0,"footnotes":""},"class_list":["post-11425","page","type-page","status-publish","hentry"],"_links":{"self":[{"href":"https:\/\/ostomaz.si\/index.php?rest_route=\/wp\/v2\/pages\/11425","targetHints":{"allow":["GET"]}}],"collection":[{"href":"https:\/\/ostomaz.si\/index.php?rest_route=\/wp\/v2\/pages"}],"about":[{"href":"https:\/\/ostomaz.si\/index.php?rest_route=\/wp\/v2\/types\/page"}],"author":[{"embeddable":true,"href":"https:\/\/ostomaz.si\/index.php?rest_route=\/wp\/v2\/users\/735"}],"replies":[{"embeddable":true,"href":"https:\/\/ostomaz.si\/index.php?rest_route=%2Fwp%2Fv2%2Fcomments&post=11425"}],"version-history":[{"count":35,"href":"https:\/\/ostomaz.si\/index.php?rest_route=\/wp\/v2\/pages\/11425\/revisions"}],"predecessor-version":[{"id":14193,"href":"https:\/\/ostomaz.si\/index.php?rest_route=\/wp\/v2\/pages\/11425\/revisions\/14193"}],"wp:attachment":[{"href":"https:\/\/ostomaz.si\/index.php?rest_route=%2Fwp%2Fv2%2Fmedia&parent=11425"}],"curies":[{"name":"wp","href":"https:\/\/api.w.org\/{rel}","templated":true}]}}