{"id":10749,"date":"2020-03-22T13:14:09","date_gmt":"2020-03-22T12:14:09","guid":{"rendered":"http:\/\/ostomaz.splet.arnes.si\/?page_id=10749"},"modified":"2020-03-27T07:33:56","modified_gmt":"2020-03-27T06:33:56","slug":"4-razred-scratch","status":"publish","type":"page","link":"https:\/\/ostomaz.si\/?page_id=10749","title":{"rendered":"4. razred- Scratch"},"content":{"rendered":"<p>Pozdravljeni u\u010denci,<\/p>\n<p>tudi pri <strong>Neobveznem izbirnem predmetu ra\u010dunalni\u0161tvo<\/strong> bomo delali na daljavo. Program <strong>Scratch<\/strong> imamo na spletu, tako da to ne bo ovira, oziroma smo \u017ee v \u0161oli delali na ta na\u010din. Delali bomo preko spletne u\u010dilnice. Spletna u\u010dilnica omogo\u010da vstop\u00a0 gosta, tako da se ne rabi\u0161 prijavljati. Komunicirali bomo preko elektronske po\u0161te. Sam si prejel\u00a0 uporabni\u0161ko ime in geslo od Arnesa za elektronsko po\u0161to. \u010ce si ga slu\u010dajno pozabil, mi naj star\u0161i javijo na elektronski naslov <a href=\"&#109;&#x61;i&#108;&#x74;o&#58;&#x64;r&#97;&#x67;o&#46;&#x73;l&#97;&#x76;i&#110;&#x65;c&#64;&#x6f;s&#116;&#x6f;m&#97;&#x7a;&#46;&#115;&#x69;\">&#x64;&#x72;&#x61;&#103;&#111;&#46;s&#x6c;&#x61;&#x76;&#x69;&#110;&#101;c&#64;&#x6f;&#x73;&#x74;&#111;&#109;&#97;z&#46;&#x73;&#x69;<\/a>\u00a0. Predlagam, da delo opravi\u0161 v \u010dasu urnika, to je v petek 6. uro. Takrat bom tudi sam prisoten v spletni u\u010dilnici, ter lahko v forumu zahteva\u0161 pomo\u010d. Pomagal ti bom na daljavo. V spletno u\u010dilnico preide\u0161 tako, da klikne\u0161 na <a href=\"https:\/\/ucilnice.arnes.si\/course\/view.php?id=19649\" target=\"_blank\">Spletna u\u010dilnica<\/a>, ali gre\u0161 na spletni strani \u0161ole na naslovu <a href=\"http:\/\/www.ostomaz.si\">www.ostomaz.si\u00a0<\/a>, izbere\u0161 meni <strong>\u0160ola na daljavo<\/strong>, izberi meni <strong>Neobvezni izbirni predmet ra\u010dunalni\u0161tvo<\/strong>, ter izberi meni <strong>4. razred Scratch<\/strong><\/p>\n<p>U\u010ditelj Drago<\/p>\n","protected":false},"excerpt":{"rendered":"<p>Pozdravljeni u\u010denci, tudi pri Neobveznem [&hellip;]<\/p>\n","protected":false},"author":735,"featured_media":11925,"parent":0,"menu_order":6,"comment_status":"closed","ping_status":"closed","template":"","meta":{"ngg_post_thumbnail":0,"footnotes":""},"class_list":["post-10749","page","type-page","status-publish","has-post-thumbnail","hentry"],"_links":{"self":[{"href":"https:\/\/ostomaz.si\/index.php?rest_route=\/wp\/v2\/pages\/10749","targetHints":{"allow":["GET"]}}],"collection":[{"href":"https:\/\/ostomaz.si\/index.php?rest_route=\/wp\/v2\/pages"}],"about":[{"href":"https:\/\/ostomaz.si\/index.php?rest_route=\/wp\/v2\/types\/page"}],"author":[{"embeddable":true,"href":"https:\/\/ostomaz.si\/index.php?rest_route=\/wp\/v2\/users\/735"}],"replies":[{"embeddable":true,"href":"https:\/\/ostomaz.si\/index.php?rest_route=%2Fwp%2Fv2%2Fcomments&post=10749"}],"version-history":[{"count":5,"href":"https:\/\/ostomaz.si\/index.php?rest_route=\/wp\/v2\/pages\/10749\/revisions"}],"predecessor-version":[{"id":11947,"href":"https:\/\/ostomaz.si\/index.php?rest_route=\/wp\/v2\/pages\/10749\/revisions\/11947"}],"wp:featuredmedia":[{"embeddable":true,"href":"https:\/\/ostomaz.si\/index.php?rest_route=\/wp\/v2\/media\/11925"}],"wp:attachment":[{"href":"https:\/\/ostomaz.si\/index.php?rest_route=%2Fwp%2Fv2%2Fmedia&parent=10749"}],"curies":[{"name":"wp","href":"https:\/\/api.w.org\/{rel}","templated":true}]}}