{"id":10667,"date":"2020-03-22T12:36:12","date_gmt":"2020-03-22T11:36:12","guid":{"rendered":"http:\/\/ostomaz.splet.arnes.si\/?page_id=10667"},"modified":"2020-03-23T08:28:12","modified_gmt":"2020-03-23T07:28:12","slug":"glasbena-umetnost-7","status":"publish","type":"page","link":"https:\/\/ostomaz.si\/?page_id=10667","title":{"rendered":"Glasbena umetnost 7"},"content":{"rendered":"<p>Pozdravljeni u\u010denci.<\/p>\n<p>Upam, da ste zdravi in da ste si v prej\u0161njem tednu malo spo\u010dili od \u0161olskega dela ter na soncu nabrali novih mo\u010di. V tem tednu pa za\u010denjamo z novi izzivi \u2013 pouk na daljavo.<\/p>\n<p>Navodila za delo dobite na spletnih u\u010dilnicah pod zavihkom Glasbena umetnost.<\/p>\n<p>Prijavite se z AAI uporabni\u0161kim imenom in geslom.<\/p>\n<p>Za SAMOVPIS\u00a0 \u2013 UDELE\u017dENEC potrebuje\u0161 klju\u010d, ki je za spletno u\u010dilnico Glasba 7: <strong>pevec<\/strong><\/p>\n<p>Za vse informacije, razlage, nejasnosti ali pogovor pi\u0161i na <a href=\"&#x6d;&#x61;&#105;l&#x74;&#x6f;&#x3a;&#97;l&#x65;&#x6b;&#x73;&#97;n&#x64;&#x72;&#x61;&#46;k&#x65;&#x6c;&#x65;&#109;i&#x6e;&#x61;&#x2d;&#112;l&#x65;&#x6d;&#x65;&#110;i&#x63;&#x40;&#x67;&#117;e&#x73;&#x74;&#x2e;&#97;r&#x6e;&#x65;&#x73;&#46;s&#x69;\">ale&#107;&#115;&#97;&#110;&#x64;&#x72;&#x61;&#x2e;&#x6b;&#x65;&#x6c;emi&#110;&#97;&#45;&#112;&#108;&#x65;&#x6d;&#x65;&#x6e;&#x69;&#x63;&#64;gue&#115;&#116;&#46;&#97;&#x72;&#x6e;&#x65;&#x73;&#x2e;&#x73;i<\/a><\/p>\n<p>Ne pozabite: Naj bo glasba na\u0161e zdravilo!<\/p>\n<p>U\u010diteljica Aleksandra<\/p>\n","protected":false},"excerpt":{"rendered":"<p>Pozdravljeni u\u010denci. Upam, da ste [&hellip;]<\/p>\n","protected":false},"author":735,"featured_media":11315,"parent":0,"menu_order":0,"comment_status":"closed","ping_status":"closed","template":"","meta":{"ngg_post_thumbnail":0,"footnotes":""},"class_list":["post-10667","page","type-page","status-publish","has-post-thumbnail","hentry"],"_links":{"self":[{"href":"https:\/\/ostomaz.si\/index.php?rest_route=\/wp\/v2\/pages\/10667","targetHints":{"allow":["GET"]}}],"collection":[{"href":"https:\/\/ostomaz.si\/index.php?rest_route=\/wp\/v2\/pages"}],"about":[{"href":"https:\/\/ostomaz.si\/index.php?rest_route=\/wp\/v2\/types\/page"}],"author":[{"embeddable":true,"href":"https:\/\/ostomaz.si\/index.php?rest_route=\/wp\/v2\/users\/735"}],"replies":[{"embeddable":true,"href":"https:\/\/ostomaz.si\/index.php?rest_route=%2Fwp%2Fv2%2Fcomments&post=10667"}],"version-history":[{"count":2,"href":"https:\/\/ostomaz.si\/index.php?rest_route=\/wp\/v2\/pages\/10667\/revisions"}],"predecessor-version":[{"id":11329,"href":"https:\/\/ostomaz.si\/index.php?rest_route=\/wp\/v2\/pages\/10667\/revisions\/11329"}],"wp:featuredmedia":[{"embeddable":true,"href":"https:\/\/ostomaz.si\/index.php?rest_route=\/wp\/v2\/media\/11315"}],"wp:attachment":[{"href":"https:\/\/ostomaz.si\/index.php?rest_route=%2Fwp%2Fv2%2Fmedia&parent=10667"}],"curies":[{"name":"wp","href":"https:\/\/api.w.org\/{rel}","templated":true}]}}