{"id":10659,"date":"2020-03-22T12:35:55","date_gmt":"2020-03-22T11:35:55","guid":{"rendered":"http:\/\/ostomaz.splet.arnes.si\/?page_id=10659"},"modified":"2020-03-23T08:25:26","modified_gmt":"2020-03-23T07:25:26","slug":"glasbena-umetnost-6","status":"publish","type":"page","link":"https:\/\/ostomaz.si\/?page_id=10659","title":{"rendered":"Glasbena umetnost 6"},"content":{"rendered":"<p>Pozdravljeni u\u010denci.<\/p>\n<p>Upam, da ste zdravi in da ste si v prej\u0161njem tednu malo spo\u010dili od \u0161olskega dela ter na soncu nabrali novih mo\u010di. V tem tednu pa za\u010denjamo z novi izzivi \u2013 pouk na daljavo.<\/p>\n<p>Navodila za delo dobite na spletnih u\u010dilnicah pod zavihkom Glasbena umetnost.<\/p>\n<p>Prijavite se z AAI uporabni\u0161kim imenom in geslom.<\/p>\n<p>Za SAMOVPIS\u00a0 \u2013 UDELE\u017dENEC potrebuje\u0161 klju\u010d, ki je za spletno u\u010dilnico Glasba 6: <strong>pevec<\/strong><\/p>\n<p>Za vse informacije, razlage, nejasnosti ali pogovor pi\u0161i na <a href=\"&#x6d;&#97;&#x69;&#x6c;&#116;&#x6f;&#58;a&#x6c;&#101;k&#x73;&#97;n&#x64;&#114;a&#x2e;&#107;&#x65;&#x6c;&#101;&#x6d;&#x69;&#110;&#x61;&#45;p&#x6c;&#101;m&#x65;&#110;i&#x63;&#64;g&#x75;&#101;&#x73;&#x74;&#46;&#x61;&#x72;&#110;&#x65;&#115;&#46;&#x73;&#105;\">&#x61;&#108;e&#x6b;&#115;&#97;&#x6e;&#x64;&#114;a&#x2e;&#107;e&#x6c;&#x65;&#109;i&#x6e;&#97;-&#x70;&#x6c;&#101;m&#x65;&#110;i&#x63;&#x40;&#103;u&#x65;&#115;t&#x2e;&#x61;&#114;&#x6e;&#x65;&#115;&#46;&#x73;&#105;<\/a><\/p>\n<p>Ne pozabite: Naj bo glasba na\u0161e zdravilo!<\/p>\n<p>U\u010diteljica Aleksandra<\/p>\n","protected":false},"excerpt":{"rendered":"<p>Pozdravljeni u\u010denci. Upam, da ste [&hellip;]<\/p>\n","protected":false},"author":735,"featured_media":11315,"parent":0,"menu_order":0,"comment_status":"closed","ping_status":"closed","template":"","meta":{"ngg_post_thumbnail":0,"footnotes":""},"class_list":["post-10659","page","type-page","status-publish","has-post-thumbnail","hentry"],"_links":{"self":[{"href":"https:\/\/ostomaz.si\/index.php?rest_route=\/wp\/v2\/pages\/10659","targetHints":{"allow":["GET"]}}],"collection":[{"href":"https:\/\/ostomaz.si\/index.php?rest_route=\/wp\/v2\/pages"}],"about":[{"href":"https:\/\/ostomaz.si\/index.php?rest_route=\/wp\/v2\/types\/page"}],"author":[{"embeddable":true,"href":"https:\/\/ostomaz.si\/index.php?rest_route=\/wp\/v2\/users\/735"}],"replies":[{"embeddable":true,"href":"https:\/\/ostomaz.si\/index.php?rest_route=%2Fwp%2Fv2%2Fcomments&post=10659"}],"version-history":[{"count":3,"href":"https:\/\/ostomaz.si\/index.php?rest_route=\/wp\/v2\/pages\/10659\/revisions"}],"predecessor-version":[{"id":11323,"href":"https:\/\/ostomaz.si\/index.php?rest_route=\/wp\/v2\/pages\/10659\/revisions\/11323"}],"wp:featuredmedia":[{"embeddable":true,"href":"https:\/\/ostomaz.si\/index.php?rest_route=\/wp\/v2\/media\/11315"}],"wp:attachment":[{"href":"https:\/\/ostomaz.si\/index.php?rest_route=%2Fwp%2Fv2%2Fmedia&parent=10659"}],"curies":[{"name":"wp","href":"https:\/\/api.w.org\/{rel}","templated":true}]}}