{"id":10553,"date":"2020-03-22T12:14:43","date_gmt":"2020-03-22T11:14:43","guid":{"rendered":"http:\/\/ostomaz.splet.arnes.si\/?page_id=10553"},"modified":"2020-03-22T16:45:09","modified_gmt":"2020-03-22T15:45:09","slug":"slovenscina-9","status":"publish","type":"page","link":"https:\/\/ostomaz.si\/?page_id=10553","title":{"rendered":"Sloven\u0161\u010dina 9"},"content":{"rendered":"<p>Pozdravljeni!<\/p>\n<p>&nbsp;<\/p>\n<p>Pri sloven\u0161\u010dini bomo uporabljali spletne u\u010dilnice, ki so na tej povezavi.<\/p>\n<p>Za prijavo va\u0161 u\u010denec potrebuje AAI uporabni\u0161ko ime in geslo, ki so ga dobili pri u\u010ditelju Dragu. \u010ce tega nima, mi to sporo\u010dite na t&#97;&#110;&#x6a;&#x61;&#46;m&#105;&#107;&#x73;&#x61;&#64;g&#117;&#101;&#x73;&#x74;&#46;a&#114;&#x6e;&#x65;&#x73;&#46;&#115;&#105;.<\/p>\n<p>Za SAMOVPIS\u00a0 \u2013 UDELE\u017dENEC potrebuje tudi klju\u010d, ki je za spletno u\u010dilnico pri sloven\u0161\u010dini, in sicer <strong>france<\/strong>.<\/p>\n<p>Navodila za delo bom pripravljala tedensko.<\/p>\n<p>Navodila bodo zapisana v Word-ovem dokumentu. V primeru, da naletite na te\u017eave, se lahko obrnete name in tudi posredujete izdelane naloge oz. dokaze o znanju in delu na moj mail. Lahko pa po\u0161ljete vpra\u0161anje preko tega foruma, da bodo videli vsi so\u0161olci, morda ima \u0161e kdo enako vpra\u0161anje in mu hitro odgovorimo. \ud83d\ude42<\/p>\n<p>Verjamem, da boste k delu pristopili odgovorno in si izdelali urnik, po katerem boste delali sproti. Pomembno je, da se zavedamo, da nismo na po\u010ditnicah, temve\u010d se u\u010dimo na daljavo.<\/p>\n<p>\u017delim vam uspe\u0161no delo, veliko zdravja, pazite zase in ostanite doma.<\/p>\n<p>u\u010diteljica Tanja<\/p>\n","protected":false},"excerpt":{"rendered":"<p>Pozdravljeni! &nbsp; Pri sloven\u0161\u010dini bomo [&hellip;]<\/p>\n","protected":false},"author":735,"featured_media":0,"parent":0,"menu_order":0,"comment_status":"closed","ping_status":"closed","template":"","meta":{"ngg_post_thumbnail":0,"footnotes":""},"class_list":["post-10553","page","type-page","status-publish","hentry"],"_links":{"self":[{"href":"https:\/\/ostomaz.si\/index.php?rest_route=\/wp\/v2\/pages\/10553","targetHints":{"allow":["GET"]}}],"collection":[{"href":"https:\/\/ostomaz.si\/index.php?rest_route=\/wp\/v2\/pages"}],"about":[{"href":"https:\/\/ostomaz.si\/index.php?rest_route=\/wp\/v2\/types\/page"}],"author":[{"embeddable":true,"href":"https:\/\/ostomaz.si\/index.php?rest_route=\/wp\/v2\/users\/735"}],"replies":[{"embeddable":true,"href":"https:\/\/ostomaz.si\/index.php?rest_route=%2Fwp%2Fv2%2Fcomments&post=10553"}],"version-history":[{"count":2,"href":"https:\/\/ostomaz.si\/index.php?rest_route=\/wp\/v2\/pages\/10553\/revisions"}],"predecessor-version":[{"id":10919,"href":"https:\/\/ostomaz.si\/index.php?rest_route=\/wp\/v2\/pages\/10553\/revisions\/10919"}],"wp:attachment":[{"href":"https:\/\/ostomaz.si\/index.php?rest_route=%2Fwp%2Fv2%2Fmedia&parent=10553"}],"curies":[{"name":"wp","href":"https:\/\/api.w.org\/{rel}","templated":true}]}}