{"id":10423,"date":"2020-03-22T07:40:11","date_gmt":"2020-03-22T06:40:11","guid":{"rendered":"http:\/\/ostomaz.splet.arnes.si\/?page_id=10423"},"modified":"2020-04-19T18:38:23","modified_gmt":"2020-04-19T16:38:23","slug":"organizmi-v-naravnem-in-umetnem-okolju","status":"publish","type":"page","link":"https:\/\/ostomaz.si\/?page_id=10423","title":{"rendered":"Organizmi v naravnem in umetnem okolju"},"content":{"rendered":"<p>Spo\u0161tovani star\u0161i in u\u010denci!<\/p>\n<p>Tudi pouk\u00a0izbirnega predmeta ORGANIZMI V NARAVNEM IN UMETNEM OKOLJU\u00a0se za nekaj \u010dasa seli v\u00a0<a href=\"https:\/\/ucilnice.arnes.si\/course\/index.php?categoryid=2379\">spletne u\u010dilnice<\/a>.\u00a0Navodila za delo dobite tam.<\/p>\n<p>Za vstop v u\u010dilnico potrebujete klju\u010d, ki je\u00a0<strong>narava.<\/strong><\/p>\n<p>&nbsp;<\/p>\n<p>Za vse ostale informacije sem dostopna na elektronskem &#x6e;&#97;s&#x6c;&#111;&#118;&#x75;\u00a0b&#x61;&#114;b&#x61;&#x72;&#97;c&#x6f;&#108;n&#x61;&#x72;&#105;c&#x40;&#103;m&#x61;&#x69;&#108;&#46;&#x63;&#111;m.<\/p>\n<p>Vse dobro.<\/p>\n<p>U\u010diteljica Barbara<\/p>\n","protected":false},"excerpt":{"rendered":"<p>Spo\u0161tovani star\u0161i in u\u010denci! Tudi [&hellip;]<\/p>\n","protected":false},"author":735,"featured_media":11207,"parent":0,"menu_order":0,"comment_status":"closed","ping_status":"closed","template":"","meta":{"ngg_post_thumbnail":0,"footnotes":""},"class_list":["post-10423","page","type-page","status-publish","has-post-thumbnail","hentry"],"_links":{"self":[{"href":"https:\/\/ostomaz.si\/index.php?rest_route=\/wp\/v2\/pages\/10423","targetHints":{"allow":["GET"]}}],"collection":[{"href":"https:\/\/ostomaz.si\/index.php?rest_route=\/wp\/v2\/pages"}],"about":[{"href":"https:\/\/ostomaz.si\/index.php?rest_route=\/wp\/v2\/types\/page"}],"author":[{"embeddable":true,"href":"https:\/\/ostomaz.si\/index.php?rest_route=\/wp\/v2\/users\/735"}],"replies":[{"embeddable":true,"href":"https:\/\/ostomaz.si\/index.php?rest_route=%2Fwp%2Fv2%2Fcomments&post=10423"}],"version-history":[{"count":6,"href":"https:\/\/ostomaz.si\/index.php?rest_route=\/wp\/v2\/pages\/10423\/revisions"}],"predecessor-version":[{"id":13179,"href":"https:\/\/ostomaz.si\/index.php?rest_route=\/wp\/v2\/pages\/10423\/revisions\/13179"}],"wp:featuredmedia":[{"embeddable":true,"href":"https:\/\/ostomaz.si\/index.php?rest_route=\/wp\/v2\/media\/11207"}],"wp:attachment":[{"href":"https:\/\/ostomaz.si\/index.php?rest_route=%2Fwp%2Fv2%2Fmedia&parent=10423"}],"curies":[{"name":"wp","href":"https:\/\/api.w.org\/{rel}","templated":true}]}}